{"id":2025,"date":"2025-10-09T10:05:43","date_gmt":"2025-10-09T08:05:43","guid":{"rendered":"https:\/\/www.diukoptyk.pl\/?post_type=product&#038;p=2025"},"modified":"2026-03-03T14:54:51","modified_gmt":"2026-03-03T13:54:51","slug":"akoni-eris-black-palladium","status":"publish","type":"product","link":"https:\/\/markoweokulary.pl\/pl\/produkt\/akoni-eris-black-palladium\/","title":{"rendered":"Akoni ERIS | BLACK PALLADIUM"},"content":{"rendered":"<p><strong data-start=\"1412\" data-end=\"1425\">Dla kogo?<\/strong><br data-start=\"1425\" data-end=\"1428\" \/><strong data-start=\"1428\" data-end=\"1473\">Akoni Eris | Black Palladium \/ Matte Navy<\/strong> to model dla koneser\u00f3w wsp\u00f3\u0142czesnej formy i perfekcyjnego rzemios\u0142a. Dla tych, kt\u00f3rzy ceni\u0105 geometri\u0119, r\u00f3wnowag\u0119 i pi\u0119kno w czystej postaci \u2013 elegancj\u0119 zakl\u0119t\u0105 w powt\u00f3rzeniu, \u015bwiat\u0142o w metalu i si\u0142\u0119 w lekko\u015bci.<\/p>\n","protected":false},"excerpt":{"rendered":"<h3 data-start=\"207\" data-end=\"260\">Akoni \u2013 <strong data-start=\"219\" data-end=\"258\">Eris | Black Palladium \/ Matte Navy<\/strong><\/h3>\n<p data-start=\"262\" data-end=\"683\"><strong data-start=\"262\" data-end=\"297\">Architektura \u015bwiat\u0142a i precyzji<\/strong><br data-start=\"297\" data-end=\"300\" \/>Model <strong data-start=\"306\" data-end=\"314\">Eris<\/strong> to prawdziwy manifest nowoczesnego designu \u2013 odwa\u017cny, ultralekki i hipnotyzuj\u0105co precyzyjny. Oprawa opiera si\u0119 na innowacyjnym, wsp\u00f3\u0142osiowym po\u0142\u0105czeniu dw\u00f3ch tytanowych konstrukcji, tworz\u0105c efekt subtelnej gry powt\u00f3rze\u0144 i \u015bwiat\u0142a. Lekko\u015b\u0107 spotyka si\u0119 tu z si\u0142\u0105 \u2013 dzi\u0119ki wykorzystaniu najwy\u017cszej jako\u015bci japo\u0144skiego tytanu, znanego z wyj\u0105tkowej trwa\u0142o\u015bci i elegancji.<\/p>\n<p data-start=\"685\" data-end=\"706\"><strong data-start=\"685\" data-end=\"704\">Detale i design<\/strong><\/p>\n<ul data-start=\"707\" data-end=\"1410\">\n<li data-start=\"707\" data-end=\"810\">\n<p data-start=\"709\" data-end=\"810\">Konstrukcja: podw\u00f3jna rama z tytanu \u2013 wsp\u00f3\u0142osiowa, architektonicznie zr\u00f3wnowa\u017cona i niezwykle lekka<\/p>\n<\/li>\n<li data-start=\"811\" data-end=\"911\">\n<p data-start=\"813\" data-end=\"911\">Kolor: <strong data-start=\"820\" data-end=\"852\">Black Palladium \/ Matte Navy<\/strong> \u2013 kontrastowa kombinacja o g\u0142\u0119bokim, metalicznym wyrazie<\/p>\n<\/li>\n<li data-start=\"912\" data-end=\"1011\">\n<p data-start=\"914\" data-end=\"1011\">Boczny panel: perforowany wz\u00f3r z okr\u0119g\u00f3w, inspirowany logo Akoni i ide\u0105 rytmicznego powt\u00f3rzenia<\/p>\n<\/li>\n<li data-start=\"1012\" data-end=\"1098\">\n<p data-start=\"1014\" data-end=\"1098\">Zauszniki: tytanowe, z \u017c\u0142obionym cylindrycznym profilem (<em data-start=\"1071\" data-end=\"1095\">fluted round component<\/em>)<\/p>\n<\/li>\n<li data-start=\"1099\" data-end=\"1197\">\n<p data-start=\"1101\" data-end=\"1197\">Noski: ceramiczne z elastycznymi ramionami z <em data-start=\"1146\" data-end=\"1161\">beta titanium<\/em> \u2013 gwarancja maksymalnego komfortu<\/p>\n<\/li>\n<li data-start=\"1198\" data-end=\"1295\">\n<p data-start=\"1200\" data-end=\"1295\">Soczewki: <strong data-start=\"1210\" data-end=\"1239\">Dark Grey \/ Silver Mirror<\/strong>, CR-39 z pow\u0142ok\u0105 antyrefleksyjn\u0105 i wysokim kontrastem<\/p>\n<\/li>\n<li data-start=\"1296\" data-end=\"1325\">\n<p data-start=\"1298\" data-end=\"1325\">Rozmiar: 46 \/ 22 \u2013 140 mm<\/p>\n<\/li>\n<li data-start=\"1326\" data-end=\"1348\">\n<p data-start=\"1328\" data-end=\"1348\">Waga: jedynie 30 g<\/p>\n<\/li>\n<li data-start=\"1349\" data-end=\"1410\">\n<p data-start=\"1351\" data-end=\"1410\">Kraj pochodzenia: Japonia \u2013 mistrzostwo precyzji i detalu<\/p>\n<\/li>\n<\/ul>\n","protected":false},"featured_media":2026,"template":"","meta":{"_acf_changed":false},"product_brand":[341],"product_cat":[30],"product_tag":[],"model":[],"class_list":{"0":"post-2025","1":"product","2":"type-product","3":"status-publish","4":"has-post-thumbnail","6":"product_brand-akoni","7":"product_cat-okulary-przeciwsloneczne","9":"first","10":"instock","11":"sale","12":"taxable","13":"shipping-taxable","14":"purchasable","15":"product-type-simple"},"acf":[],"aioseo_notices":[],"_links":{"self":[{"href":"https:\/\/markoweokulary.pl\/pl\/wp-json\/wp\/v2\/product\/2025","targetHints":{"allow":["GET"]}}],"collection":[{"href":"https:\/\/markoweokulary.pl\/pl\/wp-json\/wp\/v2\/product"}],"about":[{"href":"https:\/\/markoweokulary.pl\/pl\/wp-json\/wp\/v2\/types\/product"}],"version-history":[{"count":1,"href":"https:\/\/markoweokulary.pl\/pl\/wp-json\/wp\/v2\/product\/2025\/revisions"}],"predecessor-version":[{"id":5924,"href":"https:\/\/markoweokulary.pl\/pl\/wp-json\/wp\/v2\/product\/2025\/revisions\/5924"}],"wp:featuredmedia":[{"embeddable":true,"href":"https:\/\/markoweokulary.pl\/pl\/wp-json\/wp\/v2\/media\/2026"}],"wp:attachment":[{"href":"https:\/\/markoweokulary.pl\/pl\/wp-json\/wp\/v2\/media?parent=2025"}],"wp:term":[{"taxonomy":"product_brand","embeddable":true,"href":"https:\/\/markoweokulary.pl\/pl\/wp-json\/wp\/v2\/product_brand?post=2025"},{"taxonomy":"product_cat","embeddable":true,"href":"https:\/\/markoweokulary.pl\/pl\/wp-json\/wp\/v2\/product_cat?post=2025"},{"taxonomy":"product_tag","embeddable":true,"href":"https:\/\/markoweokulary.pl\/pl\/wp-json\/wp\/v2\/product_tag?post=2025"},{"taxonomy":"model","embeddable":true,"href":"https:\/\/markoweokulary.pl\/pl\/wp-json\/wp\/v2\/model?post=2025"}],"curies":[{"name":"wp","href":"https:\/\/api.w.org\/{rel}","templated":true}]}}