{"id":2012,"date":"2025-10-09T09:41:54","date_gmt":"2025-10-09T07:41:54","guid":{"rendered":"https:\/\/www.diukoptyk.pl\/?post_type=product&#038;p=2012"},"modified":"2026-03-03T14:54:51","modified_gmt":"2026-03-03T13:54:51","slug":"akoni-cosmo-dark-grey","status":"publish","type":"product","link":"https:\/\/markoweokulary.pl\/pl\/produkt\/akoni-cosmo-dark-grey\/","title":{"rendered":"Akoni COSMO | DARK GREY"},"content":{"rendered":"<p><strong data-start=\"1497\" data-end=\"1510\">Dla kogo?<\/strong><br data-start=\"1510\" data-end=\"1513\" \/><strong data-start=\"1513\" data-end=\"1564\">Akoni Cosmo Dark Grey Crystal \/ Black Palladium<\/strong> to oprawa dla os\u00f3b, kt\u00f3re \u0142\u0105cz\u0105 si\u0142\u0119 charakteru z wyrafinowanym smakiem. Dla indywidualist\u00f3w o pewnym spojrzeniu \u2013 \u015bwiadomych jako\u015bci, detalu i luksusu, kt\u00f3ry wyra\u017ca si\u0119 w formie, nie w s\u0142owach.<\/p>\n","protected":false},"excerpt":{"rendered":"<h3 data-start=\"170\" data-end=\"229\">Akoni \u2013 <strong data-start=\"182\" data-end=\"227\">Cosmo Dark Grey Crystal \/ Black Palladium<\/strong><\/h3>\n<p data-start=\"231\" data-end=\"591\"><strong data-start=\"231\" data-end=\"270\">Nowoczesna si\u0142a w klasycznej formie<\/strong><br data-start=\"270\" data-end=\"273\" \/>Model <strong data-start=\"279\" data-end=\"288\">Cosmo<\/strong> to imponuj\u0105ca reinterpretacja klasycznej oprawy typu <em data-start=\"342\" data-end=\"354\">Wellington<\/em>, stworzona dla os\u00f3b o silnej osobowo\u015bci i wyrafinowanym gu\u015bcie. Jej wyrazista, architektoniczna sylwetka podkre\u015bla pewno\u015b\u0107 siebie, podczas gdy mistrzowskie wykonanie w japo\u0144skich pracowniach Akoni \u0142\u0105czy precyzj\u0119 z rzemie\u015blnicz\u0105 dusz\u0105.<\/p>\n<p data-start=\"593\" data-end=\"614\"><strong data-start=\"593\" data-end=\"612\">Detale i design<\/strong><\/p>\n<ul data-start=\"615\" data-end=\"1495\">\n<li data-start=\"615\" data-end=\"733\">\n<p data-start=\"617\" data-end=\"733\">Kszta\u0142t: klasyczny <em data-start=\"636\" data-end=\"648\">Wellington<\/em> o nowoczesnym profilu z wyra\u017anie zaznaczon\u0105 pionowo\u015bci\u0105 i masywn\u0105 lini\u0105 zausznik\u00f3w<\/p>\n<\/li>\n<li data-start=\"734\" data-end=\"843\">\n<p data-start=\"736\" data-end=\"843\">Materia\u0142y: po\u0142\u0105czenie najwy\u017cszej jako\u015bci japo\u0144skiego acetatu i tytanu \u2013 dw\u00f3ch znak\u00f3w rozpoznawczych Akoni<\/p>\n<\/li>\n<li data-start=\"844\" data-end=\"935\">\n<p data-start=\"846\" data-end=\"935\">Kolor: p\u00f3\u0142przezroczysty <strong data-start=\"870\" data-end=\"891\">Dark Grey Crystal<\/strong> z detalami w odcieniu <strong data-start=\"914\" data-end=\"933\">Black Palladium<\/strong><\/p>\n<\/li>\n<li data-start=\"936\" data-end=\"1045\">\n<p data-start=\"938\" data-end=\"1045\">Zauszniki: laminowany japo\u0144ski acetat z widocznym, tytanowym rdzeniem i ozdobnymi ko\u0144c\u00f3wkami z logo Akoni<\/p>\n<\/li>\n<li data-start=\"1046\" data-end=\"1155\">\n<p data-start=\"1048\" data-end=\"1155\">Zawiasy: tytanowe, z niestandardow\u0105 p\u0142ytk\u0105 i systemem \u015brub <em data-start=\"1107\" data-end=\"1128\">threaded tube screw<\/em> dla maksymalnej precyzji<\/p>\n<\/li>\n<li data-start=\"1156\" data-end=\"1276\">\n<p data-start=\"1158\" data-end=\"1276\">Soczewki: <strong data-start=\"1168\" data-end=\"1188\">Dark Olive CR-39<\/strong>, z pow\u0142ok\u0105 antyrefleksyjn\u0105, kat. 2 \u2013 zapewniaj\u0105 naturalny kontrast i pe\u0142n\u0105 ochron\u0119 UV<\/p>\n<\/li>\n<li data-start=\"1277\" data-end=\"1375\">\n<p data-start=\"1279\" data-end=\"1375\">Detale: dopracowane akcenty z tytanu i subtelne nity, odwo\u0142uj\u0105ce si\u0119 do detali bocznych oprawy<\/p>\n<\/li>\n<li data-start=\"1376\" data-end=\"1405\">\n<p data-start=\"1378\" data-end=\"1405\">Rozmiar: 52 \/ 22 \u2013 147 mm<\/p>\n<\/li>\n<li data-start=\"1406\" data-end=\"1495\">\n<p data-start=\"1408\" data-end=\"1495\">Kraj pochodzenia: Japonia \u2013 gwarancja perfekcyjnego wykonania i artystycznej precyzji<\/p>\n<\/li>\n<\/ul>\n","protected":false},"featured_media":2014,"template":"","meta":{"_acf_changed":false},"product_brand":[341],"product_cat":[30],"product_tag":[],"model":[],"class_list":{"0":"post-2012","1":"product","2":"type-product","3":"status-publish","4":"has-post-thumbnail","6":"product_brand-akoni","7":"product_cat-okulary-przeciwsloneczne","9":"first","10":"instock","11":"sale","12":"taxable","13":"shipping-taxable","14":"purchasable","15":"product-type-simple"},"acf":[],"aioseo_notices":[],"_links":{"self":[{"href":"https:\/\/markoweokulary.pl\/pl\/wp-json\/wp\/v2\/product\/2012","targetHints":{"allow":["GET"]}}],"collection":[{"href":"https:\/\/markoweokulary.pl\/pl\/wp-json\/wp\/v2\/product"}],"about":[{"href":"https:\/\/markoweokulary.pl\/pl\/wp-json\/wp\/v2\/types\/product"}],"version-history":[{"count":1,"href":"https:\/\/markoweokulary.pl\/pl\/wp-json\/wp\/v2\/product\/2012\/revisions"}],"predecessor-version":[{"id":5922,"href":"https:\/\/markoweokulary.pl\/pl\/wp-json\/wp\/v2\/product\/2012\/revisions\/5922"}],"wp:featuredmedia":[{"embeddable":true,"href":"https:\/\/markoweokulary.pl\/pl\/wp-json\/wp\/v2\/media\/2014"}],"wp:attachment":[{"href":"https:\/\/markoweokulary.pl\/pl\/wp-json\/wp\/v2\/media?parent=2012"}],"wp:term":[{"taxonomy":"product_brand","embeddable":true,"href":"https:\/\/markoweokulary.pl\/pl\/wp-json\/wp\/v2\/product_brand?post=2012"},{"taxonomy":"product_cat","embeddable":true,"href":"https:\/\/markoweokulary.pl\/pl\/wp-json\/wp\/v2\/product_cat?post=2012"},{"taxonomy":"product_tag","embeddable":true,"href":"https:\/\/markoweokulary.pl\/pl\/wp-json\/wp\/v2\/product_tag?post=2012"},{"taxonomy":"model","embeddable":true,"href":"https:\/\/markoweokulary.pl\/pl\/wp-json\/wp\/v2\/model?post=2012"}],"curies":[{"name":"wp","href":"https:\/\/api.w.org\/{rel}","templated":true}]}}