{"id":1970,"date":"2025-10-07T14:36:24","date_gmt":"2025-10-07T12:36:24","guid":{"rendered":"https:\/\/www.diukoptyk.pl\/?post_type=product&#038;p=1970"},"modified":"2026-03-03T14:54:51","modified_gmt":"2026-03-03T13:54:51","slug":"akoni-columba-black-56","status":"publish","type":"product","link":"https:\/\/markoweokulary.pl\/pl\/produkt\/akoni-columba-black-56\/","title":{"rendered":"Akoni COLUMBA | BLACK 56"},"content":{"rendered":"<p><strong data-start=\"1274\" data-end=\"1287\">Dla kogo?<\/strong><br data-start=\"1287\" data-end=\"1290\" \/><strong data-start=\"1290\" data-end=\"1313\">Akoni Columba Black<\/strong> to model dla os\u00f3b, kt\u00f3re \u0142\u0105cz\u0105 styl i funkcjonalno\u015b\u0107.<\/p>\n<p>Dla lider\u00f3w, tw\u00f3rc\u00f3w i estet\u00f3w, kt\u00f3rzy oczekuj\u0105 od okular\u00f3w nie tylko perfekcyjnego wygl\u0105du, ale te\u017c wyj\u0105tkowej jako\u015bci i komfortu w ka\u017cdej sytuacji \u2013 od oceanu po sal\u0119 zarz\u0105du.<\/p>\n","protected":false},"excerpt":{"rendered":"<h3 data-start=\"155\" data-end=\"186\">Akoni \u2013 <strong data-start=\"167\" data-end=\"184\">Columba Black<\/strong><\/h3>\n<p data-start=\"188\" data-end=\"646\"><strong data-start=\"188\" data-end=\"250\">Kalifornijski luz spotyka si\u0119 z europejskim wyrafinowaniem<\/strong><br data-start=\"250\" data-end=\"253\" \/>Model <strong data-start=\"259\" data-end=\"276\">Columba Black<\/strong> to wsp\u00f3\u0142czesna reinterpretacja klasycznej formy \u2013 po\u0142\u0105czenie si\u0142y, pewno\u015bci i subtelnej elegancji. Zainspirowany duchem Zachodniego Wybrze\u017ca, projekt zosta\u0142 zaprojektowany tak, aby r\u00f3wnie dobrze odnajdywa\u0142 si\u0119 w \u015bwietle pla\u017cowego s\u0142o\u0144ca, jak i w biurowej sali konferencyjnej. To ponadczasowy model dla os\u00f3b, kt\u00f3re ceni\u0105 uniwersalno\u015b\u0107 w najlepszym, luksusowym wydaniu.<\/p>\n<p data-start=\"648\" data-end=\"669\"><strong data-start=\"648\" data-end=\"667\">Detale i design<\/strong><\/p>\n<ul data-start=\"670\" data-end=\"1272\">\n<li data-start=\"670\" data-end=\"750\">\n<p data-start=\"672\" data-end=\"750\">Kszta\u0142t: nowoczesny, prosty, o mocnych liniach podkre\u015blaj\u0105cych pewno\u015b\u0107 stylu<\/p>\n<\/li>\n<li data-start=\"751\" data-end=\"824\">\n<p data-start=\"753\" data-end=\"824\">Rama: wykonana z wysokiej jako\u015bci japo\u0144skiego acetatu o grubo\u015bci 8 mm<\/p>\n<\/li>\n<li data-start=\"825\" data-end=\"915\">\n<p data-start=\"827\" data-end=\"915\">Zauszniki: z niestandardowym rdzeniem (<em data-start=\"866\" data-end=\"883\">custom wirecore<\/em>) o unikalnym wzorze i pow\u0142oce<\/p>\n<\/li>\n<li data-start=\"916\" data-end=\"1037\">\n<p data-start=\"918\" data-end=\"1037\">Zawiasy: tytanowe, z autorskim systemem \u015brub i tulei (<em data-start=\"972\" data-end=\"1000\">threaded tube screw system<\/em>) zapewniaj\u0105cym trwa\u0142o\u015b\u0107 i precyzj\u0119<\/p>\n<\/li>\n<li data-start=\"1038\" data-end=\"1152\">\n<p data-start=\"1040\" data-end=\"1152\">Soczewki: ciemnoszare, o wysokim kontra\u015bcie (<em data-start=\"1085\" data-end=\"1108\">Dark Grey 4-base CR39<\/em>), z tr\u00f3jwarstwow\u0105 pow\u0142ok\u0105 antyrefleksyjn\u0105<\/p>\n<\/li>\n<li data-start=\"1153\" data-end=\"1182\">\n<p data-start=\"1155\" data-end=\"1182\">Rozmiar: 54 \/ 19 \u2013 148 mm<\/p>\n<\/li>\n<li data-start=\"1183\" data-end=\"1197\">\n<p data-start=\"1185\" data-end=\"1197\">Waga: 50 g<\/p>\n<\/li>\n<li data-start=\"1198\" data-end=\"1272\">\n<p data-start=\"1200\" data-end=\"1272\">Kraj pochodzenia: Japonia \u2013 gwarancja perfekcyjnego wykonania i detalu<\/p>\n<\/li>\n<\/ul>\n","protected":false},"featured_media":1988,"template":"","meta":{"_acf_changed":false},"product_brand":[341],"product_cat":[30],"product_tag":[],"model":[],"class_list":{"0":"post-1970","1":"product","2":"type-product","3":"status-publish","4":"has-post-thumbnail","6":"product_brand-akoni","7":"product_cat-okulary-przeciwsloneczne","9":"first","10":"instock","11":"sale","12":"taxable","13":"shipping-taxable","14":"purchasable","15":"product-type-simple"},"acf":[],"aioseo_notices":[],"_links":{"self":[{"href":"https:\/\/markoweokulary.pl\/pl\/wp-json\/wp\/v2\/product\/1970","targetHints":{"allow":["GET"]}}],"collection":[{"href":"https:\/\/markoweokulary.pl\/pl\/wp-json\/wp\/v2\/product"}],"about":[{"href":"https:\/\/markoweokulary.pl\/pl\/wp-json\/wp\/v2\/types\/product"}],"version-history":[{"count":2,"href":"https:\/\/markoweokulary.pl\/pl\/wp-json\/wp\/v2\/product\/1970\/revisions"}],"predecessor-version":[{"id":6894,"href":"https:\/\/markoweokulary.pl\/pl\/wp-json\/wp\/v2\/product\/1970\/revisions\/6894"}],"wp:featuredmedia":[{"embeddable":true,"href":"https:\/\/markoweokulary.pl\/pl\/wp-json\/wp\/v2\/media\/1988"}],"wp:attachment":[{"href":"https:\/\/markoweokulary.pl\/pl\/wp-json\/wp\/v2\/media?parent=1970"}],"wp:term":[{"taxonomy":"product_brand","embeddable":true,"href":"https:\/\/markoweokulary.pl\/pl\/wp-json\/wp\/v2\/product_brand?post=1970"},{"taxonomy":"product_cat","embeddable":true,"href":"https:\/\/markoweokulary.pl\/pl\/wp-json\/wp\/v2\/product_cat?post=1970"},{"taxonomy":"product_tag","embeddable":true,"href":"https:\/\/markoweokulary.pl\/pl\/wp-json\/wp\/v2\/product_tag?post=1970"},{"taxonomy":"model","embeddable":true,"href":"https:\/\/markoweokulary.pl\/pl\/wp-json\/wp\/v2\/model?post=1970"}],"curies":[{"name":"wp","href":"https:\/\/api.w.org\/{rel}","templated":true}]}}