{"id":1373,"date":"2025-09-15T19:17:08","date_gmt":"2025-09-15T17:17:08","guid":{"rendered":"https:\/\/duke2.unixstorm.eu\/produkt\/jacques-marie-mage-chelsea-pink-quartz\/"},"modified":"2026-03-05T18:50:16","modified_gmt":"2026-03-05T17:50:16","slug":"jacques-marie-mage-chelsea-pink-quartz","status":"publish","type":"product","link":"https:\/\/markoweokulary.pl\/pl\/produkt\/jacques-marie-mage-chelsea-pink-quartz\/","title":{"rendered":"Jacques Marie Mage CHELSEA | PINK QUARTZ"},"content":{"rendered":"<p><strong data-start=\"813\" data-end=\"826\">Dla kogo?<\/strong><br data-start=\"826\" data-end=\"829\" \/>To okulary dla os\u00f3b, kt\u00f3re kochaj\u0105 luksus w odwa\u017cnym wydaniu. Jacques Marie Mage w tej edycji proponuje model, kt\u00f3ry jednocze\u015bnie emanuje si\u0142\u0105 i zmys\u0142owo\u015bci\u0105 \u2013 idealny wyb\u00f3r dla indywidualist\u00f3w i koneser\u00f3w designu.<\/p>\n<p>&nbsp;<\/p>\n<p>Limitowana seria 250 sztuk na ca\u0142ym \u015bwiecie.<\/p>\n","protected":false},"excerpt":{"rendered":"<h3 data-start=\"118\" data-end=\"184\">Jacques Marie Mage \u2013 <strong data-start=\"143\" data-end=\"182\">Rze\u017abiarska klasyka w odcieniu r\u00f3\u017cu<\/strong><\/h3>\n<p data-start=\"186\" data-end=\"415\"><strong data-start=\"186\" data-end=\"212\">Ponadczasowy charakter<\/strong><br data-start=\"212\" data-end=\"215\" \/>Model o mi\u0119kkim kszta\u0142cie soczewki typu <strong data-start=\"255\" data-end=\"264\">Panto<\/strong>, po\u0142\u0105czony z rze\u017abiarsk\u0105 lini\u0105 i wyrazistymi, szerokimi zausznikami. To po\u0142\u0105czenie klasyki i odwagi \u2013 elegancja pe\u0142na artystycznej swobody i bohemy.<\/p>\n<p data-start=\"417\" data-end=\"438\"><strong data-start=\"417\" data-end=\"436\">Detale i design<\/strong><\/p>\n<ul data-start=\"439\" data-end=\"811\">\n<li data-start=\"439\" data-end=\"507\">\n<p data-start=\"441\" data-end=\"507\">Rama: r\u00f3\u017cowa, 10-milimetrowa z utwardzonego acetatu celulozowego<\/p>\n<\/li>\n<li data-start=\"508\" data-end=\"585\">\n<p data-start=\"510\" data-end=\"585\">Zauszniki: podw\u00f3jnie laminowany acetat z elementami z metalu szlachetnego<\/p>\n<\/li>\n<li data-start=\"586\" data-end=\"656\">\n<p data-start=\"588\" data-end=\"656\">Zawiasy: nowe, siedmiopr\u0119towe dla wi\u0119kszej stabilno\u015bci i trwa\u0142o\u015bci<\/p>\n<\/li>\n<li data-start=\"657\" data-end=\"733\">\n<p data-start=\"659\" data-end=\"733\">Rdze\u0144: <em data-start=\"666\" data-end=\"687\">Cantilever wirecore<\/em> z charakterystycznym grawerem typu hairline<\/p>\n<\/li>\n<li data-start=\"734\" data-end=\"811\">\n<p data-start=\"736\" data-end=\"811\">Soczewki: r\u00f3\u017cowe, z pe\u0142n\u0105 ochron\u0105 UV, tworz\u0105ce harmonijn\u0105 ca\u0142o\u015b\u0107 z opraw\u0105<\/p>\n<\/li>\n<\/ul>\n","protected":false},"featured_media":1370,"template":"","meta":{"_acf_changed":false},"product_brand":[82],"product_cat":[51,30],"product_tag":[301],"model":[369],"class_list":{"0":"post-1373","1":"product","2":"type-product","3":"status-publish","4":"has-post-thumbnail","6":"product_brand-jacques-marie-mage","7":"product_cat-okulary-korekcyjne","8":"product_cat-okulary-przeciwsloneczne","9":"product_tag-jmmeh15u","10":"model-chelsea","12":"first","13":"instock","14":"sale","15":"taxable","16":"shipping-taxable","17":"purchasable","18":"product-type-simple"},"acf":[],"aioseo_notices":[],"_links":{"self":[{"href":"https:\/\/markoweokulary.pl\/pl\/wp-json\/wp\/v2\/product\/1373","targetHints":{"allow":["GET"]}}],"collection":[{"href":"https:\/\/markoweokulary.pl\/pl\/wp-json\/wp\/v2\/product"}],"about":[{"href":"https:\/\/markoweokulary.pl\/pl\/wp-json\/wp\/v2\/types\/product"}],"version-history":[{"count":1,"href":"https:\/\/markoweokulary.pl\/pl\/wp-json\/wp\/v2\/product\/1373\/revisions"}],"predecessor-version":[{"id":4466,"href":"https:\/\/markoweokulary.pl\/pl\/wp-json\/wp\/v2\/product\/1373\/revisions\/4466"}],"wp:featuredmedia":[{"embeddable":true,"href":"https:\/\/markoweokulary.pl\/pl\/wp-json\/wp\/v2\/media\/1370"}],"wp:attachment":[{"href":"https:\/\/markoweokulary.pl\/pl\/wp-json\/wp\/v2\/media?parent=1373"}],"wp:term":[{"taxonomy":"product_brand","embeddable":true,"href":"https:\/\/markoweokulary.pl\/pl\/wp-json\/wp\/v2\/product_brand?post=1373"},{"taxonomy":"product_cat","embeddable":true,"href":"https:\/\/markoweokulary.pl\/pl\/wp-json\/wp\/v2\/product_cat?post=1373"},{"taxonomy":"product_tag","embeddable":true,"href":"https:\/\/markoweokulary.pl\/pl\/wp-json\/wp\/v2\/product_tag?post=1373"},{"taxonomy":"model","embeddable":true,"href":"https:\/\/markoweokulary.pl\/pl\/wp-json\/wp\/v2\/model?post=1373"}],"curies":[{"name":"wp","href":"https:\/\/api.w.org\/{rel}","templated":true}]}}