{"id":1339,"date":"2025-09-15T19:09:40","date_gmt":"2025-09-15T17:09:40","guid":{"rendered":"https:\/\/duke2.unixstorm.eu\/produkt\/jacques-marie-mage-ashcroft-ocre\/"},"modified":"2026-03-05T18:50:15","modified_gmt":"2026-03-05T17:50:15","slug":"jacques-marie-mage-ashcroft-ocre","status":"publish","type":"product","link":"https:\/\/markoweokulary.pl\/pl\/produkt\/jacques-marie-mage-ashcroft-ocre\/","title":{"rendered":"Jacques Marie Mage ASHCROFT | OCRE"},"content":{"rendered":"<p><strong data-start=\"763\" data-end=\"776\">Dla kogo?<\/strong><br data-start=\"776\" data-end=\"779\" \/>To model dla os\u00f3b, kt\u00f3re chc\u0105 wyr\u00f3\u017cni\u0107 si\u0119 odwa\u017cnym designem i ceni\u0105 po\u0142\u0105czenie luksusu z duchem artystycznej wolno\u015bci. Jacques Marie Mage celebruje tu nastroje dekady, tworz\u0105c ponadczasowy manifest stylu.<\/p>\n<ul>\n<li>Limitowana seria 350 sztuk na ca\u0142ym \u015bwiecie.<\/li>\n<\/ul>\n","protected":false},"excerpt":{"rendered":"<h3 data-start=\"123\" data-end=\"184\">Jacques Marie Mage \u2013 limitowana reinterpretacja lat 90.<\/h3>\n<p data-start=\"186\" data-end=\"473\"><strong data-start=\"186\" data-end=\"228\">Rockowy charakter w luksusowym wydaniu<\/strong><br data-start=\"228\" data-end=\"231\" \/>Prostok\u0105tna oprawa o ostrych liniach i rze\u017abiarskich zausznikach, w kt\u00f3rych ods\u0142oni\u0119ty drut rdzeniowy zdobi\u0105 kunsztowne wzory inspirowane sztuk\u0105 rdzennych Amerykan\u00f3w. To odwa\u017cny projekt, kt\u00f3ry prze\u0142amuje schematy i podkre\u015bla indywidualno\u015b\u0107.<\/p>\n<p data-start=\"475\" data-end=\"496\"><strong data-start=\"475\" data-end=\"494\">Detale i design<\/strong><\/p>\n<ul data-start=\"497\" data-end=\"761\">\n<li data-start=\"497\" data-end=\"547\">\n<p data-start=\"499\" data-end=\"547\">Mocna, prostok\u0105tna forma z wyrazistymi liniami<\/p>\n<\/li>\n<li data-start=\"548\" data-end=\"639\">\n<p data-start=\"550\" data-end=\"639\">Rze\u017abiarskie zauszniki z ods\u0142oni\u0119tym rdzeniem, ozdobione misternymi motywami etnicznymi<\/p>\n<\/li>\n<li data-start=\"640\" data-end=\"703\">\n<p data-start=\"642\" data-end=\"703\">Limitowana edycja, stworzona w ho\u0142dzie dla estetyki lat 90.<\/p>\n<\/li>\n<li data-start=\"704\" data-end=\"761\">\n<p data-start=\"706\" data-end=\"761\">Unikalna kompozycja precyzji i artystycznej ekspresji<\/p>\n<\/li>\n<\/ul>\n","protected":false},"featured_media":1684,"template":"","meta":{"_acf_changed":false},"product_brand":[82],"product_cat":[30],"product_tag":[279],"model":[],"class_list":{"0":"post-1339","1":"product","2":"type-product","3":"status-publish","4":"has-post-thumbnail","6":"product_brand-jacques-marie-mage","7":"product_cat-okulary-przeciwsloneczne","8":"product_tag-jmmaf8e","10":"first","11":"outofstock","12":"sale","13":"taxable","14":"shipping-taxable","15":"purchasable","16":"product-type-simple"},"acf":[],"aioseo_notices":[],"_links":{"self":[{"href":"https:\/\/markoweokulary.pl\/pl\/wp-json\/wp\/v2\/product\/1339","targetHints":{"allow":["GET"]}}],"collection":[{"href":"https:\/\/markoweokulary.pl\/pl\/wp-json\/wp\/v2\/product"}],"about":[{"href":"https:\/\/markoweokulary.pl\/pl\/wp-json\/wp\/v2\/types\/product"}],"version-history":[{"count":2,"href":"https:\/\/markoweokulary.pl\/pl\/wp-json\/wp\/v2\/product\/1339\/revisions"}],"predecessor-version":[{"id":5933,"href":"https:\/\/markoweokulary.pl\/pl\/wp-json\/wp\/v2\/product\/1339\/revisions\/5933"}],"wp:featuredmedia":[{"embeddable":true,"href":"https:\/\/markoweokulary.pl\/pl\/wp-json\/wp\/v2\/media\/1684"}],"wp:attachment":[{"href":"https:\/\/markoweokulary.pl\/pl\/wp-json\/wp\/v2\/media?parent=1339"}],"wp:term":[{"taxonomy":"product_brand","embeddable":true,"href":"https:\/\/markoweokulary.pl\/pl\/wp-json\/wp\/v2\/product_brand?post=1339"},{"taxonomy":"product_cat","embeddable":true,"href":"https:\/\/markoweokulary.pl\/pl\/wp-json\/wp\/v2\/product_cat?post=1339"},{"taxonomy":"product_tag","embeddable":true,"href":"https:\/\/markoweokulary.pl\/pl\/wp-json\/wp\/v2\/product_tag?post=1339"},{"taxonomy":"model","embeddable":true,"href":"https:\/\/markoweokulary.pl\/pl\/wp-json\/wp\/v2\/model?post=1339"}],"curies":[{"name":"wp","href":"https:\/\/api.w.org\/{rel}","templated":true}]}}