{"id":1326,"date":"2025-09-15T19:04:55","date_gmt":"2025-09-15T17:04:55","guid":{"rendered":"https:\/\/duke2.unixstorm.eu\/produkt\/jacques-marie-mage-leclair-saffron\/"},"modified":"2026-03-05T18:50:15","modified_gmt":"2026-03-05T17:50:15","slug":"jacques-marie-mage-leclair-saffron","status":"publish","type":"product","link":"https:\/\/markoweokulary.pl\/pl\/produkt\/jacques-marie-mage-leclair-saffron\/","title":{"rendered":"Jacques Marie Mage LECLAIR | SAFFRON"},"content":{"rendered":"<p data-start=\"900\" data-end=\"1096\"><strong data-start=\"900\" data-end=\"913\">Dla kogo?<\/strong><br data-start=\"913\" data-end=\"916\" \/><strong data-start=\"916\" data-end=\"927\">Leclair<\/strong> to model dla koneser\u00f3w, kt\u00f3rzy pragn\u0105 po\u0142\u0105czy\u0107 elegancj\u0119 z indywidualizmem. Wyrafinowane, kolekcjonerskie oprawy emanuj\u0105 charakterem, precyzj\u0105 i ponadczasowym stylem.<\/p>\n<p>Limitowana seria 150 sztuk na ca\u0142ym \u015bwiecie.<\/p>\n","protected":false},"excerpt":{"rendered":"<h3 data-start=\"137\" data-end=\"175\">Jacques Marie Mage \u2013 <strong data-start=\"162\" data-end=\"173\">Leclair<\/strong><\/h3>\n<p data-start=\"177\" data-end=\"521\"><strong data-start=\"177\" data-end=\"218\">Klasyka lat 50. w nowoczesnym wydaniu<\/strong><br data-start=\"218\" data-end=\"221\" \/>Model <strong data-start=\"227\" data-end=\"238\">Leclair<\/strong> to wyraziste okulary w kszta\u0142cie Wellington, inspirowane estetyk\u0105 lat 50. Zosta\u0142y stworzone z my\u015bl\u0105 o osobach ceni\u0105cych ponadczasow\u0105 elegancj\u0119 i mocny, zdecydowany design. To oprawa, kt\u00f3ra \u0142\u0105czy klasyczn\u0105 sylwetk\u0119 z luksusowymi detalami charakterystycznymi dla Jacques Marie Mage.<\/p>\n<p data-start=\"523\" data-end=\"544\"><strong data-start=\"523\" data-end=\"542\">Detale i design<\/strong><\/p>\n<ul data-start=\"545\" data-end=\"898\">\n<li data-start=\"545\" data-end=\"626\">\n<p data-start=\"547\" data-end=\"626\">Wyrazista forma typu Wellington z ostrymi liniami i dopracowanymi proporcjami<\/p>\n<\/li>\n<li data-start=\"627\" data-end=\"690\">\n<p data-start=\"629\" data-end=\"690\">Charakterystyczne dla JMM frontowe nity w kszta\u0142cie strza\u0142y<\/p>\n<\/li>\n<li data-start=\"691\" data-end=\"758\">\n<p data-start=\"693\" data-end=\"758\">Pi\u0119ciopr\u0119towe zawiasy dla trwa\u0142o\u015bci i perfekcyjnego wyko\u0144czenia<\/p>\n<\/li>\n<li data-start=\"759\" data-end=\"839\">\n<p data-start=\"761\" data-end=\"839\">Zauszniki z ods\u0142oni\u0119tym rdzeniem <em data-start=\"794\" data-end=\"805\">Snaketail<\/em> i subtelnym grawerem <em data-start=\"827\" data-end=\"837\">hairline<\/em><\/p>\n<\/li>\n<li data-start=\"840\" data-end=\"898\">\n<p data-start=\"842\" data-end=\"898\">Harmonijne po\u0142\u0105czenie klasyki i nowoczesnego rzemios\u0142a<\/p>\n<\/li>\n<\/ul>\n","protected":false},"featured_media":1322,"template":"","meta":{"_acf_changed":false},"product_brand":[82],"product_cat":[30],"product_tag":[272],"model":[],"class_list":{"0":"post-1326","1":"product","2":"type-product","3":"status-publish","4":"has-post-thumbnail","6":"product_brand-jacques-marie-mage","7":"product_cat-okulary-przeciwsloneczne","8":"product_tag-jmmec76","10":"first","11":"outofstock","12":"sale","13":"taxable","14":"shipping-taxable","15":"purchasable","16":"product-type-simple"},"acf":[],"aioseo_notices":[],"_links":{"self":[{"href":"https:\/\/markoweokulary.pl\/pl\/wp-json\/wp\/v2\/product\/1326","targetHints":{"allow":["GET"]}}],"collection":[{"href":"https:\/\/markoweokulary.pl\/pl\/wp-json\/wp\/v2\/product"}],"about":[{"href":"https:\/\/markoweokulary.pl\/pl\/wp-json\/wp\/v2\/types\/product"}],"version-history":[{"count":1,"href":"https:\/\/markoweokulary.pl\/pl\/wp-json\/wp\/v2\/product\/1326\/revisions"}],"predecessor-version":[{"id":4265,"href":"https:\/\/markoweokulary.pl\/pl\/wp-json\/wp\/v2\/product\/1326\/revisions\/4265"}],"wp:featuredmedia":[{"embeddable":true,"href":"https:\/\/markoweokulary.pl\/pl\/wp-json\/wp\/v2\/media\/1322"}],"wp:attachment":[{"href":"https:\/\/markoweokulary.pl\/pl\/wp-json\/wp\/v2\/media?parent=1326"}],"wp:term":[{"taxonomy":"product_brand","embeddable":true,"href":"https:\/\/markoweokulary.pl\/pl\/wp-json\/wp\/v2\/product_brand?post=1326"},{"taxonomy":"product_cat","embeddable":true,"href":"https:\/\/markoweokulary.pl\/pl\/wp-json\/wp\/v2\/product_cat?post=1326"},{"taxonomy":"product_tag","embeddable":true,"href":"https:\/\/markoweokulary.pl\/pl\/wp-json\/wp\/v2\/product_tag?post=1326"},{"taxonomy":"model","embeddable":true,"href":"https:\/\/markoweokulary.pl\/pl\/wp-json\/wp\/v2\/model?post=1326"}],"curies":[{"name":"wp","href":"https:\/\/api.w.org\/{rel}","templated":true}]}}