{"id":1276,"date":"2025-09-15T18:47:30","date_gmt":"2025-09-15T16:47:30","guid":{"rendered":"https:\/\/duke2.unixstorm.eu\/produkt\/jacques-marie-mage-54-brancusi\/"},"modified":"2026-03-05T18:50:15","modified_gmt":"2026-03-05T17:50:15","slug":"jacques-marie-mage-54-brancusi","status":"publish","type":"product","link":"https:\/\/markoweokulary.pl\/pl\/produkt\/jacques-marie-mage-54-brancusi\/","title":{"rendered":"Jacques Marie Mage 54 | BRANCUSI"},"content":{"rendered":"<p><strong data-start=\"998\" data-end=\"1017\">Dlaczego warto?<\/strong><br data-start=\"1017\" data-end=\"1020\" \/>To nie tylko okulary, ale <strong data-start=\"1046\" data-end=\"1064\">noszona rze\u017aba<\/strong> \u2013 dla os\u00f3b, kt\u00f3re traktuj\u0105 mod\u0119 jako przestrze\u0144 sztuki i poszukuj\u0105 projekt\u00f3w o wyj\u0105tkowym, kolekcjonerskim charakterze. Jacques Marie Mage x Br\u00e2ncu\u0219i to ho\u0142d dla kreatywno\u015bci, odwagi i ponadczasowej wizji pi\u0119kna<\/p>\n<p>&nbsp;<\/p>\n<ul>\n<li>Soczewki z wewn\u0119trzn\u0105 pow\u0142ok\u0105 antyrefleksyjn\u0105<\/li>\n<li>Ochrona UV 100%<\/li>\n<li>R\u0119czna produkcja we W\u0142oszech<\/li>\n<li>Wymiary: 52-23-140<\/li>\n<li>Limitowana seria 200 sztuk na ca\u0142ym \u015bwiecie.<\/li>\n<\/ul>\n","protected":false},"excerpt":{"rendered":"<p data-start=\"209\" data-end=\"522\"><strong data-start=\"209\" data-end=\"244\">Sztuka i design w jednym kadrze<\/strong><br data-start=\"244\" data-end=\"247\" \/>Unikalna kolaboracja Jacques Marie Mage zainspirowana tw\u00f3rczo\u015bci\u0105 <strong data-start=\"313\" data-end=\"340\">Constantina Br\u00e2ncu\u0219iego<\/strong>, jednego z najwybitniejszych modernist\u00f3w XX wieku. Model \u0142\u0105czy awangardow\u0105 estetyk\u0119 z precyzj\u0105 rzemios\u0142a, tworz\u0105c okulary, kt\u00f3re s\u0105 zar\u00f3wno dzie\u0142em sztuki, jak i manifestem stylu.<\/p>\n<p data-start=\"524\" data-end=\"548\"><strong data-start=\"524\" data-end=\"546\">Detale i charakter<\/strong><\/p>\n<ul data-start=\"549\" data-end=\"996\">\n<li data-start=\"549\" data-end=\"626\">\n<p data-start=\"551\" data-end=\"626\">Futurystyczna, geometryczna forma z wyrazist\u0105, prost\u0105 lini\u0105 g\u00f3rnej oprawy<\/p>\n<\/li>\n<li data-start=\"627\" data-end=\"703\">\n<p data-start=\"629\" data-end=\"703\">Konstrukcja z lekkiego metalu i acetatu, zapewniaj\u0105ca trwa\u0142o\u015b\u0107 i komfort<\/p>\n<\/li>\n<li data-start=\"704\" data-end=\"807\">\n<p data-start=\"706\" data-end=\"807\">Soczewki w intensywnym odcieniu b\u0142\u0119kitu, oferuj\u0105ce pe\u0142n\u0105 ochron\u0119 UV i niepowtarzalny efekt wizualny<\/p>\n<\/li>\n<li data-start=\"808\" data-end=\"922\">\n<p data-start=\"810\" data-end=\"922\">Rze\u017abiarskie detale inspirowane minimalizmem Br\u00e2ncu\u0219iego \u2013 prostota formy podkre\u015blona szlachetnymi materia\u0142ami<\/p>\n<\/li>\n<li data-start=\"923\" data-end=\"996\">\n<p data-start=\"925\" data-end=\"996\">Limitowana edycja, dost\u0119pna wy\u0142\u0105cznie w wybranych butikach na \u015bwiecie<\/p>\n<\/li>\n<\/ul>\n","protected":false},"featured_media":1698,"template":"","meta":{"_acf_changed":false},"product_brand":[82],"product_cat":[30],"product_tag":[236],"model":[],"class_list":{"0":"post-1276","1":"product","2":"type-product","3":"status-publish","4":"has-post-thumbnail","6":"product_brand-jacques-marie-mage","7":"product_cat-okulary-przeciwsloneczne","8":"product_tag-jmm5407","10":"first","11":"instock","12":"sale","13":"taxable","14":"shipping-taxable","15":"purchasable","16":"product-type-simple"},"acf":[],"aioseo_notices":[],"_links":{"self":[{"href":"https:\/\/markoweokulary.pl\/pl\/wp-json\/wp\/v2\/product\/1276","targetHints":{"allow":["GET"]}}],"collection":[{"href":"https:\/\/markoweokulary.pl\/pl\/wp-json\/wp\/v2\/product"}],"about":[{"href":"https:\/\/markoweokulary.pl\/pl\/wp-json\/wp\/v2\/types\/product"}],"version-history":[{"count":1,"href":"https:\/\/markoweokulary.pl\/pl\/wp-json\/wp\/v2\/product\/1276\/revisions"}],"predecessor-version":[{"id":5931,"href":"https:\/\/markoweokulary.pl\/pl\/wp-json\/wp\/v2\/product\/1276\/revisions\/5931"}],"wp:featuredmedia":[{"embeddable":true,"href":"https:\/\/markoweokulary.pl\/pl\/wp-json\/wp\/v2\/media\/1698"}],"wp:attachment":[{"href":"https:\/\/markoweokulary.pl\/pl\/wp-json\/wp\/v2\/media?parent=1276"}],"wp:term":[{"taxonomy":"product_brand","embeddable":true,"href":"https:\/\/markoweokulary.pl\/pl\/wp-json\/wp\/v2\/product_brand?post=1276"},{"taxonomy":"product_cat","embeddable":true,"href":"https:\/\/markoweokulary.pl\/pl\/wp-json\/wp\/v2\/product_cat?post=1276"},{"taxonomy":"product_tag","embeddable":true,"href":"https:\/\/markoweokulary.pl\/pl\/wp-json\/wp\/v2\/product_tag?post=1276"},{"taxonomy":"model","embeddable":true,"href":"https:\/\/markoweokulary.pl\/pl\/wp-json\/wp\/v2\/model?post=1276"}],"curies":[{"name":"wp","href":"https:\/\/api.w.org\/{rel}","templated":true}]}}