{"id":1254,"date":"2025-09-15T18:41:32","date_gmt":"2025-09-15T16:41:32","guid":{"rendered":"https:\/\/duke2.unixstorm.eu\/produkt\/jacques-marie-mage-molino-noir-x\/"},"modified":"2026-03-05T18:50:15","modified_gmt":"2026-03-05T17:50:15","slug":"jacques-marie-mage-molino-noir-x","status":"publish","type":"product","link":"https:\/\/markoweokulary.pl\/pl\/produkt\/jacques-marie-mage-molino-noir-x\/","title":{"rendered":"Jacques Marie Mage MOLINO (55) | NOIR X RX"},"content":{"rendered":"<p><strong data-start=\"883\" data-end=\"896\">Dla kogo?<\/strong><br data-start=\"896\" data-end=\"899\" \/>To ponadczasowa ikona JMM, stworzona dla os\u00f3b, kt\u00f3re ceni\u0105 luksusowe rzemios\u0142o, mocny design i artystyczn\u0105 ekspresj\u0119. Oprawa, kt\u00f3ra wyr\u00f3\u017cnia si\u0119 na tle klasyki, pozostaj\u0105c jednocze\u015bnie eleganckim symbolem niezale\u017cnego stylu.<\/p>\n<ul>\n<li>Oprawa dla okular\u00f3w korekcyjnych, oryginalne soczewki demo<\/li>\n<li>R\u0119czna produkcja w Japonii<\/li>\n<li>Limitowana seria 500 sztuk na ca\u0142ym \u015bwiecie.<\/li>\n<\/ul>\n","protected":false},"excerpt":{"rendered":"<h3 data-start=\"91\" data-end=\"131\">Jacques Marie Mage \u2013 Ikona lat 60.<\/h3>\n<p data-start=\"133\" data-end=\"485\"><strong data-start=\"133\" data-end=\"157\">Rebelianci elegancji<\/strong><br data-start=\"157\" data-end=\"160\" \/>Jedna z najbardziej rozpoznawalnych opraw Jacques Marie Mage \u2013 prostok\u0105tne okulary inspirowane stylem lat 60., w kt\u00f3rych klasyczna forma spotyka si\u0119 z odwa\u017cnym charakterem. To model o wyrafinowanej sylwetce, balansuj\u0105cy pomi\u0119dzy obj\u0119to\u015bci\u0105 a subtelnymi detalami, kt\u00f3ry uciele\u015bnia ducha niezale\u017cno\u015bci i artystycznej swobody.<\/p>\n<p data-start=\"487\" data-end=\"508\"><strong data-start=\"487\" data-end=\"506\">Detale i design<\/strong><\/p>\n<ul data-start=\"509\" data-end=\"881\">\n<li data-start=\"509\" data-end=\"584\">\n<p data-start=\"511\" data-end=\"584\">Rama: czarna, 10-milimetrowa oprawa z utwardzonego acetatu celulozowego<\/p>\n<\/li>\n<li data-start=\"585\" data-end=\"661\">\n<p data-start=\"587\" data-end=\"661\">Zauszniki: podw\u00f3jnie laminowany acetat<\/p>\n<\/li>\n<li data-start=\"662\" data-end=\"742\">\n<p data-start=\"664\" data-end=\"742\">Soczewki: demo<\/p>\n<\/li>\n<li data-start=\"743\" data-end=\"831\">\n<p data-start=\"745\" data-end=\"831\">Subtelne fazowania i rzemie\u015blnicze detale podkre\u015blaj\u0105ce rze\u017abiarski charakter modelu<\/p>\n<\/li>\n<li data-start=\"832\" data-end=\"881\">\n<p data-start=\"834\" data-end=\"881\">R\u0119cznie wykonane z dba\u0142o\u015bci\u0105 o ka\u017cdy szczeg\u00f3\u0142<\/p>\n<\/li>\n<\/ul>\n","protected":false},"featured_media":1251,"template":"","meta":{"_acf_changed":false},"product_brand":[82],"product_cat":[51],"product_tag":[222],"model":[410,389],"class_list":{"0":"post-1254","1":"product","2":"type-product","3":"status-publish","4":"has-post-thumbnail","6":"product_brand-jacques-marie-mage","7":"product_cat-okulary-korekcyjne","8":"product_tag-jmmmlx10a","9":"model-molino","10":"model-molino-55","12":"first","13":"instock","14":"sale","15":"taxable","16":"shipping-taxable","17":"purchasable","18":"product-type-simple"},"acf":[],"aioseo_notices":[],"_links":{"self":[{"href":"https:\/\/markoweokulary.pl\/pl\/wp-json\/wp\/v2\/product\/1254","targetHints":{"allow":["GET"]}}],"collection":[{"href":"https:\/\/markoweokulary.pl\/pl\/wp-json\/wp\/v2\/product"}],"about":[{"href":"https:\/\/markoweokulary.pl\/pl\/wp-json\/wp\/v2\/types\/product"}],"version-history":[{"count":1,"href":"https:\/\/markoweokulary.pl\/pl\/wp-json\/wp\/v2\/product\/1254\/revisions"}],"predecessor-version":[{"id":4520,"href":"https:\/\/markoweokulary.pl\/pl\/wp-json\/wp\/v2\/product\/1254\/revisions\/4520"}],"wp:featuredmedia":[{"embeddable":true,"href":"https:\/\/markoweokulary.pl\/pl\/wp-json\/wp\/v2\/media\/1251"}],"wp:attachment":[{"href":"https:\/\/markoweokulary.pl\/pl\/wp-json\/wp\/v2\/media?parent=1254"}],"wp:term":[{"taxonomy":"product_brand","embeddable":true,"href":"https:\/\/markoweokulary.pl\/pl\/wp-json\/wp\/v2\/product_brand?post=1254"},{"taxonomy":"product_cat","embeddable":true,"href":"https:\/\/markoweokulary.pl\/pl\/wp-json\/wp\/v2\/product_cat?post=1254"},{"taxonomy":"product_tag","embeddable":true,"href":"https:\/\/markoweokulary.pl\/pl\/wp-json\/wp\/v2\/product_tag?post=1254"},{"taxonomy":"model","embeddable":true,"href":"https:\/\/markoweokulary.pl\/pl\/wp-json\/wp\/v2\/model?post=1254"}],"curies":[{"name":"wp","href":"https:\/\/api.w.org\/{rel}","templated":true}]}}