{"id":1216,"date":"2025-09-15T18:34:42","date_gmt":"2025-09-15T16:34:42","guid":{"rendered":"https:\/\/duke2.unixstorm.eu\/produkt\/jacques-marie-mage-evans-raven-rx\/"},"modified":"2026-04-10T12:14:25","modified_gmt":"2026-04-10T10:14:25","slug":"jacques-marie-mage-evans-raven-rx","status":"publish","type":"product","link":"https:\/\/markoweokulary.pl\/pl\/produkt\/jacques-marie-mage-evans-raven-rx\/","title":{"rendered":"Jacques Marie Mage EVANS | RAVEN RX"},"content":{"rendered":"<p><strong data-start=\"1072\" data-end=\"1085\">Dla kogo?<\/strong><br data-start=\"1085\" data-end=\"1088\" \/><strong data-start=\"1088\" data-end=\"1125\">Jacques Marie Mage Evans in Raven<\/strong> to oprawa dla os\u00f3b, kt\u00f3re ceni\u0105 rzemios\u0142o, form\u0119 i ponadczasow\u0105 elegancj\u0119.<\/p>\n<p>To projekt, kt\u00f3ry \u0142\u0105czy w sobie artystyczny charakter i perfekcj\u0119 wykonania \u2013 klasyka w najczystszym wydaniu.<\/p>\n","protected":false},"excerpt":{"rendered":"<h3 data-start=\"161\" data-end=\"206\">Jacques Marie Mage \u2013 <strong data-start=\"186\" data-end=\"204\">Evans in Raven<\/strong><\/h3>\n<p data-start=\"208\" data-end=\"606\"><strong data-start=\"208\" data-end=\"247\">Klasyka lat 60. w czerni absolutnej<\/strong><br data-start=\"247\" data-end=\"250\" \/>Model <strong data-start=\"256\" data-end=\"274\">Evans in Raven<\/strong> to elegancka oprawa optyczna inspirowana stylem lat 60., wyr\u00f3\u017cniaj\u0105ca si\u0119 wyrazist\u0105 form\u0105 i charakterystycznym <strong data-start=\"386\" data-end=\"408\">podw\u00f3jnym mostkiem<\/strong>. Limitowana edycja <strong data-start=\"428\" data-end=\"447\">450 egzemplarzy<\/strong> \u0142\u0105czy ponadczasowy charakter z rzemie\u015blnicz\u0105 precyzj\u0105, tworz\u0105c projekt, kt\u00f3ry doskonale oddaje ducha Jacques Marie Mage \u2013 elegancki, odwa\u017cny i pe\u0142en detali.<\/p>\n<p data-start=\"608\" data-end=\"629\"><strong data-start=\"608\" data-end=\"627\">Detale i design<\/strong><\/p>\n<ul data-start=\"630\" data-end=\"1070\">\n<li data-start=\"630\" data-end=\"697\">\n<p data-start=\"632\" data-end=\"697\">Rama: czarna, 8-milimetrowa z utwardzonego acetatu celulozowego<\/p>\n<\/li>\n<li data-start=\"698\" data-end=\"775\">\n<p data-start=\"700\" data-end=\"775\">Zauszniki: podw\u00f3jnie laminowany acetat z elementami z metalu szlachetnego<\/p>\n<\/li>\n<li data-start=\"776\" data-end=\"861\">\n<p data-start=\"778\" data-end=\"861\">Mostek: podw\u00f3jny, inspirowany architektur\u0105 lat 60. \u2013 wyrazisty i pe\u0142en charakteru<\/p>\n<\/li>\n<li data-start=\"964\" data-end=\"1070\">\n<p data-start=\"966\" data-end=\"1070\">Limitowana produkcja: <strong data-start=\"988\" data-end=\"1001\">500 sztuk<\/strong> \u2013 ka\u017cdy egzemplarz to unikatowe po\u0142\u0105czenie klasyki i nowoczesno\u015bci<\/p>\n<\/li>\n<\/ul>\n","protected":false},"featured_media":1812,"template":"","meta":{"_acf_changed":false},"product_brand":[82],"product_cat":[51],"product_tag":[198],"model":[379],"class_list":{"0":"post-1216","1":"product","2":"type-product","3":"status-publish","4":"has-post-thumbnail","6":"product_brand-jacques-marie-mage","7":"product_cat-okulary-korekcyjne","8":"product_tag-jmmev58","9":"model-evans","11":"first","12":"instock","13":"sale","14":"taxable","15":"shipping-taxable","16":"purchasable","17":"product-type-simple"},"acf":[],"aioseo_notices":[],"_links":{"self":[{"href":"https:\/\/markoweokulary.pl\/pl\/wp-json\/wp\/v2\/product\/1216","targetHints":{"allow":["GET"]}}],"collection":[{"href":"https:\/\/markoweokulary.pl\/pl\/wp-json\/wp\/v2\/product"}],"about":[{"href":"https:\/\/markoweokulary.pl\/pl\/wp-json\/wp\/v2\/types\/product"}],"version-history":[{"count":1,"href":"https:\/\/markoweokulary.pl\/pl\/wp-json\/wp\/v2\/product\/1216\/revisions"}],"predecessor-version":[{"id":4498,"href":"https:\/\/markoweokulary.pl\/pl\/wp-json\/wp\/v2\/product\/1216\/revisions\/4498"}],"wp:featuredmedia":[{"embeddable":true,"href":"https:\/\/markoweokulary.pl\/pl\/wp-json\/wp\/v2\/media\/1812"}],"wp:attachment":[{"href":"https:\/\/markoweokulary.pl\/pl\/wp-json\/wp\/v2\/media?parent=1216"}],"wp:term":[{"taxonomy":"product_brand","embeddable":true,"href":"https:\/\/markoweokulary.pl\/pl\/wp-json\/wp\/v2\/product_brand?post=1216"},{"taxonomy":"product_cat","embeddable":true,"href":"https:\/\/markoweokulary.pl\/pl\/wp-json\/wp\/v2\/product_cat?post=1216"},{"taxonomy":"product_tag","embeddable":true,"href":"https:\/\/markoweokulary.pl\/pl\/wp-json\/wp\/v2\/product_tag?post=1216"},{"taxonomy":"model","embeddable":true,"href":"https:\/\/markoweokulary.pl\/pl\/wp-json\/wp\/v2\/model?post=1216"}],"curies":[{"name":"wp","href":"https:\/\/api.w.org\/{rel}","templated":true}]}}