{"id":1192,"date":"2025-09-15T18:29:45","date_gmt":"2025-09-15T16:29:45","guid":{"rendered":"https:\/\/duke2.unixstorm.eu\/produkt\/jacques-marie-mage-evans-cobra-rx\/"},"modified":"2026-03-05T18:50:13","modified_gmt":"2026-03-05T17:50:13","slug":"jacques-marie-mage-evans-cobra-rx","status":"publish","type":"product","link":"https:\/\/markoweokulary.pl\/pl\/produkt\/jacques-marie-mage-evans-cobra-rx\/","title":{"rendered":"Jacques Marie Mage EVANS | COBRA RX"},"content":{"rendered":"<p><strong data-start=\"1029\" data-end=\"1042\">Dla kogo?<\/strong><br data-start=\"1042\" data-end=\"1045\" \/><strong data-start=\"1045\" data-end=\"1082\">Jacques Marie Mage Evans in Cobra<\/strong> to model dla os\u00f3b, kt\u00f3re nie boj\u0105 si\u0119 wyr\u00f3\u017cnia\u0107 \u2013 pewnych siebie, \u015bwiadomych i otwartych na sztuk\u0119 w codzienno\u015bci.<\/p>\n<p>To oprawa, kt\u00f3ra \u0142\u0105czy klasyk\u0119 i indywidualizm, przyci\u0105gaj\u0105c uwag\u0119 subteln\u0105 pewno\u015bci\u0105 siebie.<\/p>\n","protected":false},"excerpt":{"rendered":"<h3 data-start=\"114\" data-end=\"159\">Jacques Marie Mage \u2013 <strong data-start=\"139\" data-end=\"157\">Evans in Cobra<\/strong><\/h3>\n<p data-start=\"161\" data-end=\"581\"><strong data-start=\"161\" data-end=\"200\">Styl lat 60. w artystycznym wydaniu<\/strong><br data-start=\"200\" data-end=\"203\" \/>Model <strong data-start=\"209\" data-end=\"227\">Evans in Cobra<\/strong> to wyj\u0105tkowa reinterpretacja klasyki z lat 60., stworzona z my\u015bl\u0105 o osobach, kt\u00f3re ceni\u0105 wyrazisty design i perfekcyjne rzemios\u0142o. Wyr\u00f3\u017cnia si\u0119 charakterystycznym <strong data-start=\"391\" data-end=\"413\">podw\u00f3jnym mostkiem<\/strong>, nadaj\u0105cym oprawie architektonicznej g\u0142\u0119bi i elegancji. Limitowana edycja <strong data-start=\"488\" data-end=\"507\">450 egzemplarzy<\/strong> stanowi ho\u0142d dla epoki, w kt\u00f3rej moda by\u0142a sztuk\u0105, a nie tylko trendem.<\/p>\n<p data-start=\"583\" data-end=\"604\"><strong data-start=\"583\" data-end=\"602\">Detale i design<\/strong><\/p>\n<ul data-start=\"605\" data-end=\"1027\">\n<li data-start=\"605\" data-end=\"673\">\n<p data-start=\"607\" data-end=\"673\">Rama: zielona, 8-milimetrowa z utwardzonego acetatu celulozowego<\/p>\n<\/li>\n<li data-start=\"674\" data-end=\"759\">\n<p data-start=\"676\" data-end=\"759\">Zauszniki: podw\u00f3jnie laminowany acetat z ozdobnymi detalami z metalu szlachetnego<\/p>\n<\/li>\n<li data-start=\"760\" data-end=\"845\">\n<p data-start=\"762\" data-end=\"845\">Mostek: podw\u00f3jny, inspirowany estetyk\u0105 lat 60., dodaj\u0105cy charakteru i si\u0142y formie<\/p>\n<\/li>\n<li data-start=\"846\" data-end=\"928\">\n<p data-start=\"848\" data-end=\"928\">Soczewki: demo<\/p>\n<\/li>\n<li data-start=\"929\" data-end=\"1027\">\n<p data-start=\"931\" data-end=\"1027\">Limitowana produkcja: <strong data-start=\"953\" data-end=\"966\">450 sztuk<\/strong> \u2013 ka\u017cdy egzemplarz to unikatowe po\u0142\u0105czenie kunsztu i stylu<\/p>\n<\/li>\n<\/ul>\n","protected":false},"featured_media":1189,"template":"","meta":{"_acf_changed":false},"product_brand":[82],"product_cat":[51],"product_tag":[185],"model":[379],"class_list":{"0":"post-1192","1":"product","2":"type-product","3":"status-publish","4":"has-post-thumbnail","6":"product_brand-jacques-marie-mage","7":"product_cat-okulary-korekcyjne","8":"product_tag-jmmv16c","9":"model-evans","11":"first","12":"outofstock","13":"sale","14":"taxable","15":"shipping-taxable","16":"purchasable","17":"product-type-simple"},"acf":[],"aioseo_notices":[],"_links":{"self":[{"href":"https:\/\/markoweokulary.pl\/pl\/wp-json\/wp\/v2\/product\/1192","targetHints":{"allow":["GET"]}}],"collection":[{"href":"https:\/\/markoweokulary.pl\/pl\/wp-json\/wp\/v2\/product"}],"about":[{"href":"https:\/\/markoweokulary.pl\/pl\/wp-json\/wp\/v2\/types\/product"}],"version-history":[{"count":1,"href":"https:\/\/markoweokulary.pl\/pl\/wp-json\/wp\/v2\/product\/1192\/revisions"}],"predecessor-version":[{"id":4497,"href":"https:\/\/markoweokulary.pl\/pl\/wp-json\/wp\/v2\/product\/1192\/revisions\/4497"}],"wp:featuredmedia":[{"embeddable":true,"href":"https:\/\/markoweokulary.pl\/pl\/wp-json\/wp\/v2\/media\/1189"}],"wp:attachment":[{"href":"https:\/\/markoweokulary.pl\/pl\/wp-json\/wp\/v2\/media?parent=1192"}],"wp:term":[{"taxonomy":"product_brand","embeddable":true,"href":"https:\/\/markoweokulary.pl\/pl\/wp-json\/wp\/v2\/product_brand?post=1192"},{"taxonomy":"product_cat","embeddable":true,"href":"https:\/\/markoweokulary.pl\/pl\/wp-json\/wp\/v2\/product_cat?post=1192"},{"taxonomy":"product_tag","embeddable":true,"href":"https:\/\/markoweokulary.pl\/pl\/wp-json\/wp\/v2\/product_tag?post=1192"},{"taxonomy":"model","embeddable":true,"href":"https:\/\/markoweokulary.pl\/pl\/wp-json\/wp\/v2\/model?post=1192"}],"curies":[{"name":"wp","href":"https:\/\/api.w.org\/{rel}","templated":true}]}}