{"id":1187,"date":"2025-09-15T18:28:30","date_gmt":"2025-09-15T16:28:30","guid":{"rendered":"https:\/\/duke2.unixstorm.eu\/produkt\/jacques-marie-mage-atkins-cairo\/"},"modified":"2026-03-09T13:56:37","modified_gmt":"2026-03-09T12:56:37","slug":"jacques-marie-mage-atkins-cairo","status":"publish","type":"product","link":"https:\/\/markoweokulary.pl\/pl\/produkt\/jacques-marie-mage-atkins-cairo\/","title":{"rendered":"Jacques Marie Mage ATKINS | CAIRO"},"content":{"rendered":"<p data-start=\"994\" data-end=\"1245\"><strong data-start=\"994\" data-end=\"1007\">Dla kogo?<\/strong><br data-start=\"1007\" data-end=\"1010\" \/><strong data-start=\"1010\" data-end=\"1048\">Jacques Marie Mage Atkins in Cairo<\/strong> to oprawa dla os\u00f3b, kt\u00f3re ceni\u0105 techniczn\u0105 perfekcj\u0119, ponadczasow\u0105 elegancj\u0119 i nut\u0119 indywidualizmu.<\/p>\n<p data-start=\"994\" data-end=\"1245\">Wyrafinowana, zmys\u0142owa i pe\u0142na osobowo\u015bci \u2013 stanowi wsp\u00f3\u0142czesny manifest luksusu i charakteru.<\/p>\n","protected":false},"excerpt":{"rendered":"<h3 data-start=\"153\" data-end=\"199\">Jacques Marie Mage \u2013 <strong data-start=\"178\" data-end=\"197\">Atkins in Cairo<\/strong><\/h3>\n<p data-start=\"201\" data-end=\"513\"><strong data-start=\"201\" data-end=\"224\">Subtelna si\u0142a formy<\/strong><br data-start=\"224\" data-end=\"227\" \/>Model <strong data-start=\"233\" data-end=\"252\">Atkins in Cairo<\/strong> to oprawa o delikatnie kanciastym kszta\u0142cie soczewek, wykonana w limitowanej serii <strong data-start=\"336\" data-end=\"355\">500 egzemplarzy<\/strong>. Zosta\u0142a zaprojektowana z my\u015bl\u0105 o tych, kt\u00f3rzy rozumiej\u0105, \u017ce prawdziwa legenda wymaga odpowiedniej oprawy \u2013 zar\u00f3wno w sensie dos\u0142ownym, jak i symbolicznym.<\/p>\n<p data-start=\"515\" data-end=\"536\"><strong data-start=\"515\" data-end=\"534\">Detale i design<\/strong><\/p>\n<ul data-start=\"537\" data-end=\"992\">\n<li data-start=\"537\" data-end=\"593\">\n<p data-start=\"539\" data-end=\"593\">Kszta\u0142t: subtelnie kanciasty, elegancki i nowoczesny<\/p>\n<\/li>\n<li data-start=\"594\" data-end=\"706\">\n<p data-start=\"596\" data-end=\"706\">Rama: 10-milimetrowy insert z utwardzonego acetatu w kolorze <strong data-start=\"657\" data-end=\"666\">Cairo<\/strong>, o szlachetnym, bursztynowym odcieniu<\/p>\n<\/li>\n<li data-start=\"707\" data-end=\"823\">\n<p data-start=\"709\" data-end=\"823\">Zauszniki: \u017c\u0142obione profile z charakterystycznymi zako\u0144czeniami typu <em data-start=\"778\" data-end=\"787\">tailfin<\/em> \u2013 dodaj\u0105ce obj\u0119to\u015bci i charakteru<\/p>\n<\/li>\n<li data-start=\"824\" data-end=\"896\">\n<p data-start=\"826\" data-end=\"896\">Konstrukcja: po\u0142\u0105czenie technicznej precyzji i klasycznego rzemios\u0142a<\/p>\n<\/li>\n<li data-start=\"897\" data-end=\"992\">\n<p data-start=\"899\" data-end=\"992\">Limitowana edycja: <strong data-start=\"918\" data-end=\"931\">500 sztuk<\/strong> \u2013 ka\u017cdy egzemplarz to unikatowe po\u0142\u0105czenie stylu i kunsztu<\/p>\n<\/li>\n<\/ul>\n","protected":false},"featured_media":1835,"template":"","meta":{"_acf_changed":false},"product_brand":[82],"product_cat":[30],"product_tag":[181],"model":[365],"class_list":{"0":"post-1187","1":"product","2":"type-product","3":"status-publish","4":"has-post-thumbnail","6":"product_brand-jacques-marie-mage","7":"product_cat-okulary-przeciwsloneczne","8":"product_tag-jmmtk13u","9":"model-atkins","11":"first","12":"outofstock","13":"sale","14":"taxable","15":"shipping-taxable","16":"purchasable","17":"product-type-simple"},"acf":[],"aioseo_notices":[],"_links":{"self":[{"href":"https:\/\/markoweokulary.pl\/pl\/wp-json\/wp\/v2\/product\/1187","targetHints":{"allow":["GET"]}}],"collection":[{"href":"https:\/\/markoweokulary.pl\/pl\/wp-json\/wp\/v2\/product"}],"about":[{"href":"https:\/\/markoweokulary.pl\/pl\/wp-json\/wp\/v2\/types\/product"}],"version-history":[{"count":1,"href":"https:\/\/markoweokulary.pl\/pl\/wp-json\/wp\/v2\/product\/1187\/revisions"}],"predecessor-version":[{"id":4457,"href":"https:\/\/markoweokulary.pl\/pl\/wp-json\/wp\/v2\/product\/1187\/revisions\/4457"}],"wp:featuredmedia":[{"embeddable":true,"href":"https:\/\/markoweokulary.pl\/pl\/wp-json\/wp\/v2\/media\/1835"}],"wp:attachment":[{"href":"https:\/\/markoweokulary.pl\/pl\/wp-json\/wp\/v2\/media?parent=1187"}],"wp:term":[{"taxonomy":"product_brand","embeddable":true,"href":"https:\/\/markoweokulary.pl\/pl\/wp-json\/wp\/v2\/product_brand?post=1187"},{"taxonomy":"product_cat","embeddable":true,"href":"https:\/\/markoweokulary.pl\/pl\/wp-json\/wp\/v2\/product_cat?post=1187"},{"taxonomy":"product_tag","embeddable":true,"href":"https:\/\/markoweokulary.pl\/pl\/wp-json\/wp\/v2\/product_tag?post=1187"},{"taxonomy":"model","embeddable":true,"href":"https:\/\/markoweokulary.pl\/pl\/wp-json\/wp\/v2\/model?post=1187"}],"curies":[{"name":"wp","href":"https:\/\/api.w.org\/{rel}","templated":true}]}}