{"id":1134,"date":"2025-09-15T18:10:53","date_gmt":"2025-09-15T16:10:53","guid":{"rendered":"https:\/\/duke2.unixstorm.eu\/produkt\/jacques-marie-mage-bugsy-brut\/"},"modified":"2026-03-05T18:50:13","modified_gmt":"2026-03-05T17:50:13","slug":"jacques-marie-mage-bugsy-brut","status":"publish","type":"product","link":"https:\/\/markoweokulary.pl\/pl\/produkt\/jacques-marie-mage-bugsy-brut\/","title":{"rendered":"Jacques Marie Mage BUGSY | BRUT"},"content":{"rendered":"<p data-start=\"1049\" data-end=\"1299\"><strong data-start=\"1049\" data-end=\"1062\">Dla kogo?<\/strong><br data-start=\"1062\" data-end=\"1065\" \/><strong data-start=\"1065\" data-end=\"1101\">Jacques Marie Mage Bugsy in Brut<\/strong> to propozycja dla os\u00f3b, kt\u00f3re \u0142\u0105cz\u0105 klasyk\u0119 z niezale\u017cno\u015bci\u0105.<\/p>\n<p data-start=\"1049\" data-end=\"1299\">Oprawa o filmowej charyzmie i artystycznej precyzji, zaprojektowana dla tych, kt\u00f3rzy potrafi\u0105 nosi\u0107 styl z pewno\u015bci\u0105 i spokojn\u0105 si\u0142\u0105.<\/p>\n","protected":false},"excerpt":{"rendered":"<h3 data-start=\"150\" data-end=\"194\">Jacques Marie Mage \u2013 <strong data-start=\"175\" data-end=\"192\">Bugsy in Brut<\/strong><\/h3>\n<p data-start=\"196\" data-end=\"537\"><strong data-start=\"196\" data-end=\"233\">Wyrafinowana si\u0142a z dusz\u0105 lat 50.<\/strong><br data-start=\"233\" data-end=\"236\" \/>Model <strong data-start=\"242\" data-end=\"259\">Bugsy in Brut<\/strong> to wsp\u00f3\u0142czesna reinterpretacja klasyki po\u0142owy XX wieku \u2013 odwa\u017cny, pe\u0142en charakteru i niezwykle dopracowany w ka\u017cdym detalu. Wykonany r\u0119cznie w limitowanej edycji <strong data-start=\"422\" data-end=\"441\">350 egzemplarzy<\/strong>, \u0142\u0105czy elegancj\u0119 z nut\u0105 surowo\u015bci, tworz\u0105c opraw\u0119, kt\u00f3ra przyci\u0105ga uwag\u0119 bez potrzeby krzyku.<\/p>\n<p data-start=\"539\" data-end=\"560\"><strong data-start=\"539\" data-end=\"558\">Detale i design<\/strong><\/p>\n<ul data-start=\"561\" data-end=\"1047\">\n<li data-start=\"561\" data-end=\"688\">\n<p data-start=\"563\" data-end=\"688\">Konstrukcja typu <strong data-start=\"580\" data-end=\"589\">combo<\/strong>: tytanowa oprawa z rze\u017abiarsk\u0105 lini\u0105 brwi (monobrow) i zausznikami z acetatu w odcieniu <strong data-start=\"678\" data-end=\"686\">Brut<\/strong><\/p>\n<\/li>\n<li data-start=\"689\" data-end=\"798\">\n<p data-start=\"691\" data-end=\"798\">Elementy ozdobne: charakterystyczne nity w kszta\u0142cie strza\u0142y oraz polerowane detale z metalu szlachetnego<\/p>\n<\/li>\n<li data-start=\"799\" data-end=\"892\">\n<p data-start=\"801\" data-end=\"892\">Forma: klasyczny, ponadczasowy kszta\u0142t inspirowany latami 50., z nowoczesnym wyko\u0144czeniem<\/p>\n<\/li>\n<li data-start=\"893\" data-end=\"964\">\n<p data-start=\"895\" data-end=\"964\">Dopasowanie: \u015brednie \u2013 wygodne, wywa\u017cone i eleganckie w proporcjach<\/p>\n<\/li>\n<li data-start=\"965\" data-end=\"1047\">\n<p data-start=\"967\" data-end=\"1047\">Limitowana edycja: <strong data-start=\"986\" data-end=\"999\">350 sztuk<\/strong>, wykonanych r\u0119cznie z dba\u0142o\u015bci\u0105 o ka\u017cdy detal<\/p>\n<\/li>\n<\/ul>\n","protected":false},"featured_media":1131,"template":"","meta":{"_acf_changed":false},"product_brand":[82],"product_cat":[30],"product_tag":[145],"model":[367],"class_list":{"0":"post-1134","1":"product","2":"type-product","3":"status-publish","4":"has-post-thumbnail","6":"product_brand-jacques-marie-mage","7":"product_cat-okulary-przeciwsloneczne","8":"product_tag-jmmb14q","9":"model-bugsy","11":"first","12":"instock","13":"sale","14":"taxable","15":"shipping-taxable","16":"purchasable","17":"product-type-simple"},"acf":[],"aioseo_notices":[],"_links":{"self":[{"href":"https:\/\/markoweokulary.pl\/pl\/wp-json\/wp\/v2\/product\/1134","targetHints":{"allow":["GET"]}}],"collection":[{"href":"https:\/\/markoweokulary.pl\/pl\/wp-json\/wp\/v2\/product"}],"about":[{"href":"https:\/\/markoweokulary.pl\/pl\/wp-json\/wp\/v2\/types\/product"}],"version-history":[{"count":1,"href":"https:\/\/markoweokulary.pl\/pl\/wp-json\/wp\/v2\/product\/1134\/revisions"}],"predecessor-version":[{"id":4461,"href":"https:\/\/markoweokulary.pl\/pl\/wp-json\/wp\/v2\/product\/1134\/revisions\/4461"}],"wp:featuredmedia":[{"embeddable":true,"href":"https:\/\/markoweokulary.pl\/pl\/wp-json\/wp\/v2\/media\/1131"}],"wp:attachment":[{"href":"https:\/\/markoweokulary.pl\/pl\/wp-json\/wp\/v2\/media?parent=1134"}],"wp:term":[{"taxonomy":"product_brand","embeddable":true,"href":"https:\/\/markoweokulary.pl\/pl\/wp-json\/wp\/v2\/product_brand?post=1134"},{"taxonomy":"product_cat","embeddable":true,"href":"https:\/\/markoweokulary.pl\/pl\/wp-json\/wp\/v2\/product_cat?post=1134"},{"taxonomy":"product_tag","embeddable":true,"href":"https:\/\/markoweokulary.pl\/pl\/wp-json\/wp\/v2\/product_tag?post=1134"},{"taxonomy":"model","embeddable":true,"href":"https:\/\/markoweokulary.pl\/pl\/wp-json\/wp\/v2\/model?post=1134"}],"curies":[{"name":"wp","href":"https:\/\/api.w.org\/{rel}","templated":true}]}}