{"id":5118,"date":"2026-02-26T20:53:42","date_gmt":"2026-02-26T19:53:42","guid":{"rendered":"https:\/\/heuristic-blackwell.159-195-21-120.plesk.page\/?page_id=5118"},"modified":"2026-03-09T14:52:03","modified_gmt":"2026-03-09T13:52:03","slug":"polityka-prywatnosci","status":"publish","type":"page","link":"https:\/\/markoweokulary.pl\/pl\/polityka-prywatnosci\/","title":{"rendered":"Polityka prywatno\u015bci i cookies"},"content":{"rendered":"\t\t<div data-elementor-type=\"wp-page\" data-elementor-id=\"5118\" class=\"elementor elementor-5118\" data-elementor-post-type=\"page\">\n\t\t\t\t<div class=\"elementor-element elementor-element-98c0ef8 e-flex e-con-boxed e-con e-parent\" data-id=\"98c0ef8\" data-element_type=\"container\" data-e-type=\"container\">\n\t\t\t\t\t<div class=\"e-con-inner\">\n\t\t\t\t<div class=\"elementor-element elementor-element-b7c370c elementor-widget elementor-widget-text-editor\" data-id=\"b7c370c\" data-element_type=\"widget\" data-e-type=\"widget\" data-widget_type=\"text-editor.default\">\n\t\t\t\t\t\t\t\t\t<h5 style=\"text-align: left;\" data-start=\"338\" data-end=\"377\">Polityka prywatno\u015bci i plik\u00f3w cookies<\/h5><p data-start=\"379\" data-end=\"418\"><strong data-start=\"379\" data-end=\"405\">Ostatnia aktualizacja:<\/strong> 26.02.2026<\/p><h5 data-start=\"420\" data-end=\"446\">\u00a0<\/h5><h5 data-start=\"420\" data-end=\"446\">1. Administrator danych<\/h5><p data-start=\"447\" data-end=\"619\">Administratorem Twoich danych osobowych jest:<br data-start=\"492\" data-end=\"495\" \/><strong data-start=\"495\" data-end=\"545\">Sun and Shadow\u00a0<\/strong><\/p><p data-start=\"2671\" data-end=\"2761\">Go\u0142kowice 12<\/p><p data-start=\"2671\" data-end=\"2761\">46-220 Byczyna<\/p><p data-start=\"2671\" data-end=\"2761\">NIP: 9291566483<br data-start=\"585\" data-end=\"588\" \/>E-mail: <b>sklep@markoweokulary.pl<\/b><\/p><p data-start=\"621\" data-end=\"736\">We wszystkich sprawach dotycz\u0105cych prywatno\u015bci mo\u017cesz skontaktowa\u0107 si\u0119 z nami pod adresem: <b>sklep@markoweokulary.pl<\/b><\/p><h5 data-start=\"743\" data-end=\"788\">\u00a0<\/h5><h5 data-start=\"743\" data-end=\"788\">2. Jakie dane przetwarzamy i w jakim celu?<\/h5><h5 data-start=\"790\" data-end=\"831\">A) Zam\u00f3wienia w sklepie (WooCommerce)<\/h5><p data-start=\"832\" data-end=\"1272\"><strong data-start=\"832\" data-end=\"850\">Zakres danych:<\/strong> imi\u0119 i nazwisko, adres dostawy, adres e-mail, numer telefonu (je\u015bli wymagany przez przewo\u017anika lub wybrany spos\u00f3b dostawy), dane do faktury (je\u015bli podane), szczeg\u00f3\u0142y zam\u00f3wienia.<br data-start=\"1028\" data-end=\"1031\" \/><strong data-start=\"1031\" data-end=\"1039\">Cel:<\/strong> realizacja zam\u00f3wienia, dostawa, kontakt w sprawie zam\u00f3wienia, obs\u0142uga p\u0142atno\u015bci, rozliczenia.<br data-start=\"1133\" data-end=\"1136\" \/><strong data-start=\"1136\" data-end=\"1156\">Podstawa prawna:<\/strong> art. 6 ust. 1 lit. b RODO (wykonanie umowy) oraz art. 6 ust. 1 lit. c RODO (obowi\u0105zki prawne \u2013 ksi\u0119gowo\u015b\u0107\/podatki).<\/p><h5 data-start=\"1274\" data-end=\"1294\">\u00a0<\/h5><h5 data-start=\"1274\" data-end=\"1294\">B) Konto klienta<\/h5><p data-start=\"1295\" data-end=\"1499\"><strong data-start=\"1295\" data-end=\"1313\">Zakres danych:<\/strong> dane kontaktowe i dane powi\u0105zane z kontem, historia zam\u00f3wie\u0144.<br data-start=\"1375\" data-end=\"1378\" \/><strong data-start=\"1378\" data-end=\"1386\">Cel:<\/strong> obs\u0142uga konta, u\u0142atwienie kolejnych zakup\u00f3w.<br data-start=\"1431\" data-end=\"1434\" \/><strong data-start=\"1434\" data-end=\"1454\">Podstawa prawna:<\/strong> art. 6 ust. 1 lit. b RODO (wykonanie umowy).<\/p><h5 data-start=\"1501\" data-end=\"1536\">\u00a0<\/h5><h5 data-start=\"1501\" data-end=\"1536\">C) Kontakt (formularz \/ e-mail)<\/h5><p data-start=\"1537\" data-end=\"1847\"><strong data-start=\"1537\" data-end=\"1555\">Zakres danych:<\/strong> imi\u0119, e-mail, tre\u015b\u0107 wiadomo\u015bci, ewentualnie numer telefonu (je\u015bli podasz).<br data-start=\"1630\" data-end=\"1633\" \/><strong data-start=\"1633\" data-end=\"1641\">Cel:<\/strong> odpowied\u017a na zapytanie i obs\u0142uga korespondencji.<br data-start=\"1690\" data-end=\"1693\" \/><strong data-start=\"1693\" data-end=\"1713\">Podstawa prawna:<\/strong> art. 6 ust. 1 lit. f RODO (prawnie uzasadniony interes \u2013 komunikacja) lub art. 6 ust. 1 lit. b RODO, je\u015bli sprawa dotyczy zam\u00f3wienia.<\/p><h5 data-start=\"1849\" data-end=\"1887\">\u00a0<\/h5><h5 data-start=\"1849\" data-end=\"1887\">D) Analityka i marketing (cookies)<\/h5><p data-start=\"1888\" data-end=\"2002\">Korzystamy z narz\u0119dzi analitycznych i marketingowych dzia\u0142aj\u0105cych w oparciu o pliki cookies\/identyfikatory online:<\/p><ul data-start=\"2003\" data-end=\"2241\"><li data-start=\"2003\" data-end=\"2079\"><p data-start=\"2005\" data-end=\"2079\"><strong data-start=\"2005\" data-end=\"2033\">Google Analytics 4 (GA4)<\/strong> \u2013 statystyka i analiza zachowania na stronie,<\/p><\/li><li data-start=\"2080\" data-end=\"2164\"><p data-start=\"2082\" data-end=\"2164\"><strong data-start=\"2082\" data-end=\"2117\">Meta Pixel (Facebook\/Instagram)<\/strong> \u2013 pomiar i optymalizacja kampanii reklamowych,<\/p><\/li><li data-start=\"2165\" data-end=\"2241\"><p data-start=\"2167\" data-end=\"2241\"><strong data-start=\"2167\" data-end=\"2211\">Google Ads tag (konwersje \/ remarketing)<\/strong> \u2013 pomiar skuteczno\u015bci reklam.<\/p><\/li><\/ul><p data-start=\"2243\" data-end=\"2683\"><strong data-start=\"2243\" data-end=\"2261\">Zakres danych:<\/strong> identyfikatory cookies, przybli\u017cona lokalizacja, informacje o urz\u0105dzeniu i przegl\u0105darce, zdarzenia na stronie (np. wy\u015bwietlenie produktu, dodanie do koszyka, zakup), adres IP (cz\u0119sto w formie skr\u00f3conej lub przetwarzany zgodnie z ustawieniami dostawcy).<br data-start=\"2514\" data-end=\"2517\" \/><strong data-start=\"2517\" data-end=\"2525\">Cel:<\/strong> statystyka, poprawa UX, pomiar i optymalizacja reklam.<br data-start=\"2580\" data-end=\"2583\" \/><strong data-start=\"2583\" data-end=\"2603\">Podstawa prawna:<\/strong> art. 6 ust. 1 lit. a RODO (zgoda) \u2013 dla cookies analitycznych i marketingowych.<\/p><p data-start=\"2685\" data-end=\"2753\">Zgody na cookies zbieramy i zarz\u0105dzamy nimi za pomoc\u0105 <strong data-start=\"2739\" data-end=\"2752\">Complianz<\/strong>.<\/p><h5 data-start=\"2760\" data-end=\"2799\">\u00a0<\/h5><h5 data-start=\"2760\" data-end=\"2799\">3. Komu mo\u017cemy przekaza\u0107 Twoje dane?<\/h5><p data-start=\"2800\" data-end=\"2869\">Dane przekazujemy wy\u0142\u0105cznie podmiotom niezb\u0119dnym do dzia\u0142ania sklepu:<\/p><h5 data-start=\"2871\" data-end=\"2887\">\u00a0<\/h5><h5 data-start=\"2871\" data-end=\"2887\">A) P\u0142atno\u015bci<\/h5><p data-start=\"2888\" data-end=\"2988\">W zale\u017cno\u015bci od wybranej metody p\u0142atno\u015bci, Twoje dane mog\u0105 by\u0107 przekazywane do operator\u00f3w p\u0142atno\u015bci:<\/p><ul data-start=\"2989\" data-end=\"3063\"><li data-start=\"2989\" data-end=\"3001\"><p data-start=\"2991\" data-end=\"3001\"><strong data-start=\"2991\" data-end=\"3001\">PayPal<\/strong><\/p><\/li><li data-start=\"3002\" data-end=\"3028\"><p data-start=\"3004\" data-end=\"3028\"><strong data-start=\"3004\" data-end=\"3028\">Stripe \/ WooPayments<\/strong><\/p><\/li><li data-start=\"3029\" data-end=\"3045\"><p data-start=\"3031\" data-end=\"3045\"><strong data-start=\"3031\" data-end=\"3045\">Przelewy24<\/strong><\/p><\/li><li data-start=\"3046\" data-end=\"3063\"><p data-start=\"3048\" data-end=\"3063\"><strong data-start=\"3048\" data-end=\"3063\">Revolut Pay<\/strong><\/p><\/li><\/ul><p data-start=\"3065\" data-end=\"3322\">Zakres danych zale\u017cy od metody p\u0142atno\u015bci (np. identyfikator transakcji, dane kontaktowe i kwota). Operatorzy p\u0142atno\u015bci s\u0105 niezale\u017cnymi administratorami danych w zakresie realizacji transakcji lub podmiotami przetwarzaj\u0105cymi \u2013 zgodnie ze swoimi regulaminami.<\/p><h5 data-start=\"3324\" data-end=\"3338\">\u00a0<\/h5><h5 data-start=\"3324\" data-end=\"3338\">B) Dostawa<\/h5><p data-start=\"3339\" data-end=\"3476\">Dane niezb\u0119dne do dostawy przekazujemy przewo\u017anikom i operatorom logistycznym (np. imi\u0119, nazwisko, adres, telefon\/e-mail je\u015bli wymagany).<\/p><h5 data-start=\"3478\" data-end=\"3494\">\u00a0<\/h5><h5 data-start=\"3478\" data-end=\"3494\">C) Us\u0142ugi IT<\/h5><p data-start=\"3495\" data-end=\"3605\">Dane mog\u0105 by\u0107 powierzane dostawcom hostingu, poczty e-mail oraz us\u0142ug IT (utrzymanie i bezpiecze\u0144stwo sklepu).<\/p><h5 data-start=\"3607\" data-end=\"3646\">\u00a0<\/h5><h5 data-start=\"3607\" data-end=\"3646\">D) Analityka i reklamy (po zgodzie)<\/h5><p data-start=\"3647\" data-end=\"3742\">Po wyra\u017ceniu zgody na cookies analityczne\/marketingowe dane mog\u0105 trafia\u0107 do dostawc\u00f3w narz\u0119dzi:<\/p><ul data-start=\"3743\" data-end=\"3791\"><li data-start=\"3743\" data-end=\"3770\"><p data-start=\"3745\" data-end=\"3770\">Google (GA4, Google Ads),<\/p><\/li><li data-start=\"3771\" data-end=\"3791\"><p data-start=\"3773\" data-end=\"3791\">Meta (Meta Pixel).<\/p><\/li><\/ul><h5 data-start=\"3798\" data-end=\"3842\">\u00a0<\/h5><h5 data-start=\"3798\" data-end=\"3842\">4. Przekazywanie danych poza EOG (UE\/EOG)<\/h5><p data-start=\"3843\" data-end=\"4174\">Niekt\u00f3re narz\u0119dzia (np. <strong data-start=\"3867\" data-end=\"3921\">Google Analytics 4, Google Ads, Meta Pixel, PayPal<\/strong>) mog\u0105 wi\u0105za\u0107 si\u0119 z przekazywaniem danych poza Europejski Obszar Gospodarczy (np. do USA). W takich przypadkach stosowane s\u0105 zabezpieczenia wymagane przez prawo (np. standardowe klauzule umowne \u2013 SCC) oraz mechanizmy zgodno\u015bci oferowane przez dostawc\u00f3w.<\/p><h5 data-start=\"4181\" data-end=\"4216\">5. Jak d\u0142ugo przechowujemy dane?<\/h5><ul data-start=\"4217\" data-end=\"4642\"><li data-start=\"4217\" data-end=\"4325\"><p data-start=\"4219\" data-end=\"4325\"><strong data-start=\"4219\" data-end=\"4255\">Zam\u00f3wienia i dokumenty ksi\u0119gowe:<\/strong> przez okres wymagany przepisami prawa (podatkowymi i rachunkowymi).<\/p><\/li><li data-start=\"4326\" data-end=\"4420\"><p data-start=\"4328\" data-end=\"4420\"><strong data-start=\"4328\" data-end=\"4346\">Konto klienta:<\/strong> do czasu usuni\u0119cia konta lub przez okres niezb\u0119dny do obs\u0142ugi roszcze\u0144.<\/p><\/li><li data-start=\"4421\" data-end=\"4532\"><p data-start=\"4423\" data-end=\"4532\"><strong data-start=\"4423\" data-end=\"4442\">Korespondencja:<\/strong> przez czas potrzebny do obs\u0142ugi sprawy, a nast\u0119pnie przez okres przedawnienia roszcze\u0144.<\/p><\/li><li data-start=\"4533\" data-end=\"4642\"><p data-start=\"4535\" data-end=\"4642\"><strong data-start=\"4535\" data-end=\"4577\">Dane cookies\/analityczne\/marketingowe:<\/strong> zgodnie z ustawieniami narz\u0119dzi i konfiguracj\u0105 zg\u00f3d w Complianz.<\/p><\/li><\/ul><h5 data-start=\"4649\" data-end=\"4666\">\u00a0<\/h5><h5 data-start=\"4649\" data-end=\"4666\">6. Twoje prawa<\/h5><p data-start=\"4667\" data-end=\"4919\">Masz prawo do: dost\u0119pu do danych, sprostowania, usuni\u0119cia, ograniczenia przetwarzania, przenoszenia danych, sprzeciwu (gdy przetwarzamy na podstawie uzasadnionego interesu), cofni\u0119cia zgody (dla cookies\/marketingu) oraz z\u0142o\u017cenia skargi do Prezesa UODO.<\/p><h5 data-start=\"4926\" data-end=\"4953\">\u00a0<\/h5><h5 data-start=\"4926\" data-end=\"4953\">7. Bezpiecze\u0144stwo danych<\/h5><p data-start=\"4954\" data-end=\"5112\">Stosujemy \u015brodki organizacyjne i techniczne chroni\u0105ce dane, w tym szyfrowanie po\u0142\u0105czenia (SSL) oraz zabezpieczenia dost\u0119pu do panelu administracyjnego sklepu.<\/p><h1 data-start=\"5119\" data-end=\"5137\">\u00a0<\/h1><h5 data-start=\"5119\" data-end=\"5137\">\u00a0<\/h5><h5 style=\"text-align: left;\" data-start=\"5119\" data-end=\"5137\">Polityka cookies<\/h5><h2 data-start=\"5139\" data-end=\"5167\">\u00a0<\/h2><h5 data-start=\"5139\" data-end=\"5167\">8. Czym s\u0105 pliki cookies?<\/h5><p data-start=\"5168\" data-end=\"5342\">Cookies to niewielkie pliki tekstowe zapisywane na Twoim urz\u0105dzeniu. Pomagaj\u0105 w dzia\u0142aniu sklepu, zapami\u0119tywaniu ustawie\u0144 oraz w analizie i marketingu (je\u015bli wyrazisz zgod\u0119).<\/p><h5 data-start=\"5344\" data-end=\"5373\">\u00a0<\/h5><h5 data-start=\"5344\" data-end=\"5373\">9. Jakich cookies u\u017cywamy?<\/h5><h5 data-start=\"5374\" data-end=\"5403\">\u00a0<\/h5><h5 data-start=\"5374\" data-end=\"5403\">A) Niezb\u0119dne (techniczne)<\/h5><p data-start=\"5404\" data-end=\"5515\">Umo\u017cliwiaj\u0105 prawid\u0142owe dzia\u0142anie sklepu (np. koszyk, logowanie, bezpiecze\u0144stwo). Te cookies nie wymagaj\u0105 zgody.<\/p><h5 data-start=\"5517\" data-end=\"5535\">\u00a0<\/h5><h5 data-start=\"5517\" data-end=\"5535\">B) Analityczne<\/h5><p data-start=\"5536\" data-end=\"5607\">Pozwalaj\u0105 nam analizowa\u0107 ruch i dzia\u0142anie strony (GA4). Wymagaj\u0105 zgody.<\/p><h5 data-start=\"5609\" data-end=\"5628\">\u00a0<\/h5><h5 data-start=\"5609\" data-end=\"5628\">C) Marketingowe<\/h5><p data-start=\"5629\" data-end=\"5728\">S\u0142u\u017c\u0105 do pomiaru i optymalizacji reklam oraz remarketingu (Meta Pixel, Google Ads). Wymagaj\u0105 zgody.<\/p><h5 data-start=\"5730\" data-end=\"5768\">\u00a0<\/h5><h5 data-start=\"5730\" data-end=\"5768\">10. Zarz\u0105dzanie cookies (Complianz)<\/h5><p data-start=\"5769\" data-end=\"5968\">Podczas pierwszej wizyty mo\u017cesz zaakceptowa\u0107 wybrane kategorie cookies lub odm\u00f3wi\u0107. Zgod\u0119 mo\u017cesz zmieni\u0107 w dowolnym momencie poprzez ustawienia banera cookies (Complianz) lub ustawienia przegl\u0105darki.<\/p><h5 data-start=\"5970\" data-end=\"5989\">\u00a0<\/h5><h5 data-start=\"5970\" data-end=\"5989\">11. Logi serwera<\/h5><p data-start=\"5990\" data-end=\"6216\">Korzystanie ze strony wi\u0105\u017ce si\u0119 z przesy\u0142aniem zapyta\u0144 do serwera, kt\u00f3re mog\u0105 by\u0107 zapisywane w logach (np. adres IP, data i czas, informacje o przegl\u0105darce). Dane te s\u0142u\u017c\u0105 zapewnieniu bezpiecze\u0144stwa i administrowaniu serwisem.<\/p><hr data-start=\"6218\" data-end=\"6221\" \/><h5 data-start=\"6223\" data-end=\"6237\">\u00a0<\/h5><h5 data-start=\"6223\" data-end=\"6237\">12. Kontakt<\/h5><p data-start=\"6238\" data-end=\"6322\">W sprawach zwi\u0105zanych z prywatno\u015bci\u0105 skontaktuj si\u0119 z nami: <b>sklep@markoweokulary.pl<\/b>.<\/p>\t\t\t\t\t\t\t\t<\/div>\n\t\t\t\t\t<\/div>\n\t\t\t\t<\/div>\n\t\t\t\t<\/div>\n\t\t","protected":false},"excerpt":{"rendered":"<p>Polityka prywatno\u015bci i plik\u00f3w cookies Ostatnia aktualizacja: 26.02.2026 \u00a0 1. Administrator danych Administratorem Twoich danych osobowych jest:Sun and Shadow\u00a0 Go\u0142kowice 12 46-220 Byczyna NIP: 9291566483E-mail: sklep@markoweokulary.pl We wszystkich sprawach dotycz\u0105cych prywatno\u015bci mo\u017cesz skontaktowa\u0107 si\u0119 z nami pod adresem: sklep@markoweokulary.pl \u00a0 2. Jakie dane przetwarzamy i w jakim celu? A) Zam\u00f3wienia w sklepie (WooCommerce) Zakres danych: [&hellip;]<\/p>\n","protected":false},"author":1,"featured_media":0,"parent":0,"menu_order":0,"comment_status":"closed","ping_status":"closed","template":"","meta":{"_acf_changed":false,"footnotes":""},"class_list":["post-5118","page","type-page","status-publish","hentry"],"acf":[],"aioseo_notices":[],"_links":{"self":[{"href":"https:\/\/markoweokulary.pl\/pl\/wp-json\/wp\/v2\/pages\/5118","targetHints":{"allow":["GET"]}}],"collection":[{"href":"https:\/\/markoweokulary.pl\/pl\/wp-json\/wp\/v2\/pages"}],"about":[{"href":"https:\/\/markoweokulary.pl\/pl\/wp-json\/wp\/v2\/types\/page"}],"author":[{"embeddable":true,"href":"https:\/\/markoweokulary.pl\/pl\/wp-json\/wp\/v2\/users\/1"}],"replies":[{"embeddable":true,"href":"https:\/\/markoweokulary.pl\/pl\/wp-json\/wp\/v2\/comments?post=5118"}],"version-history":[{"count":16,"href":"https:\/\/markoweokulary.pl\/pl\/wp-json\/wp\/v2\/pages\/5118\/revisions"}],"predecessor-version":[{"id":8089,"href":"https:\/\/markoweokulary.pl\/pl\/wp-json\/wp\/v2\/pages\/5118\/revisions\/8089"}],"wp:attachment":[{"href":"https:\/\/markoweokulary.pl\/pl\/wp-json\/wp\/v2\/media?parent=5118"}],"curies":[{"name":"wp","href":"https:\/\/api.w.org\/{rel}","templated":true}]}}