{"id":5104,"date":"2026-02-26T20:27:55","date_gmt":"2026-02-26T19:27:55","guid":{"rendered":"https:\/\/heuristic-blackwell.159-195-21-120.plesk.page\/?page_id=5104"},"modified":"2026-03-09T14:52:47","modified_gmt":"2026-03-09T13:52:47","slug":"zwroty-i-reklamacje","status":"publish","type":"page","link":"https:\/\/markoweokulary.pl\/pl\/zwroty-i-reklamacje\/","title":{"rendered":"Zwroty i reklamacje"},"content":{"rendered":"\t\t<div data-elementor-type=\"wp-page\" data-elementor-id=\"5104\" class=\"elementor elementor-5104\" data-elementor-post-type=\"page\">\n\t\t\t\t<div class=\"elementor-element elementor-element-e98fd1e e-flex e-con-boxed e-con e-parent\" data-id=\"e98fd1e\" data-element_type=\"container\" data-e-type=\"container\">\n\t\t\t\t\t<div class=\"e-con-inner\">\n\t\t\t\t<div class=\"elementor-element elementor-element-7085d92 elementor-widget elementor-widget-text-editor\" data-id=\"7085d92\" data-element_type=\"widget\" data-e-type=\"widget\" data-widget_type=\"text-editor.default\">\n\t\t\t\t\t\t\t\t\t<h5 style=\"text-align: left;\" data-start=\"263\" data-end=\"284\">Zwroty i reklamacje<\/h5><h5 data-start=\"286\" data-end=\"321\">\u00a0<\/h5><h5 data-start=\"286\" data-end=\"321\">1) Zwroty (odst\u0105pienie od umowy)<\/h5><p data-start=\"322\" data-end=\"454\">Je\u015bli kupujesz jako konsument, masz prawo odst\u0105pi\u0107 od umowy w terminie <strong data-start=\"393\" data-end=\"403\">14 dni<\/strong> od otrzymania przesy\u0142ki \u2014 bez podawania przyczyny.<\/p><h5 data-start=\"456\" data-end=\"478\">\u00a0<\/h5><h5 data-start=\"456\" data-end=\"478\">Jak dokona\u0107 zwrotu<\/h5><ol data-start=\"479\" data-end=\"671\"><li data-start=\"479\" data-end=\"545\"><p data-start=\"482\" data-end=\"545\">Napisz do nas na <b>sklep@markoweokulary.pl<\/b>\u00a0z numerem zam\u00f3wienia.<\/p><\/li><li data-start=\"546\" data-end=\"607\"><p data-start=\"549\" data-end=\"607\">Otrzymasz kr\u00f3tk\u0105 instrukcj\u0119 zwrotu i adres do odes\u0142ania.<\/p><\/li><li data-start=\"608\" data-end=\"671\"><p data-start=\"611\" data-end=\"671\">Ode\u015blij produkt w terminie 14 dni od zg\u0142oszenia odst\u0105pienia.<\/p><\/li><\/ol><h5 data-start=\"673\" data-end=\"701\">\u00a0<\/h5><h5 data-start=\"673\" data-end=\"701\">Warunki przyj\u0119cia zwrotu<\/h5><p data-start=\"702\" data-end=\"756\">Aby przyspieszy\u0107 proces, prosimy o odes\u0142anie produktu:<\/p><ul data-start=\"757\" data-end=\"930\"><li data-start=\"757\" data-end=\"805\"><p data-start=\"759\" data-end=\"805\">w stanie <strong data-start=\"768\" data-end=\"783\">nieu\u017cywanym<\/strong>, bez \u015blad\u00f3w noszenia,<\/p><\/li><li data-start=\"806\" data-end=\"870\"><p data-start=\"808\" data-end=\"870\">w <strong data-start=\"810\" data-end=\"836\">oryginalnym opakowaniu<\/strong> (etui\/box producenta, akcesoria),<\/p><\/li><li data-start=\"871\" data-end=\"930\"><p data-start=\"873\" data-end=\"930\">z do\u0142\u0105czonym <strong data-start=\"886\" data-end=\"904\">dowodem zakupu<\/strong> (lub numerem zam\u00f3wienia).<\/p><\/li><\/ul><blockquote data-start=\"932\" data-end=\"1093\"><p data-start=\"934\" data-end=\"1093\">Mo\u017cesz obejrze\u0107 produkt tak, jak w sklepie stacjonarnym \u2014 ale warto\u015b\u0107 produktu nie mo\u017ce zosta\u0107 obni\u017cona przez u\u017cytkowanie wykraczaj\u0105ce poza zwyk\u0142e sprawdzenie.<\/p><\/blockquote><h5 data-start=\"1095\" data-end=\"1112\">\u00a0<\/h5><h5 data-start=\"1095\" data-end=\"1112\">Koszty zwrotu<\/h5><p data-start=\"1113\" data-end=\"1208\">Koszt odes\u0142ania zwrotu ponosi kupuj\u0105cy, chyba \u017ce ustalimy inaczej (np. b\u0142\u0105d po naszej stronie).<\/p><h5 data-start=\"1210\" data-end=\"1227\">\u00a0<\/h5><h5 data-start=\"1210\" data-end=\"1227\">Zwrot \u015brodk\u00f3w<\/h5><p data-start=\"1228\" data-end=\"1400\">Zwrot p\u0142atno\u015bci realizujemy <strong data-start=\"1256\" data-end=\"1274\">w ci\u0105gu 14 dni<\/strong> od otrzymania informacji o odst\u0105pieniu, jednak mo\u017cemy wstrzyma\u0107 zwrot do czasu otrzymania produktu lub potwierdzenia nadania.<\/p><p data-start=\"1402\" data-end=\"1498\">\u015arodki zwracamy t\u0105 sam\u0105 metod\u0105 p\u0142atno\u015bci, kt\u00f3r\u0105 u\u017cyto przy zakupie (chyba \u017ce uzgodnimy inaczej).<\/p><hr data-start=\"1500\" data-end=\"1503\" \/><h5 data-start=\"1505\" data-end=\"1518\">\u00a0<\/h5><h5 data-start=\"1505\" data-end=\"1518\">2) Wymiana<\/h5><p data-start=\"1519\" data-end=\"1729\">Je\u015bli chcesz wymieni\u0107 produkt (np. na inny model lub wariant), napisz do nas na\u00a0<span style=\"font-weight: bold;\">sklep@markoweokulary.pl<\/span>.<br data-start=\"1611\" data-end=\"1614\" \/>Wymiany realizujemy w miar\u0119 dost\u0119pno\u015bci. Najcz\u0119\u015bciej najszybciej jest z\u0142o\u017cy\u0107 nowe zam\u00f3wienie, a poprzednie zwr\u00f3ci\u0107.<\/p><hr data-start=\"1731\" data-end=\"1734\" \/><h5 data-start=\"1736\" data-end=\"1752\">\u00a0<\/h5><h5 data-start=\"1736\" data-end=\"1752\">3) Reklamacje<\/h5><p data-start=\"1753\" data-end=\"1833\">Je\u017celi produkt ma wad\u0119 lub jest niezgodny z umow\u0105, masz prawo z\u0142o\u017cy\u0107 reklamacj\u0119.<\/p><h5 data-start=\"1835\" data-end=\"1860\">\u00a0<\/h5><h5 data-start=\"1835\" data-end=\"1860\">Jak z\u0142o\u017cy\u0107 reklamacj\u0119<\/h5><p data-start=\"1861\" data-end=\"1915\">Wy\u015blij wiadomo\u015b\u0107 na\u00a0<span style=\"font-weight: bold;\">sklep@markoweokulary.pl<\/span>\u00a0i podaj:<\/p><ul data-start=\"1916\" data-end=\"2062\"><li data-start=\"1916\" data-end=\"1935\"><p data-start=\"1918\" data-end=\"1935\">numer zam\u00f3wienia,<\/p><\/li><li data-start=\"1936\" data-end=\"1952\"><p data-start=\"1938\" data-end=\"1952\">opis problemu,<\/p><\/li><li data-start=\"1953\" data-end=\"1987\"><p data-start=\"1955\" data-end=\"1987\">zdj\u0119cia wady (je\u015bli to mo\u017cliwe),<\/p><\/li><li data-start=\"1988\" data-end=\"2062\"><p data-start=\"1990\" data-end=\"2062\">informacj\u0119, czy preferujesz: napraw\u0119, wymian\u0119, obni\u017cenie ceny lub zwrot.<\/p><\/li><\/ul><p data-start=\"2064\" data-end=\"2110\">Odpowiemy na reklamacj\u0119 w terminie <strong data-start=\"2099\" data-end=\"2109\">14 dni<\/strong>.<\/p><h5 data-start=\"2112\" data-end=\"2141\">\u00a0<\/h5><h5 data-start=\"2112\" data-end=\"2141\">Co nie podlega reklamacji<\/h5><p data-start=\"2142\" data-end=\"2172\">Reklamacja mo\u017ce nie obejmowa\u0107:<\/p><ul data-start=\"2173\" data-end=\"2390\"><li data-start=\"2173\" data-end=\"2240\"><p data-start=\"2175\" data-end=\"2240\">naturalnych \u015blad\u00f3w zu\u017cycia wynikaj\u0105cych z normalnego u\u017cytkowania,<\/p><\/li><li data-start=\"2241\" data-end=\"2315\"><p data-start=\"2243\" data-end=\"2315\">uszkodze\u0144 mechanicznych powsta\u0142ych po dostawie (np. upadek, zgniecenie),<\/p><\/li><li data-start=\"2316\" data-end=\"2390\"><p data-start=\"2318\" data-end=\"2390\">nieprawid\u0142owej piel\u0119gnacji lub u\u017cytkowania niezgodnego z przeznaczeniem.<\/p><\/li><\/ul><hr data-start=\"2392\" data-end=\"2395\" \/><h5 data-start=\"2397\" data-end=\"2440\">\u00a0<\/h5><h5 data-start=\"2397\" data-end=\"2440\">4) Produkty limitowane i kolekcjonerskie<\/h5><p data-start=\"2441\" data-end=\"2630\">Modele limitowane (Kolekcja Vault) podlegaj\u0105 standardowym zasadom zwrot\u00f3w i reklamacji \u2014 chyba \u017ce oferta konkretnego produktu stanowi inaczej (informacja b\u0119dzie podana na stronie produktu).<\/p><hr data-start=\"2632\" data-end=\"2635\" \/><h5 data-start=\"2637\" data-end=\"2670\">\u00a0<\/h5><h5 data-start=\"2637\" data-end=\"2670\">5) Dane do zwrotu \/ reklamacji<\/h5><p data-start=\"2671\" data-end=\"2761\"><strong data-start=\"2671\" data-end=\"2705\">Adres do zwrot\u00f3w i reklamacji:<\/strong><\/p><p data-start=\"2671\" data-end=\"2761\">Sun and Shadow<\/p><p data-start=\"2671\" data-end=\"2761\">Go\u0142kowice 12<\/p><p data-start=\"2671\" data-end=\"2761\">46-220 Byczyna<\/p><p data-start=\"2671\" data-end=\"2761\">Polska<\/p><p data-start=\"2763\" data-end=\"2843\"><strong data-start=\"2763\" data-end=\"2775\">Kontakt:<\/strong><br data-start=\"2775\" data-end=\"2778\" \/>E-mail: <b>sklep@markoweokulary.pl<\/b><br data-start=\"2797\" data-end=\"2800\" \/>Godziny obs\u0142ugi: <strong data-start=\"2817\" data-end=\"2843\">\u00a0pn\u2013pt 11:00\u201319:00<\/strong><\/p>\t\t\t\t\t\t\t\t<\/div>\n\t\t\t\t\t<\/div>\n\t\t\t\t<\/div>\n\t\t\t\t<\/div>\n\t\t","protected":false},"excerpt":{"rendered":"<p>Zwroty i reklamacje \u00a0 1) Zwroty (odst\u0105pienie od umowy) Je\u015bli kupujesz jako konsument, masz prawo odst\u0105pi\u0107 od umowy w terminie 14 dni od otrzymania przesy\u0142ki \u2014 bez podawania przyczyny. \u00a0 Jak dokona\u0107 zwrotu Napisz do nas na sklep@markoweokulary.pl\u00a0z numerem zam\u00f3wienia. Otrzymasz kr\u00f3tk\u0105 instrukcj\u0119 zwrotu i adres do odes\u0142ania. Ode\u015blij produkt w terminie 14 dni od [&hellip;]<\/p>\n","protected":false},"author":1,"featured_media":0,"parent":0,"menu_order":0,"comment_status":"closed","ping_status":"closed","template":"","meta":{"_acf_changed":false,"footnotes":""},"class_list":["post-5104","page","type-page","status-publish","hentry"],"acf":[],"aioseo_notices":[],"_links":{"self":[{"href":"https:\/\/markoweokulary.pl\/pl\/wp-json\/wp\/v2\/pages\/5104","targetHints":{"allow":["GET"]}}],"collection":[{"href":"https:\/\/markoweokulary.pl\/pl\/wp-json\/wp\/v2\/pages"}],"about":[{"href":"https:\/\/markoweokulary.pl\/pl\/wp-json\/wp\/v2\/types\/page"}],"author":[{"embeddable":true,"href":"https:\/\/markoweokulary.pl\/pl\/wp-json\/wp\/v2\/users\/1"}],"replies":[{"embeddable":true,"href":"https:\/\/markoweokulary.pl\/pl\/wp-json\/wp\/v2\/comments?post=5104"}],"version-history":[{"count":22,"href":"https:\/\/markoweokulary.pl\/pl\/wp-json\/wp\/v2\/pages\/5104\/revisions"}],"predecessor-version":[{"id":8096,"href":"https:\/\/markoweokulary.pl\/pl\/wp-json\/wp\/v2\/pages\/5104\/revisions\/8096"}],"wp:attachment":[{"href":"https:\/\/markoweokulary.pl\/pl\/wp-json\/wp\/v2\/media?parent=5104"}],"curies":[{"name":"wp","href":"https:\/\/api.w.org\/{rel}","templated":true}]}}