{"id":5096,"date":"2026-02-26T20:11:43","date_gmt":"2026-02-26T19:11:43","guid":{"rendered":"https:\/\/heuristic-blackwell.159-195-21-120.plesk.page\/?page_id=5096"},"modified":"2026-03-02T20:01:43","modified_gmt":"2026-03-02T19:01:43","slug":"dostawa-i-platnosc","status":"publish","type":"page","link":"https:\/\/markoweokulary.pl\/pl\/dostawa-i-platnosc\/","title":{"rendered":"Dostawa i p\u0142atno\u015b\u0107"},"content":{"rendered":"\t\t<div data-elementor-type=\"wp-page\" data-elementor-id=\"5096\" class=\"elementor elementor-5096\" data-elementor-post-type=\"page\">\n\t\t\t\t<div class=\"elementor-element elementor-element-8312a5c e-flex e-con-boxed e-con e-parent\" data-id=\"8312a5c\" data-element_type=\"container\" data-e-type=\"container\">\n\t\t\t\t\t<div class=\"e-con-inner\">\n\t\t\t\t<div class=\"elementor-element elementor-element-e4ee43e elementor-widget elementor-widget-text-editor\" data-id=\"e4ee43e\" data-element_type=\"widget\" data-e-type=\"widget\" data-widget_type=\"text-editor.default\">\n\t\t\t\t\t\t\t\t\t<h5 data-start=\"244\" data-end=\"257\">1. Dostawa<\/h5><h5 data-start=\"258\" data-end=\"277\">Czas realizacji<\/h5><p data-start=\"278\" data-end=\"521\">Zam\u00f3wienia przygotowujemy do wysy\u0142ki zazwyczaj w ci\u0105gu [24\u201348 h] od zaksi\u0119gowania p\u0142atno\u015bci (w dni robocze).<br data-start=\"390\" data-end=\"393\" \/>W okresach wzmo\u017conych dostaw (premiery, \u015bwi\u0119ta) czas realizacji mo\u017ce si\u0119 wyd\u0142u\u017cy\u0107 \u2014 w takiej sytuacji poinformujemy Ci\u0119 mailowo.<\/p><h5 data-start=\"523\" data-end=\"541\">\u00a0<\/h5><h5 data-start=\"523\" data-end=\"541\">Metody dostawy<\/h5><p data-start=\"542\" data-end=\"560\">Oferujemy dostaw\u0119:<\/p><ul data-start=\"561\" data-end=\"754\"><li data-start=\"561\" data-end=\"590\"><p data-start=\"563\" data-end=\"590\"><strong data-start=\"563\" data-end=\"575\">Kurierem<\/strong> (door-to-door)<\/p><\/li><li data-start=\"591\" data-end=\"685\"><p data-start=\"593\" data-end=\"685\"><strong data-start=\"593\" data-end=\"627\">Do punktu odbioru \/ paczkomatu<\/strong> <em data-start=\"628\" data-end=\"683\">InPost\/DHL\/DPD Pickup<\/em><\/p><\/li><\/ul><h5 data-start=\"756\" data-end=\"774\">\u00a0<\/h5><h5 data-start=\"756\" data-end=\"774\">Koszty dostawy<\/h5><p data-start=\"775\" data-end=\"891\">Koszt dostawy jest widoczny w koszyku i podczas sk\u0142adania zam\u00f3wienia \u2014 zale\u017cy od kraju dostawy oraz wybranej metody.<\/p><ul data-start=\"893\" data-end=\"1033\"><li data-start=\"893\" data-end=\"921\"><p data-start=\"895\" data-end=\"921\"><strong data-start=\"895\" data-end=\"906\">Polska:<\/strong> od <strong data-start=\"910\" data-end=\"921\">[14 z\u0142]<\/strong><\/p><\/li><li data-start=\"922\" data-end=\"958\"><p data-start=\"924\" data-end=\"958\"><strong data-start=\"924\" data-end=\"944\">Unia Europejska:<\/strong> od <strong data-start=\"948\" data-end=\"958\">[20 \u20ac]<\/strong><\/p><\/li><li data-start=\"959\" data-end=\"1033\"><p data-start=\"961\" data-end=\"1033\"><strong data-start=\"961\" data-end=\"991\">Kraje europejskie poza UE:<\/strong> od <strong data-start=\"948\" data-end=\"958\">[40 \u20ac]<\/strong><\/p><\/li><li data-start=\"959\" data-end=\"1033\"><p data-start=\"961\" data-end=\"1033\"><strong>USA<\/strong>: od<\/p><\/li><li data-start=\"959\" data-end=\"1033\"><p data-start=\"961\" data-end=\"1033\"><strong>Kanada<\/strong>: od<\/p><\/li><li data-start=\"959\" data-end=\"1033\"><strong>Reszta \u015awiata<\/strong>: od<\/li><\/ul><h5 data-start=\"1116\" data-end=\"1139\">\u00a0<\/h5><h5 data-start=\"1116\" data-end=\"1139\">\u015aledzenie przesy\u0142ki<\/h5><p data-start=\"1140\" data-end=\"1209\">Po nadaniu paczki otrzymasz automatycznie e-mail z numerem \u015bledzenia.<\/p><h5 data-start=\"1211\" data-end=\"1241\">\u00a0<\/h5><h5 data-start=\"1211\" data-end=\"1241\">Pakowanie i bezpiecze\u0144stwo<\/h5><p data-start=\"1242\" data-end=\"1340\">Okulary wysy\u0142amy w opakowaniu producenta. Przesy\u0142ki s\u0105 starannie zabezpieczone na czas transportu.<\/p><hr data-start=\"1342\" data-end=\"1345\" \/><h2 data-start=\"1347\" data-end=\"1362\">\u00a0<\/h2><h5 data-start=\"1347\" data-end=\"1362\">2. P\u0142atno\u015bci<\/h5><h5 data-start=\"1363\" data-end=\"1392\">Dost\u0119pne metody p\u0142atno\u015bci<\/h5><p data-start=\"1393\" data-end=\"1434\">Akceptujemy nast\u0119puj\u0105ce metody p\u0142atno\u015bci:<\/p><ul data-start=\"1435\" data-end=\"1622\"><li data-start=\"1435\" data-end=\"1474\"><p data-start=\"1437\" data-end=\"1474\"><strong data-start=\"1437\" data-end=\"1456\">Karta p\u0142atnicza<\/strong> (Visa\/Mastercard)<\/p><\/li><li data-start=\"1475\" data-end=\"1518\"><p data-start=\"1477\" data-end=\"1518\"><strong data-start=\"1477\" data-end=\"1503\">Apple Pay \/ Google Pay<\/strong><\/p><\/li><li data-start=\"1519\" data-end=\"1546\"><p data-start=\"1521\" data-end=\"1546\"><strong data-start=\"1521\" data-end=\"1531\">PayPal<\/strong><\/p><\/li><li data-start=\"1547\" data-end=\"1586\"><p data-start=\"1549\" data-end=\"1586\"><strong data-start=\"1549\" data-end=\"1571\">Przelew tradycyjny<\/strong><\/p><\/li><\/ul><h5 data-start=\"1624\" data-end=\"1634\">\u00a0<\/h5><h5 data-start=\"1624\" data-end=\"1634\">Waluta<\/h5><p data-start=\"1635\" data-end=\"1789\">P\u0142atno\u015bci realizowane s\u0105 w walucie: <strong data-start=\"1671\" data-end=\"1684\">PLN<\/strong>.<br data-start=\"1685\" data-end=\"1688\" \/>Je\u017celi Tw\u00f3j bank stosuje przewalutowanie, kurs zale\u017cy od tabeli kursowej banku i operatora p\u0142atno\u015bci.<\/p><h5 data-start=\"1791\" data-end=\"1819\">\u00a0<\/h5><h5 data-start=\"1791\" data-end=\"1819\">Bezpiecze\u0144stwo p\u0142atno\u015bci<\/h5><p data-start=\"1820\" data-end=\"1935\">P\u0142atno\u015bci obs\u0142ugiwane s\u0105 przez zewn\u0119trznych operator\u00f3w p\u0142atno\u015bci. Dane karty nie s\u0105 przechowywane w naszym sklepie.<\/p><hr data-start=\"1937\" data-end=\"1940\" \/><h2 data-start=\"1942\" data-end=\"1955\">\u00a0<\/h2><h5 data-start=\"1942\" data-end=\"1955\">3. Faktury<\/h5><p data-start=\"1956\" data-end=\"2061\">Na \u017cyczenie wystawiamy faktury. Wystarczy zaznaczy\u0107 odpowiedni\u0105 opcj\u0119 w checkout i poda\u0107 dane do faktury.<\/p><hr data-start=\"2063\" data-end=\"2066\" \/><h2 data-start=\"2068\" data-end=\"2081\">\u00a0<\/h2><h5 data-start=\"2068\" data-end=\"2081\">4. Kontakt<\/h5><p data-start=\"2082\" data-end=\"2205\">Masz pytania o dostaw\u0119 lub p\u0142atno\u015b\u0107?<br data-start=\"2118\" data-end=\"2121\" \/>Napisz do nas: <strong data-start=\"2136\" data-end=\"2147\">sklep@markoweokulary.pl<\/strong><br data-start=\"2147\" data-end=\"2150\" \/>Odpowiadamy zazwyczaj w ci\u0105gu <strong data-start=\"2180\" data-end=\"2190\">dw\u00f3ch<\/strong> w dni roboczych.<\/p>\t\t\t\t\t\t\t\t<\/div>\n\t\t\t\t\t<\/div>\n\t\t\t\t<\/div>\n\t\t\t\t<\/div>\n\t\t","protected":false},"excerpt":{"rendered":"<p>1. Dostawa Czas realizacji Zam\u00f3wienia przygotowujemy do wysy\u0142ki zazwyczaj w ci\u0105gu [24\u201348 h] od zaksi\u0119gowania p\u0142atno\u015bci (w dni robocze).W okresach wzmo\u017conych dostaw (premiery, \u015bwi\u0119ta) czas realizacji mo\u017ce si\u0119 wyd\u0142u\u017cy\u0107 \u2014 w takiej sytuacji poinformujemy Ci\u0119 mailowo. \u00a0 Metody dostawy Oferujemy dostaw\u0119: Kurierem (door-to-door) Do punktu odbioru \/ paczkomatu InPost\/DHL\/DPD Pickup \u00a0 Koszty dostawy Koszt dostawy [&hellip;]<\/p>\n","protected":false},"author":1,"featured_media":0,"parent":0,"menu_order":0,"comment_status":"closed","ping_status":"closed","template":"","meta":{"_acf_changed":false,"footnotes":""},"class_list":["post-5096","page","type-page","status-publish","hentry"],"acf":[],"aioseo_notices":[],"_links":{"self":[{"href":"https:\/\/markoweokulary.pl\/pl\/wp-json\/wp\/v2\/pages\/5096","targetHints":{"allow":["GET"]}}],"collection":[{"href":"https:\/\/markoweokulary.pl\/pl\/wp-json\/wp\/v2\/pages"}],"about":[{"href":"https:\/\/markoweokulary.pl\/pl\/wp-json\/wp\/v2\/types\/page"}],"author":[{"embeddable":true,"href":"https:\/\/markoweokulary.pl\/pl\/wp-json\/wp\/v2\/users\/1"}],"replies":[{"embeddable":true,"href":"https:\/\/markoweokulary.pl\/pl\/wp-json\/wp\/v2\/comments?post=5096"}],"version-history":[{"count":13,"href":"https:\/\/markoweokulary.pl\/pl\/wp-json\/wp\/v2\/pages\/5096\/revisions"}],"predecessor-version":[{"id":7210,"href":"https:\/\/markoweokulary.pl\/pl\/wp-json\/wp\/v2\/pages\/5096\/revisions\/7210"}],"wp:attachment":[{"href":"https:\/\/markoweokulary.pl\/pl\/wp-json\/wp\/v2\/media?parent=5096"}],"curies":[{"name":"wp","href":"https:\/\/api.w.org\/{rel}","templated":true}]}}