{"id":8717,"date":"2026-05-07T12:57:09","date_gmt":"2026-05-07T10:57:09","guid":{"rendered":"https:\/\/markoweokulary.pl\/produkt\/jacques-marie-mage-perle-rx-shadow\/"},"modified":"2026-05-07T12:57:19","modified_gmt":"2026-05-07T10:57:19","slug":"jacques-marie-mage-perle-rx-shadow","status":"publish","type":"product","link":"https:\/\/markoweokulary.pl\/en\/produkt\/jacques-marie-mage-perle-rx-shadow\/","title":{"rendered":"Jacques Marie Mage PERLE-RX | SHADOW"},"content":{"rendered":"<p data-start=\"1258\" data-end=\"1273\"><strong data-start=\"1258\" data-end=\"1271\">Dla kogo PERLE RX w kolorze SHADOW?<\/strong><\/p>\n<ul data-start=\"1274\" data-end=\"1615\" data-is-last-node=\"\" data-is-only-node=\"\">\n<li data-section-id=\"1rjn7yr\" data-start=\"1274\" data-end=\"1339\">dla os\u00f3b szukaj\u0105cych luksusowych oprawek korekcyjnych premium<\/li>\n<li data-section-id=\"z5hdeo\" data-start=\"1340\" data-end=\"1390\">dla mi\u0142o\u015bnik\u00f3w designerskich okular\u00f3w handmade<\/li>\n<li data-section-id=\"1o704cw\" data-start=\"1391\" data-end=\"1438\">dla fan\u00f3w estetyki vintage i modern classic<\/li>\n<li data-section-id=\"16t8zf9\" data-start=\"1439\" data-end=\"1496\">dla os\u00f3b ceni\u0105cych limitowane, kolekcjonerskie modele<\/li>\n<li data-section-id=\"14jfyef\" data-start=\"1497\" data-end=\"1554\">dla klient\u00f3w preferuj\u0105cych elegancki i wyrazisty styl<\/li>\n<li data-section-id=\"q1xh4\" data-start=\"1555\" data-end=\"1615\" data-is-last-node=\"\">dla stylizacji biznesowych, smart casual i fashion premium<\/li>\n<\/ul>","protected":false},"excerpt":{"rendered":"<p data-start=\"0\" data-end=\"488\"><span class=\"hover:entity-accent entity-underline inline cursor-pointer align-baseline\"><span class=\"whitespace-normal\">Jacques Marie Mage<\/span><\/span> The Perle-RX Shadow is a premium luxury eyewear frame that combines a modern design with the vintage aesthetic characteristic of the Jacques Marie Mage brand. The model is distinguished by its elegant, slightly geometric form and handcrafted from high-quality Italian acetate in Shadow. Careful details such as metal rivets, carved temples and a visible metal wirecore underline the exclusive and collectible nature of the frames.<\/p>\n<p data-start=\"490\" data-end=\"942\">The Jacques Marie Mage Perle-RX Shadow frames are created in a limited edition and are created in a multi-stage production process with experienced craftsmen. The model offers high comfort for everyday use, excellent balance and exceptional durability. It is the ideal choice for those looking for luxury handmade eyewear that combines timeless elegance, top quality craftsmanship and unique premium eyewear character.<\/p>\n<p data-start=\"944\" data-end=\"967\"><strong data-start=\"944\" data-end=\"965\">Technical details<\/strong><\/p>\n<ul data-start=\"968\" data-end=\"1256\">\n<li data-section-id=\"z8dzda\" data-start=\"968\" data-end=\"1019\">Jacques Marie Mage luxurious eyeglass frames<\/li>\n<li data-section-id=\"1kvnkt5\" data-start=\"1020\" data-end=\"1052\">handmade in Italy<\/li>\n<li data-section-id=\"ajum6a\" data-start=\"1053\" data-end=\"1094\">high quality Italian Shadow acetate<\/li>\n<li data-section-id=\"wbrmk\" data-start=\"1095\" data-end=\"1130\">metal wirecore in earcups<\/li>\n<li data-section-id=\"1jsi6og\" data-start=\"1131\" data-end=\"1170\">customised hinges and metal details<\/li>\n<li data-section-id=\"12nsdjv\" data-start=\"1171\" data-end=\"1207\">limited collector's edition<\/li>\n<li data-section-id=\"1t63m3f\" data-start=\"1208\" data-end=\"1256\">exclusive case and certificate of authenticity<\/li>\n<\/ul>","protected":false},"featured_media":8718,"template":"","meta":{"_acf_changed":false},"product_brand":[82],"product_cat":[848,850,51,851],"product_tag":[],"model":[886],"class_list":{"0":"post-8717","1":"product","2":"type-product","3":"status-publish","4":"has-post-thumbnail","6":"product_brand-jacques-marie-mage","7":"product_cat-damskie","8":"product_cat-meskie","9":"product_cat-okulary-korekcyjne","10":"product_cat-unisex","11":"model-perle-rx","13":"first","14":"instock","15":"taxable","16":"shipping-taxable","17":"purchasable","18":"product-type-simple"},"acf":[],"aioseo_notices":[],"_links":{"self":[{"href":"https:\/\/markoweokulary.pl\/en\/wp-json\/wp\/v2\/product\/8717","targetHints":{"allow":["GET"]}}],"collection":[{"href":"https:\/\/markoweokulary.pl\/en\/wp-json\/wp\/v2\/product"}],"about":[{"href":"https:\/\/markoweokulary.pl\/en\/wp-json\/wp\/v2\/types\/product"}],"version-history":[{"count":0,"href":"https:\/\/markoweokulary.pl\/en\/wp-json\/wp\/v2\/product\/8717\/revisions"}],"wp:featuredmedia":[{"embeddable":true,"href":"https:\/\/markoweokulary.pl\/en\/wp-json\/wp\/v2\/media\/8718"}],"wp:attachment":[{"href":"https:\/\/markoweokulary.pl\/en\/wp-json\/wp\/v2\/media?parent=8717"}],"wp:term":[{"taxonomy":"product_brand","embeddable":true,"href":"https:\/\/markoweokulary.pl\/en\/wp-json\/wp\/v2\/product_brand?post=8717"},{"taxonomy":"product_cat","embeddable":true,"href":"https:\/\/markoweokulary.pl\/en\/wp-json\/wp\/v2\/product_cat?post=8717"},{"taxonomy":"product_tag","embeddable":true,"href":"https:\/\/markoweokulary.pl\/en\/wp-json\/wp\/v2\/product_tag?post=8717"},{"taxonomy":"model","embeddable":true,"href":"https:\/\/markoweokulary.pl\/en\/wp-json\/wp\/v2\/model?post=8717"}],"curies":[{"name":"wp","href":"https:\/\/api.w.org\/{rel}","templated":true}]}}