{"id":8682,"date":"2026-05-05T18:50:45","date_gmt":"2026-05-05T16:50:45","guid":{"rendered":"https:\/\/markoweokulary.pl\/produkt\/jacques-marie-mage-eichler-cobra\/"},"modified":"2026-05-06T16:53:31","modified_gmt":"2026-05-06T14:53:31","slug":"jacques-marie-mage-eichler-cobra","status":"publish","type":"product","link":"https:\/\/markoweokulary.pl\/en\/produkt\/jacques-marie-mage-eichler-cobra\/","title":{"rendered":"Jacques Marie Mage EICHLER | COBRA"},"content":{"rendered":"<p><span class=\"hover:entity-accent entity-underline inline cursor-pointer align-baseline\"><span class=\"whitespace-normal\">Jacques Marie Mage<\/span><\/span> Eichler Cobra to model inspirowany kalifornijskim modernizmem \u2013 o wyrazistej, geometrycznej formie i mocno zarysowanej linii. Wykonane r\u0119cznie z wysokiej jako\u015bci w\u0142oskiego acetatu w unikalnym kolorze Cobra, \u0142\u0105cz\u0105 rze\u017abiarsk\u0105 bry\u0142\u0119 z precyzyjnie dopracowanymi detalami, takimi jak charakterystyczne nity, zdobione zauszniki oraz metalowy rdze\u0144 widoczny w konstrukcji. Limitowana produkcja podkre\u015bla kolekcjonerski charakter modelu, kt\u00f3ry doskonale balansuje mi\u0119dzy retro estetyk\u0105 lat 60. a wsp\u00f3\u0142czesnym, luksusowym designem.<\/p>\n<p>&nbsp;<\/p>\n<p>&nbsp;<\/p>","protected":false},"excerpt":{"rendered":"<p>The Jacques Marie Mage Eichler Cobra is a distinctive, feminine model with a geometric form inspired by 1960s Californian modernism. The sculptural silhouette and strongly defined front create an elegant yet unconventional statement piece. Handcrafted from the highest quality materials, they are distinguished by refined details - silver pin in the form of arrowheads, a hidden \u201eLever\u201d core and precision ball hinges.<\/p>\n<p>CR39 lenses with anti-reflective coating provide comfortable vision and full UV protection. Each pair is made as a limited edition in a process involving more than 300 stages of production with experienced craftsmen. The model comes in a luxury kit with a case, cloth and certificate of authenticity with serial number.<\/p>","protected":false},"featured_media":8683,"template":"","meta":{"_acf_changed":false},"product_brand":[82],"product_cat":[848,850,30,851],"product_tag":[],"model":[882],"class_list":{"0":"post-8682","1":"product","2":"type-product","3":"status-publish","4":"has-post-thumbnail","6":"product_brand-jacques-marie-mage","7":"product_cat-damskie","8":"product_cat-meskie","9":"product_cat-okulary-przeciwsloneczne","10":"product_cat-unisex","11":"model-eichler","13":"first","14":"instock","15":"sale","16":"taxable","17":"shipping-taxable","18":"purchasable","19":"product-type-simple"},"acf":[],"aioseo_notices":[],"_links":{"self":[{"href":"https:\/\/markoweokulary.pl\/en\/wp-json\/wp\/v2\/product\/8682","targetHints":{"allow":["GET"]}}],"collection":[{"href":"https:\/\/markoweokulary.pl\/en\/wp-json\/wp\/v2\/product"}],"about":[{"href":"https:\/\/markoweokulary.pl\/en\/wp-json\/wp\/v2\/types\/product"}],"version-history":[{"count":1,"href":"https:\/\/markoweokulary.pl\/en\/wp-json\/wp\/v2\/product\/8682\/revisions"}],"predecessor-version":[{"id":8689,"href":"https:\/\/markoweokulary.pl\/en\/wp-json\/wp\/v2\/product\/8682\/revisions\/8689"}],"wp:featuredmedia":[{"embeddable":true,"href":"https:\/\/markoweokulary.pl\/en\/wp-json\/wp\/v2\/media\/8683"}],"wp:attachment":[{"href":"https:\/\/markoweokulary.pl\/en\/wp-json\/wp\/v2\/media?parent=8682"}],"wp:term":[{"taxonomy":"product_brand","embeddable":true,"href":"https:\/\/markoweokulary.pl\/en\/wp-json\/wp\/v2\/product_brand?post=8682"},{"taxonomy":"product_cat","embeddable":true,"href":"https:\/\/markoweokulary.pl\/en\/wp-json\/wp\/v2\/product_cat?post=8682"},{"taxonomy":"product_tag","embeddable":true,"href":"https:\/\/markoweokulary.pl\/en\/wp-json\/wp\/v2\/product_tag?post=8682"},{"taxonomy":"model","embeddable":true,"href":"https:\/\/markoweokulary.pl\/en\/wp-json\/wp\/v2\/model?post=8682"}],"curies":[{"name":"wp","href":"https:\/\/api.w.org\/{rel}","templated":true}]}}