{"id":8636,"date":"2026-04-30T17:37:37","date_gmt":"2026-04-30T15:37:37","guid":{"rendered":"https:\/\/markoweokulary.pl\/produkt\/jacques-marie-mage-beckett-verona\/"},"modified":"2026-04-30T17:37:41","modified_gmt":"2026-04-30T15:37:41","slug":"jacques-marie-mage-beckett-verona","status":"publish","type":"product","link":"https:\/\/markoweokulary.pl\/en\/produkt\/jacques-marie-mage-beckett-verona\/","title":{"rendered":"Jacques Marie Mage BECKETT | VERONA"},"content":{"rendered":"<p><span class=\"BZ_Pyq_fadeIn\">Model <\/span><strong data-start=\"1106\" data-end=\"1143\"><span class=\"BZ_Pyq_fadeIn\">Jacques <\/span><span class=\"BZ_Pyq_fadeIn\">Marie <\/span><span class=\"BZ_Pyq_fadeIn\">Mage <\/span><span class=\"BZ_Pyq_fadeIn\">BECKETT <\/span><span class=\"BZ_Pyq_fadeIn\">Verona<\/span><\/strong> <span class=\"BZ_Pyq_fadeIn\">will be <\/span><span class=\"BZ_Pyq_fadeIn\">ideal <\/span><span class=\"BZ_Pyq_fadeIn\">for <\/span><span class=\"BZ_Pyq_fadeIn\">people, <\/span><span class=\"BZ_Pyq_fadeIn\">which <\/span><span class=\"BZ_Pyq_fadeIn\">appreciate <\/span><strong data-start=\"1181\" data-end=\"1240\" data-is-only-node=\"\"><span class=\"BZ_Pyq_fadeIn\">minimalizm, <\/span><span class=\"BZ_Pyq_fadeIn\">intellectual <\/span><span class=\"BZ_Pyq_fadeIn\">style <\/span><span class=\"BZ_Pyq_fadeIn\">i <\/span><span class=\"BZ_Pyq_fadeIn\">luksus <\/span><span class=\"BZ_Pyq_fadeIn\">ukryty <\/span><span class=\"BZ_Pyq_fadeIn\">w <\/span><span class=\"BZ_Pyq_fadeIn\">detalu<\/span><\/strong><span class=\"BZ_Pyq_fadeIn\">. <\/span><span class=\"BZ_Pyq_fadeIn\">That <\/span><span class=\"BZ_Pyq_fadeIn\">proposal <\/span><span class=\"BZ_Pyq_fadeIn\">for <\/span><span class=\"BZ_Pyq_fadeIn\">klient\u00f3w <\/span><span class=\"BZ_Pyq_fadeIn\">looking for <\/span><span class=\"BZ_Pyq_fadeIn\">luminaires <\/span><span class=\"BZ_Pyq_fadeIn\">subtelnych, <\/span><span class=\"BZ_Pyq_fadeIn\">but <\/span><span class=\"BZ_Pyq_fadeIn\">charakterystycznych \u2014 <\/span><span class=\"BZ_Pyq_fadeIn\">elegant, <\/span><span class=\"BZ_Pyq_fadeIn\">nowoczesnych <\/span><span class=\"BZ_Pyq_fadeIn\">i <\/span><span class=\"BZ_Pyq_fadeIn\">nieoczywistych. <\/span><span class=\"BZ_Pyq_fadeIn\">\u015awietnie <\/span><span class=\"BZ_Pyq_fadeIn\">will check <\/span><span class=\"BZ_Pyq_fadeIn\">get <\/span><span class=\"BZ_Pyq_fadeIn\">u <\/span><span class=\"BZ_Pyq_fadeIn\">people, <\/span><span class=\"BZ_Pyq_fadeIn\">which <\/span><span class=\"BZ_Pyq_fadeIn\">wol\u0105 <\/span><span class=\"BZ_Pyq_fadeIn\">wyra\u017ca\u0107 <\/span><span class=\"BZ_Pyq_fadeIn\">style <\/span><span class=\"BZ_Pyq_fadeIn\">przez <\/span><span class=\"BZ_Pyq_fadeIn\">form\u0119, <\/span><span class=\"BZ_Pyq_fadeIn\">proporcje <\/span><span class=\"BZ_Pyq_fadeIn\">i <\/span><span class=\"BZ_Pyq_fadeIn\">jako\u015b\u0107 <\/span><span class=\"BZ_Pyq_fadeIn\">materia\u0142\u00f3w, <\/span><span class=\"BZ_Pyq_fadeIn\">a <\/span><span class=\"BZ_Pyq_fadeIn\">not <\/span><span class=\"BZ_Pyq_fadeIn\">przez <\/span><span class=\"BZ_Pyq_fadeIn\">przesad\u0119.<\/span><\/p>","protected":false},"excerpt":{"rendered":"<p data-start=\"55\" data-end=\"563\"><strong data-start=\"55\" data-end=\"92\"><span class=\"BZ_Pyq_fadeIn\">Jacques <\/span><span class=\"BZ_Pyq_fadeIn\">Marie <\/span><span class=\"BZ_Pyq_fadeIn\">Mage <\/span><span class=\"BZ_Pyq_fadeIn\">BECKETT <\/span><span class=\"BZ_Pyq_fadeIn\">Verona<\/span><\/strong> <span class=\"BZ_Pyq_fadeIn\">that <\/span><span class=\"BZ_Pyq_fadeIn\">limited <\/span><span class=\"BZ_Pyq_fadeIn\">model <\/span><span class=\"BZ_Pyq_fadeIn\">o <\/span><span class=\"BZ_Pyq_fadeIn\">smuk\u0142ej, <\/span><span class=\"BZ_Pyq_fadeIn\">rectangular <\/span><span class=\"BZ_Pyq_fadeIn\">sylwetce <\/span><span class=\"BZ_Pyq_fadeIn\">i <\/span><span class=\"BZ_Pyq_fadeIn\">\u015brednim <\/span><span class=\"BZ_Pyq_fadeIn\">fitting, <\/span><span class=\"BZ_Pyq_fadeIn\">inspirowany <\/span><span class=\"BZ_Pyq_fadeIn\">intelektualn\u0105 <\/span><span class=\"BZ_Pyq_fadeIn\">aesthetics <\/span><span class=\"BZ_Pyq_fadeIn\">lat <\/span><span class=\"BZ_Pyq_fadeIn\">70. <\/span><span class=\"BZ_Pyq_fadeIn\">Binding <\/span><span class=\"BZ_Pyq_fadeIn\">has been <\/span><span class=\"BZ_Pyq_fadeIn\">made <\/span><span class=\"BZ_Pyq_fadeIn\">z <\/span><span class=\"BZ_Pyq_fadeIn\">titanium <\/span><span class=\"BZ_Pyq_fadeIn\">i <\/span><span class=\"BZ_Pyq_fadeIn\">highlights <\/span><span class=\"BZ_Pyq_fadeIn\">get <\/span><span class=\"BZ_Pyq_fadeIn\">subtle, <\/span><span class=\"BZ_Pyq_fadeIn\">architektoniczn\u0105 <\/span><span class=\"BZ_Pyq_fadeIn\">forms, <\/span><span class=\"BZ_Pyq_fadeIn\">dekoracyjnymi <\/span><span class=\"BZ_Pyq_fadeIn\">kraw\u0119dziami <\/span><span class=\"BZ_Pyq_fadeIn\">type <\/span><em data-start=\"325\" data-end=\"333\"><span class=\"BZ_Pyq_fadeIn\">coined<\/span><\/em><span class=\"BZ_Pyq_fadeIn\">, <\/span><span class=\"BZ_Pyq_fadeIn\">acetatowymi <\/span><span class=\"BZ_Pyq_fadeIn\">insertami <\/span><span class=\"BZ_Pyq_fadeIn\">wok\u00f3\u0142 <\/span><span class=\"BZ_Pyq_fadeIn\">lenses <\/span><span class=\"BZ_Pyq_fadeIn\">and <\/span><span class=\"BZ_Pyq_fadeIn\">eleganckimi <\/span><span class=\"BZ_Pyq_fadeIn\">earwigs <\/span><span class=\"BZ_Pyq_fadeIn\">z <\/span><span class=\"BZ_Pyq_fadeIn\">characteristic <\/span><span class=\"BZ_Pyq_fadeIn\">grawerunkiem <\/span><span class=\"BZ_Pyq_fadeIn\">hairline. <\/span><span class=\"BZ_Pyq_fadeIn\">Rze\u017abiarskie <\/span><span class=\"BZ_Pyq_fadeIn\">ko\u0144c\u00f3wki <\/span><span class=\"BZ_Pyq_fadeIn\">earwigs <\/span><span class=\"BZ_Pyq_fadeIn\">z <\/span><span class=\"BZ_Pyq_fadeIn\">acetate <\/span><span class=\"BZ_Pyq_fadeIn\">complement <\/span><span class=\"BZ_Pyq_fadeIn\">ca\u0142o\u015b\u0107, <\/span><span class=\"BZ_Pyq_fadeIn\">nadaj\u0105c <\/span><span class=\"BZ_Pyq_fadeIn\">model <\/span><span class=\"BZ_Pyq_fadeIn\">wyrafinowany, <\/span><span class=\"BZ_Pyq_fadeIn\">kolekcjonerski <\/span><span class=\"BZ_Pyq_fadeIn\">nature.<\/span><\/p>\n<p data-start=\"565\" data-end=\"774\"><span class=\"BZ_Pyq_fadeIn\">BECKETT <\/span><span class=\"BZ_Pyq_fadeIn\">that <\/span><span class=\"BZ_Pyq_fadeIn\">luminaire <\/span><span class=\"BZ_Pyq_fadeIn\">inspirowana <\/span><span class=\"BZ_Pyq_fadeIn\">style <\/span><span class=\"BZ_Pyq_fadeIn\">Samuela <\/span><span class=\"BZ_Pyq_fadeIn\">Becketta \u2014 <\/span><span class=\"BZ_Pyq_fadeIn\">oszcz\u0119dna <\/span><span class=\"BZ_Pyq_fadeIn\">w <\/span><span class=\"BZ_Pyq_fadeIn\">formie, <\/span><span class=\"BZ_Pyq_fadeIn\">precyzyjna, <\/span><span class=\"BZ_Pyq_fadeIn\">spokojna, <\/span><span class=\"BZ_Pyq_fadeIn\">but <\/span><span class=\"BZ_Pyq_fadeIn\">at the same time <\/span><span class=\"BZ_Pyq_fadeIn\">wyrazista. <\/span><span class=\"BZ_Pyq_fadeIn\">That <\/span><span class=\"BZ_Pyq_fadeIn\">model, <\/span><span class=\"BZ_Pyq_fadeIn\">which <\/span><span class=\"BZ_Pyq_fadeIn\">pokazuje <\/span><span class=\"BZ_Pyq_fadeIn\">si\u0142\u0119 <\/span><span class=\"BZ_Pyq_fadeIn\">detalu <\/span><span class=\"BZ_Pyq_fadeIn\">i <\/span><span class=\"BZ_Pyq_fadeIn\">udowadnia, <\/span><span class=\"BZ_Pyq_fadeIn\">that <\/span><span class=\"BZ_Pyq_fadeIn\">luksus <\/span><span class=\"BZ_Pyq_fadeIn\">not <\/span><span class=\"BZ_Pyq_fadeIn\">musi <\/span><span class=\"BZ_Pyq_fadeIn\">by\u0107 <\/span><span class=\"BZ_Pyq_fadeIn\">krzykliwy.<\/span><\/p>\n<p data-start=\"776\" data-end=\"797\"><strong data-start=\"776\" data-end=\"797\"><span class=\"BZ_Pyq_fadeIn\">Details <\/span><span class=\"BZ_Pyq_fadeIn\">model:<\/span><\/strong><\/p>\n<ul data-start=\"798\" data-end=\"1082\">\n<li data-section-id=\"olr9w6\" data-start=\"798\" data-end=\"832\">\n<p data-start=\"800\" data-end=\"832\"><span class=\"BZ_Pyq_fadeIn\">limited <\/span><span class=\"BZ_Pyq_fadeIn\">edit: <\/span><strong data-start=\"819\" data-end=\"832\"><span class=\"BZ_Pyq_fadeIn\">400 <\/span><span class=\"BZ_Pyq_fadeIn\">pieces<\/span><\/strong><\/p>\n<\/li>\n<li data-section-id=\"13cs5x9\" data-start=\"833\" data-end=\"850\">\n<p data-start=\"835\" data-end=\"850\"><span class=\"BZ_Pyq_fadeIn\">luminaire <\/span><span class=\"BZ_Pyq_fadeIn\">tytanowa<\/span><\/p>\n<\/li>\n<li data-section-id=\"h3q55i\" data-start=\"851\" data-end=\"880\">\n<p data-start=\"853\" data-end=\"880\"><span class=\"BZ_Pyq_fadeIn\">smuk\u0142y, <\/span><span class=\"BZ_Pyq_fadeIn\">rectangular <\/span><span class=\"BZ_Pyq_fadeIn\">shape<\/span><\/p>\n<\/li>\n<li data-section-id=\"1f1dw8n\" data-start=\"881\" data-end=\"897\">\n<p data-start=\"883\" data-end=\"897\"><span class=\"BZ_Pyq_fadeIn\">average <\/span><span class=\"BZ_Pyq_fadeIn\">size<\/span><\/p>\n<\/li>\n<li data-section-id=\"2i5di2\" data-start=\"898\" data-end=\"944\">\n<p data-start=\"900\" data-end=\"944\"><span class=\"BZ_Pyq_fadeIn\">dekoracyjne <\/span><span class=\"BZ_Pyq_fadeIn\">kraw\u0119dzie <\/span><span class=\"BZ_Pyq_fadeIn\">lenses <\/span><span class=\"BZ_Pyq_fadeIn\">type <\/span><em data-start=\"936\" data-end=\"944\"><span class=\"BZ_Pyq_fadeIn\">coined<\/span><\/em><\/p>\n<\/li>\n<li data-section-id=\"786g92\" data-start=\"945\" data-end=\"979\">\n<p data-start=\"947\" data-end=\"979\"><span class=\"BZ_Pyq_fadeIn\">acetatowe <\/span><span class=\"BZ_Pyq_fadeIn\">inserty <\/span><span class=\"BZ_Pyq_fadeIn\">wok\u00f3\u0142 <\/span><span class=\"BZ_Pyq_fadeIn\">lenses<\/span><\/p>\n<\/li>\n<li data-section-id=\"qvtnp7\" data-start=\"980\" data-end=\"1017\">\n<p data-start=\"982\" data-end=\"1017\"><span class=\"BZ_Pyq_fadeIn\">slim <\/span><span class=\"BZ_Pyq_fadeIn\">ear cuffs <\/span><span class=\"BZ_Pyq_fadeIn\">z <\/span><span class=\"BZ_Pyq_fadeIn\">detail <\/span><span class=\"BZ_Pyq_fadeIn\">hairline<\/span><\/p>\n<\/li>\n<li data-section-id=\"6qtzdc\" data-start=\"1018\" data-end=\"1062\">\n<p data-start=\"1020\" data-end=\"1062\"><span class=\"BZ_Pyq_fadeIn\">rze\u017abiarskie <\/span><span class=\"BZ_Pyq_fadeIn\">ko\u0144c\u00f3wki <\/span><span class=\"BZ_Pyq_fadeIn\">earwigs <\/span><span class=\"BZ_Pyq_fadeIn\">z <\/span><span class=\"BZ_Pyq_fadeIn\">acetate<\/span><\/p>\n<\/li>\n<li data-section-id=\"1kypxra\" data-start=\"1063\" data-end=\"1082\">\n<p data-start=\"1065\" data-end=\"1082\"><span class=\"BZ_Pyq_fadeIn\">colour: <\/span><strong data-start=\"1072\" data-end=\"1082\"><span class=\"BZ_Pyq_fadeIn\">Verona<\/span><\/strong><\/p>\n<\/li>\n<\/ul>","protected":false},"featured_media":8637,"template":"","meta":{"_acf_changed":false},"product_brand":[82],"product_cat":[848,850,30,851],"product_tag":[],"model":[879],"class_list":{"0":"post-8636","1":"product","2":"type-product","3":"status-publish","4":"has-post-thumbnail","6":"product_brand-jacques-marie-mage","7":"product_cat-damskie","8":"product_cat-meskie","9":"product_cat-okulary-przeciwsloneczne","10":"product_cat-unisex","11":"model-beckett","13":"first","14":"instock","15":"taxable","16":"shipping-taxable","17":"purchasable","18":"product-type-simple"},"acf":[],"aioseo_notices":[],"_links":{"self":[{"href":"https:\/\/markoweokulary.pl\/en\/wp-json\/wp\/v2\/product\/8636","targetHints":{"allow":["GET"]}}],"collection":[{"href":"https:\/\/markoweokulary.pl\/en\/wp-json\/wp\/v2\/product"}],"about":[{"href":"https:\/\/markoweokulary.pl\/en\/wp-json\/wp\/v2\/types\/product"}],"version-history":[{"count":0,"href":"https:\/\/markoweokulary.pl\/en\/wp-json\/wp\/v2\/product\/8636\/revisions"}],"wp:featuredmedia":[{"embeddable":true,"href":"https:\/\/markoweokulary.pl\/en\/wp-json\/wp\/v2\/media\/8637"}],"wp:attachment":[{"href":"https:\/\/markoweokulary.pl\/en\/wp-json\/wp\/v2\/media?parent=8636"}],"wp:term":[{"taxonomy":"product_brand","embeddable":true,"href":"https:\/\/markoweokulary.pl\/en\/wp-json\/wp\/v2\/product_brand?post=8636"},{"taxonomy":"product_cat","embeddable":true,"href":"https:\/\/markoweokulary.pl\/en\/wp-json\/wp\/v2\/product_cat?post=8636"},{"taxonomy":"product_tag","embeddable":true,"href":"https:\/\/markoweokulary.pl\/en\/wp-json\/wp\/v2\/product_tag?post=8636"},{"taxonomy":"model","embeddable":true,"href":"https:\/\/markoweokulary.pl\/en\/wp-json\/wp\/v2\/model?post=8636"}],"curies":[{"name":"wp","href":"https:\/\/api.w.org\/{rel}","templated":true}]}}