{"id":8608,"date":"2026-04-30T16:21:23","date_gmt":"2026-04-30T14:21:23","guid":{"rendered":"https:\/\/markoweokulary.pl\/produkt\/jacques-marie-mage-corniche-raven\/"},"modified":"2026-04-30T16:21:26","modified_gmt":"2026-04-30T14:21:26","slug":"jacques-marie-mage-corniche-raven","status":"publish","type":"product","link":"https:\/\/markoweokulary.pl\/en\/produkt\/jacques-marie-mage-corniche-raven\/","title":{"rendered":"Jacques Marie Mage CORNICHE | RAVEN"},"content":{"rendered":"<p><strong data-start=\"884\" data-end=\"897\">Who is it for?<\/strong><br data-start=\"897\" data-end=\"900\" \/>To okulary stworzone dla os\u00f3b, kt\u00f3re chc\u0105 celebrowa\u0107 luksus i swobod\u0119, ceni\u0105 sobie ponadczasow\u0105 elegancj\u0119, a jednocze\u015bnie odwa\u017cny design inspirowany stylem lat 60. Jacques Marie Mage oferuje tu co\u015b wi\u0119cej ni\u017c oprawy \u2013 to manifest stylu, wolno\u015bci i artystycznego ducha.<\/p>\n<p>Limitowana seria 400 sztuk na ca\u0142ym \u015bwiecie.<\/p>","protected":false},"excerpt":{"rendered":"<h3 data-start=\"90\" data-end=\"143\">Jacques Marie Mage \u2013 inspired by the late 1960s.<\/h3>\n<p data-start=\"145\" data-end=\"470\"><strong data-start=\"145\" data-end=\"174\">Riviera-inspired elegance<\/strong><br data-start=\"174\" data-end=\"177\" \/>A model with an elongated, rectangular shape, a subtly curved upper line and a sculptural silhouette that evokes the atmosphere of the late 1960s. It is a design that combines sophisticated form with artistic nonchalance \u2013 a luxurious tribute to the carefree and sensual style of the French Riviera.<\/p>\n<p data-start=\"472\" data-end=\"493\"><strong data-start=\"472\" data-end=\"491\">Details and design<\/strong><\/p>\n<ul data-start=\"494\" data-end=\"882\">\n<li data-start=\"494\" data-end=\"562\">\n<p data-start=\"496\" data-end=\"562\">Frame: black, 10-millimetre hardened cellulose acetate<\/p>\n<\/li>\n<li data-start=\"563\" data-end=\"650\">\n<p data-start=\"565\" data-end=\"650\">Temple tips: double-laminated acetate with decorative precious metal elements<\/p>\n<\/li>\n<li data-start=\"651\" data-end=\"719\">\n<p data-start=\"653\" data-end=\"719\">Core: classic wirecore with engraved hairline details<\/p>\n<\/li>\n<li data-start=\"720\" data-end=\"786\">\n<p data-start=\"722\" data-end=\"786\">Lenses: brown, elegant and timeless, with full UV protection<\/p>\n<\/li>\n<li data-start=\"787\" data-end=\"882\">\n<p data-start=\"789\" data-end=\"882\">Shape: elongated rectangle with a gently curved top line \u2013 sculptural and light character<\/p>\n<\/li>\n<\/ul>","protected":false},"featured_media":8609,"template":"","meta":{"_acf_changed":false},"product_brand":[82],"product_cat":[848,850,30,851],"product_tag":[329],"model":[371],"class_list":{"0":"post-8608","1":"product","2":"type-product","3":"status-publish","4":"has-post-thumbnail","6":"product_brand-jacques-marie-mage","7":"product_cat-damskie","8":"product_cat-meskie","9":"product_cat-okulary-przeciwsloneczne","10":"product_cat-unisex","11":"product_tag-jmmco01","12":"model-corniche","14":"first","15":"instock","16":"taxable","17":"shipping-taxable","18":"purchasable","19":"product-type-simple"},"acf":[],"aioseo_notices":[],"_links":{"self":[{"href":"https:\/\/markoweokulary.pl\/en\/wp-json\/wp\/v2\/product\/8608","targetHints":{"allow":["GET"]}}],"collection":[{"href":"https:\/\/markoweokulary.pl\/en\/wp-json\/wp\/v2\/product"}],"about":[{"href":"https:\/\/markoweokulary.pl\/en\/wp-json\/wp\/v2\/types\/product"}],"version-history":[{"count":0,"href":"https:\/\/markoweokulary.pl\/en\/wp-json\/wp\/v2\/product\/8608\/revisions"}],"wp:featuredmedia":[{"embeddable":true,"href":"https:\/\/markoweokulary.pl\/en\/wp-json\/wp\/v2\/media\/8609"}],"wp:attachment":[{"href":"https:\/\/markoweokulary.pl\/en\/wp-json\/wp\/v2\/media?parent=8608"}],"wp:term":[{"taxonomy":"product_brand","embeddable":true,"href":"https:\/\/markoweokulary.pl\/en\/wp-json\/wp\/v2\/product_brand?post=8608"},{"taxonomy":"product_cat","embeddable":true,"href":"https:\/\/markoweokulary.pl\/en\/wp-json\/wp\/v2\/product_cat?post=8608"},{"taxonomy":"product_tag","embeddable":true,"href":"https:\/\/markoweokulary.pl\/en\/wp-json\/wp\/v2\/product_tag?post=8608"},{"taxonomy":"model","embeddable":true,"href":"https:\/\/markoweokulary.pl\/en\/wp-json\/wp\/v2\/model?post=8608"}],"curies":[{"name":"wp","href":"https:\/\/api.w.org\/{rel}","templated":true}]}}