{"id":8547,"date":"2026-04-22T19:15:22","date_gmt":"2026-04-22T17:15:22","guid":{"rendered":"https:\/\/markoweokulary.pl\/pl\/produkt\/jacques-marie-mage-stanley-kubrick-twins-etna\/"},"modified":"2026-04-22T19:24:28","modified_gmt":"2026-04-22T17:24:28","slug":"jacques-marie-mage-stanley-kubrick-twins-etna","status":"publish","type":"product","link":"https:\/\/markoweokulary.pl\/en\/produkt\/jacques-marie-mage-stanley-kubrick-twins-etna\/","title":{"rendered":"Jacques Marie Mage STANLEY KUBRICK: TWINS | ETNA"},"content":{"rendered":"<p data-start=\"1817\" data-end=\"2161\"><strong data-start=\"1817\" data-end=\"1855\">Dla kogo jest model TWINS in ETNA?<\/strong><br data-start=\"1855\" data-end=\"1858\" \/>To propozycja dla os\u00f3b, kt\u00f3re wybieraj\u0105 okulary jak obiekt kolekcjonerski \u2014 z uwag\u0105 nie tylko na form\u0119, ale te\u017c na kontekst kulturowy, histori\u0119 i emocj\u0119, jak\u0105 wywo\u0142uj\u0105. TWINS in ETNA to model dla klient\u00f3w, kt\u00f3rzy nie boj\u0105 si\u0119 wyrazistych proporcji i chc\u0105, by oprawa by\u0142a centralnym elementem stylizacji.<\/p>\n<p data-start=\"2163\" data-end=\"2497\">To okulary dla os\u00f3b ceni\u0105cych mod\u0119 z narracj\u0105, kino jako punkt odniesienia i luksus, kt\u00f3ry nie jest oczywisty, lecz g\u0142\u0119boko przemy\u015blany. Motylkowy kszta\u0142t, odwa\u017cna skala i bogactwo detalu sprawiaj\u0105, \u017ce model ten najlepiej odnajdzie si\u0119 u tych, kt\u00f3rzy lubi\u0105 przedmioty mocne wizualnie, ale nadal eleganckie i dopracowane w ka\u017cdym calu.<\/p>\n<p data-start=\"2499\" data-end=\"2664\">TWINS in ETNA nie s\u0105 wyborem zachowawczym. To oprawa dla os\u00f3b, kt\u00f3re chc\u0105 nosi\u0107 co\u015b wyj\u0105tkowego \u2014 z charakterem, kulturowym ci\u0119\u017carem i wyra\u017anie kolekcjonersk\u0105 dusz\u0105.<\/p>","protected":false},"excerpt":{"rendered":"<p data-start=\"90\" data-end=\"170\"><strong data-start=\"90\" data-end=\"131\">STANLEY KUBRICK BY JMM: TWINS IN ETNA<\/strong><br data-start=\"131\" data-end=\"134\" \/><strong data-start=\"134\" data-end=\"170\">Limited edition: 75 copies<\/strong><\/p>\n<p data-start=\"172\" data-end=\"515\">TWINS in ETNA is a unique model from the collection <strong data-start=\"216\" data-end=\"257\">Stanley Kubrick by Jacques Marie Mage<\/strong> - a limited edition series inspired by the work of one of the greatest directors in the history of cinema. This collector's project refers to the film <strong data-start=\"404\" data-end=\"418\"><em data-start=\"406\" data-end=\"416\">Shine<\/em><\/strong>, paying tribute to its unsettling aesthetic, visual precision and timeless impact.<\/p>\n<p data-start=\"517\" data-end=\"860\">The TWINS model is distinguished by a large, striking frame with a <strong data-start=\"567\" data-end=\"591\">butterfly shape<\/strong>, complemented by wide, clearly curved temples and distinctive Jacques Marie Mage details. It is a frame that is bold, expressive and instantly recognisable - designed to impress not only with its form, but also with the story it carries.<\/p>\n<p data-start=\"862\" data-end=\"1211\">In the version <strong data-start=\"871\" data-end=\"879\">ETNA<\/strong> The model is made from 10 mm hardened cellulose acetate in a polished dark havana shade. The double-laminated temples combine a dark exterior with a beige transparent interior, and the whole is completed with spice-coloured gradient lenses. It's a composition that is luxurious, sophisticated and full of cinematic tension.<\/p>\n<p data-start=\"1213\" data-end=\"1231\"><strong data-start=\"1213\" data-end=\"1231\">Model details:<\/strong><\/p>\n<ul data-start=\"1232\" data-end=\"1815\">\n<li data-section-id=\"7a5k9a\" data-start=\"1232\" data-end=\"1302\">inner wire core \u201eDAO\u201d coated <strong data-start=\"1269\" data-end=\"1300\">18 carat dark gold<\/strong><\/li>\n<li data-section-id=\"qhplyc\" data-start=\"1303\" data-end=\"1411\">original <strong data-start=\"1315\" data-end=\"1338\">7-barrel hinges<\/strong> with subtle hairline engraving, covered with <strong data-start=\"1378\" data-end=\"1409\">18 carat dark gold<\/strong><\/li>\n<li data-section-id=\"1qwgu39\" data-start=\"1412\" data-end=\"1480\">spur-shaped rivets, covered with <strong data-start=\"1447\" data-end=\"1478\">18 carat dark gold<\/strong><\/li>\n<li data-section-id=\"1hpvoz\" data-start=\"1481\" data-end=\"1521\">gold markings inside the earcups<\/li>\n<li data-section-id=\"1g5d523\" data-start=\"1522\" data-end=\"1615\">luminaire with <strong data-start=\"1533\" data-end=\"1576\">10 mm cured cellulose acetate<\/strong> in polished dark havana<\/li>\n<li data-section-id=\"vqwga2\" data-start=\"1616\" data-end=\"1705\">double laminated temples: dark havana outside, transparent beige inside<\/li>\n<li data-section-id=\"10meb1v\" data-start=\"1706\" data-end=\"1768\">lenses <strong data-start=\"1717\" data-end=\"1737\">Armorlite 6-base<\/strong> coloured <strong data-start=\"1748\" data-end=\"1766\">spice gradient<\/strong><\/li>\n<li data-section-id=\"xnw8nu\" data-start=\"1769\" data-end=\"1815\">anti-reflection on the inside of the lenses<\/li>\n<\/ul>","protected":false},"featured_media":8548,"template":"","meta":{"_acf_changed":false},"product_brand":[82],"product_cat":[848,30],"product_tag":[],"model":[874],"class_list":{"0":"post-8547","1":"product","2":"type-product","3":"status-publish","4":"has-post-thumbnail","6":"product_brand-jacques-marie-mage","7":"product_cat-damskie","8":"product_cat-okulary-przeciwsloneczne","9":"model-twins","11":"first","12":"instock","13":"taxable","14":"shipping-taxable","15":"purchasable","16":"product-type-simple"},"acf":[],"aioseo_notices":[],"_links":{"self":[{"href":"https:\/\/markoweokulary.pl\/en\/wp-json\/wp\/v2\/product\/8547","targetHints":{"allow":["GET"]}}],"collection":[{"href":"https:\/\/markoweokulary.pl\/en\/wp-json\/wp\/v2\/product"}],"about":[{"href":"https:\/\/markoweokulary.pl\/en\/wp-json\/wp\/v2\/types\/product"}],"version-history":[{"count":0,"href":"https:\/\/markoweokulary.pl\/en\/wp-json\/wp\/v2\/product\/8547\/revisions"}],"wp:featuredmedia":[{"embeddable":true,"href":"https:\/\/markoweokulary.pl\/en\/wp-json\/wp\/v2\/media\/8548"}],"wp:attachment":[{"href":"https:\/\/markoweokulary.pl\/en\/wp-json\/wp\/v2\/media?parent=8547"}],"wp:term":[{"taxonomy":"product_brand","embeddable":true,"href":"https:\/\/markoweokulary.pl\/en\/wp-json\/wp\/v2\/product_brand?post=8547"},{"taxonomy":"product_cat","embeddable":true,"href":"https:\/\/markoweokulary.pl\/en\/wp-json\/wp\/v2\/product_cat?post=8547"},{"taxonomy":"product_tag","embeddable":true,"href":"https:\/\/markoweokulary.pl\/en\/wp-json\/wp\/v2\/product_tag?post=8547"},{"taxonomy":"model","embeddable":true,"href":"https:\/\/markoweokulary.pl\/en\/wp-json\/wp\/v2\/model?post=8547"}],"curies":[{"name":"wp","href":"https:\/\/api.w.org\/{rel}","templated":true}]}}