{"id":8537,"date":"2026-04-22T18:48:41","date_gmt":"2026-04-22T16:48:41","guid":{"rendered":"https:\/\/markoweokulary.pl\/produkt\/jacques-marie-mage-yoshi-rx-black-fade\/"},"modified":"2026-04-22T19:08:16","modified_gmt":"2026-04-22T17:08:16","slug":"jacques-marie-mage-yoshi-rx-black-fade","status":"publish","type":"product","link":"https:\/\/markoweokulary.pl\/en\/produkt\/jacques-marie-mage-yoshi-rx-black-fade\/","title":{"rendered":"Jacques Marie Mage YOSHI RX | BLACK FADE"},"content":{"rendered":"<p data-start=\"2292\" data-end=\"2626\"><strong data-start=\"2292\" data-end=\"2339\">Dla kogo jest model YOSHI RX in Black Fade?<\/strong><br data-start=\"2339\" data-end=\"2342\" \/>To propozycja dla os\u00f3b, kt\u00f3re ceni\u0105 odwa\u017cny design, architektoniczne formy i okulary o silnej, nowoczesnej to\u017csamo\u015bci. YOSHI RX b\u0119dzie idealnym wyborem dla klient\u00f3w, kt\u00f3rzy szukaj\u0105 oprawy geometrycznej, wyrazistej i nietuzinkowej, ale nadal dopracowanej w spos\u00f3b elegancki i wywa\u017cony.<\/p>\n<p data-start=\"2628\" data-end=\"2882\">Ten model szczeg\u00f3lnie przypadnie do gustu osobom, kt\u00f3re lubi\u0105 mocniejsze linie, konceptualne wzornictwo i luksus wyra\u017cony form\u0105, a nie przesad\u0105. To oprawa dla tych, kt\u00f3rzy chc\u0105 nosi\u0107 co\u015b wysoce charakterystycznego, a jednocze\u015bnie perfekcyjnie wykonanego.<\/p>","protected":false},"excerpt":{"rendered":"<p data-start=\"106\" data-end=\"172\"><strong data-start=\"106\" data-end=\"132\">YOSHI RX in Black Fade<\/strong><br data-start=\"132\" data-end=\"135\" \/><strong data-start=\"135\" data-end=\"172\">Limited edition: 250 copies<\/strong><\/p>\n<p data-start=\"174\" data-end=\"490\">YOSHI RX is a model that draws on the radical design aesthetic of the 1970s - full of sharp lines, geometric angles and bold, almost conceptual proportions. This expressive medium-sized luminaire draws attention with its sculptural form, while maintaining balance, visual lightness and everyday functionality.<\/p>\n<p data-start=\"492\" data-end=\"775\">The model's dynamic, architectural silhouette makes YOSHI RX appear both aerodynamic and expressive. The angular contours give it a sense of movement and spontaneity, making the glasses not only a utilitarian object but also a conscious design object.<\/p>\n<p data-start=\"777\" data-end=\"1113\">In the version <strong data-start=\"786\" data-end=\"800\">Black Fade<\/strong> The frame gains additional depth from the subtly shaded acetate. The outer part of the temples in transparent beige contrasts with the darker interior, building an elegant, multi-layered composition. The overall look is complemented by light grey lenses, which give the model a calm, modern expression.<\/p>\n<p data-start=\"1115\" data-end=\"1455\"><strong data-start=\"1115\" data-end=\"1137\">Craftsmanship and details<\/strong><br data-start=\"1137\" data-end=\"1140\" \/>The YOSHI RX has been handcrafted in Japan from 12mm hardened cellulose acetate. The front of the frame is adorned with distinctive arrowhead-shaped pins in sterling silver, while the exposed Dart-type wire core, plated with palladium in a silver finish, emphasises the technical and refined nature of the design.<\/p>\n<p data-start=\"1457\" data-end=\"1778\">The proprietary floating hinge ensures smooth movement and high precision operation. Spur-shaped rivets and gold embossed markings on the inside of the temples further accentuate the collector quality of the model. Each component has been designed with durability, comfort and visual harmony in mind.<\/p>\n<p data-start=\"1780\" data-end=\"1798\"><strong data-start=\"1780\" data-end=\"1798\">Model details:<\/strong><\/p>\n<ul data-start=\"1799\" data-end=\"2290\">\n<li data-section-id=\"12o56cl\" data-start=\"1799\" data-end=\"1836\">binding handmade in Japan<\/li>\n<li data-section-id=\"9oyouh\" data-start=\"1837\" data-end=\"1892\">front with <strong data-start=\"1847\" data-end=\"1890\">12 mm of cured cellulose acetate<\/strong><\/li>\n<li data-section-id=\"1e4ewli\" data-start=\"1893\" data-end=\"1955\">pins in the shape of an arrowhead with <strong data-start=\"1929\" data-end=\"1953\">sterling silver<\/strong><\/li>\n<li data-section-id=\"jz8sb7\" data-start=\"1956\" data-end=\"2021\">exposed wire core type <strong data-start=\"1985\" data-end=\"1993\">Dart<\/strong> coated with silver palladium<\/li>\n<li data-section-id=\"1nnk316\" data-start=\"2022\" data-end=\"2067\">proprietary hinge type <strong data-start=\"2047\" data-end=\"2065\">floating hinge<\/strong><\/li>\n<li data-section-id=\"1t35ts1\" data-start=\"2068\" data-end=\"2095\">spur rivets<\/li>\n<li data-section-id=\"1m7pb9b\" data-start=\"2096\" data-end=\"2152\">gold-plated markings on the inside of the earcups<\/li>\n<li data-section-id=\"3hq4pq\" data-start=\"2153\" data-end=\"2266\">colouring <strong data-start=\"2167\" data-end=\"2181\">Black Fade<\/strong> with transparent beige outer parts of the temples and a darker interior<\/li>\n<li data-section-id=\"19jtu1n\" data-start=\"2267\" data-end=\"2290\">light grey lenses<\/li>\n<\/ul>","protected":false},"featured_media":8538,"template":"","meta":{"_acf_changed":false},"product_brand":[82],"product_cat":[848,850,51,851],"product_tag":[],"model":[873],"class_list":{"0":"post-8537","1":"product","2":"type-product","3":"status-publish","4":"has-post-thumbnail","6":"product_brand-jacques-marie-mage","7":"product_cat-damskie","8":"product_cat-meskie","9":"product_cat-okulary-korekcyjne","10":"product_cat-unisex","11":"model-yoshi","13":"first","14":"instock","15":"taxable","16":"shipping-taxable","17":"purchasable","18":"product-type-simple"},"acf":[],"aioseo_notices":[],"_links":{"self":[{"href":"https:\/\/markoweokulary.pl\/en\/wp-json\/wp\/v2\/product\/8537","targetHints":{"allow":["GET"]}}],"collection":[{"href":"https:\/\/markoweokulary.pl\/en\/wp-json\/wp\/v2\/product"}],"about":[{"href":"https:\/\/markoweokulary.pl\/en\/wp-json\/wp\/v2\/types\/product"}],"version-history":[{"count":0,"href":"https:\/\/markoweokulary.pl\/en\/wp-json\/wp\/v2\/product\/8537\/revisions"}],"wp:featuredmedia":[{"embeddable":true,"href":"https:\/\/markoweokulary.pl\/en\/wp-json\/wp\/v2\/media\/8538"}],"wp:attachment":[{"href":"https:\/\/markoweokulary.pl\/en\/wp-json\/wp\/v2\/media?parent=8537"}],"wp:term":[{"taxonomy":"product_brand","embeddable":true,"href":"https:\/\/markoweokulary.pl\/en\/wp-json\/wp\/v2\/product_brand?post=8537"},{"taxonomy":"product_cat","embeddable":true,"href":"https:\/\/markoweokulary.pl\/en\/wp-json\/wp\/v2\/product_cat?post=8537"},{"taxonomy":"product_tag","embeddable":true,"href":"https:\/\/markoweokulary.pl\/en\/wp-json\/wp\/v2\/product_tag?post=8537"},{"taxonomy":"model","embeddable":true,"href":"https:\/\/markoweokulary.pl\/en\/wp-json\/wp\/v2\/model?post=8537"}],"curies":[{"name":"wp","href":"https:\/\/api.w.org\/{rel}","templated":true}]}}