{"id":8068,"date":"2026-03-06T10:47:27","date_gmt":"2026-03-06T09:47:27","guid":{"rendered":"https:\/\/markoweokulary.pl\/?post_type=product&#038;p=8068"},"modified":"2026-03-18T15:12:58","modified_gmt":"2026-03-18T14:12:58","slug":"blush-by-caroline-abram-epice-677","status":"publish","type":"product","link":"https:\/\/markoweokulary.pl\/en\/produkt\/blush-by-caroline-abram-epice-677\/","title":{"rendered":"Blush by Caroline Abram EPICE | 677"},"content":{"rendered":"<p><strong data-start=\"102\" data-end=\"115\">EPICE 677<\/strong> to kobieca oprawa w kszta\u0142cie <strong data-start=\"146\" data-end=\"170\">kociego oka<\/strong> \u2013 wyrazista, ale bardzo elegancka. Ciemny fiolet <strong data-start=\"220\" data-end=\"236\">Violet Fonc\u00e9<\/strong> na froncie \u0142\u0105czy si\u0119 z subtelnymi akcentami <strong data-start=\"281\" data-end=\"299\">Bordeaux Fonc\u00e9<\/strong>, dzi\u0119ki czemu model wygl\u0105da luksusowo i \u015bwietnie podkre\u015bla spojrzenie.<\/p>","protected":false},"excerpt":{"rendered":"<p data-start=\"427\" data-end=\"765\">Line <strong data-start=\"433\" data-end=\"460\">Blush by Caroline Abram<\/strong> is designed to emphasise femininity with colour and detail - without heaviness and without \u201escreaming\u201d. EPICE fits perfectly into this idea: it has <strong data-start=\"601\" data-end=\"633\">rounded, butterfly-shaped form<\/strong>, which opens the eye nicely and adds softness to the face, while remaining very stylish.<\/p>\n<p data-start=\"767\" data-end=\"1111\">In the variant <strong data-start=\"779\" data-end=\"823\">col. 677 (Violet Fonc\u00e9 \/ Bordeaux Fonc\u00e9)<\/strong> The front has a deep, dark purple tone, and refined burgundy accents appear at the temples. Many descriptions of the model highlight the design: <strong data-start=\"976\" data-end=\"995\">acetate front<\/strong> i <strong data-start=\"998\" data-end=\"1027\">slim metal temples<\/strong>, which add lightness and elegance to the profile.<\/p>\n<h3 data-start=\"1113\" data-end=\"1138\">Key features<\/h3>\n<ul data-start=\"1139\" data-end=\"1600\">\n<li data-start=\"1139\" data-end=\"1225\">\n<p data-start=\"1141\" data-end=\"1225\"><strong data-start=\"1141\" data-end=\"1151\">Model:<\/strong> Blush by Caroline Abram <strong data-start=\"1176\" data-end=\"1185\">EPICE<\/strong><\/p>\n<\/li>\n<li data-start=\"1226\" data-end=\"1318\">\n<p data-start=\"1228\" data-end=\"1318\"><strong data-start=\"1228\" data-end=\"1238\">Colour:<\/strong> <strong data-start=\"1239\" data-end=\"1278\">677 - Violet Fonc\u00e9 \/ Bordeaux Fonc\u00e9<\/strong><\/p>\n<\/li>\n<li data-start=\"1319\" data-end=\"1395\">\n<p data-start=\"1321\" data-end=\"1395\"><strong data-start=\"1321\" data-end=\"1333\">Shape:<\/strong> <strong data-start=\"1334\" data-end=\"1355\">butterfly<\/strong><\/p>\n<\/li>\n<li data-start=\"1396\" data-end=\"1494\">\n<p data-start=\"1398\" data-end=\"1494\"><strong data-start=\"1398\" data-end=\"1411\">Material:<\/strong> <strong data-start=\"1412\" data-end=\"1422\">acetate<\/strong> (front) + <strong data-start=\"1433\" data-end=\"1442\">metal<\/strong> (ear cuffs)<\/p>\n<\/li>\n<li data-start=\"1495\" data-end=\"1600\">\n<p data-start=\"1497\" data-end=\"1600\"><strong data-start=\"1497\" data-end=\"1509\">Size:<\/strong> <strong data-start=\"1510\" data-end=\"1523\">52-18-140<\/strong><\/p>\n<\/li>\n<\/ul>","protected":false},"featured_media":8069,"template":"","meta":{"_acf_changed":false},"product_brand":[783],"product_cat":[51,747],"product_tag":[],"model":[784],"class_list":{"0":"post-8068","1":"product","2":"type-product","3":"status-publish","4":"has-post-thumbnail","6":"product_brand-blush-by-caroline-abram","7":"product_cat-okulary-korekcyjne","8":"product_cat-outlet","9":"model-epice","11":"first","12":"instock","13":"sale","14":"taxable","15":"shipping-taxable","16":"purchasable","17":"product-type-simple"},"acf":[],"aioseo_notices":[],"_links":{"self":[{"href":"https:\/\/markoweokulary.pl\/en\/wp-json\/wp\/v2\/product\/8068","targetHints":{"allow":["GET"]}}],"collection":[{"href":"https:\/\/markoweokulary.pl\/en\/wp-json\/wp\/v2\/product"}],"about":[{"href":"https:\/\/markoweokulary.pl\/en\/wp-json\/wp\/v2\/types\/product"}],"version-history":[{"count":0,"href":"https:\/\/markoweokulary.pl\/en\/wp-json\/wp\/v2\/product\/8068\/revisions"}],"wp:featuredmedia":[{"embeddable":true,"href":"https:\/\/markoweokulary.pl\/en\/wp-json\/wp\/v2\/media\/8069"}],"wp:attachment":[{"href":"https:\/\/markoweokulary.pl\/en\/wp-json\/wp\/v2\/media?parent=8068"}],"wp:term":[{"taxonomy":"product_brand","embeddable":true,"href":"https:\/\/markoweokulary.pl\/en\/wp-json\/wp\/v2\/product_brand?post=8068"},{"taxonomy":"product_cat","embeddable":true,"href":"https:\/\/markoweokulary.pl\/en\/wp-json\/wp\/v2\/product_cat?post=8068"},{"taxonomy":"product_tag","embeddable":true,"href":"https:\/\/markoweokulary.pl\/en\/wp-json\/wp\/v2\/product_tag?post=8068"},{"taxonomy":"model","embeddable":true,"href":"https:\/\/markoweokulary.pl\/en\/wp-json\/wp\/v2\/model?post=8068"}],"curies":[{"name":"wp","href":"https:\/\/api.w.org\/{rel}","templated":true}]}}