{"id":7868,"date":"2026-03-04T21:40:15","date_gmt":"2026-03-04T20:40:15","guid":{"rendered":"https:\/\/markoweokulary.pl\/?post_type=product&#038;p=7868"},"modified":"2026-04-02T17:18:31","modified_gmt":"2026-04-02T15:18:31","slug":"lightbird-snake-c065","status":"publish","type":"product","link":"https:\/\/markoweokulary.pl\/en\/produkt\/lightbird-snake-c065\/","title":{"rendered":"Lightbird SNAKE | C065"},"content":{"rendered":"<p><strong data-start=\"90\" data-end=\"99\">SNAKE<\/strong> version <strong data-start=\"109\" data-end=\"130\">MIRROR Collection<\/strong> to elegancki, kobiecy kszta\u0142t z delikatnym uniesieniem, kt\u00f3ry pi\u0119knie podkre\u015bla oczy. Wariant <strong data-start=\"225\" data-end=\"233\">C065<\/strong> \u0142\u0105czy ciep\u0142y <strong data-start=\"247\" data-end=\"268\">Soft Brown Havana<\/strong> z satynowym metalem <strong data-start=\"289\" data-end=\"306\">Natural Brass<\/strong> i czarnymi zausznikami <strong data-start=\"330\" data-end=\"346\">Bright Black<\/strong> \u2013 bi\u017cuteryjnie, ale bardzo nowocze\u015bnie.<\/p>","protected":false},"excerpt":{"rendered":"<p data-start=\"405\" data-end=\"661\">Model <strong data-start=\"411\" data-end=\"430\">Lightbird SNAKE<\/strong> is designed to do a cat-eye effect, but in a more contemporary and softer way. The lines are sleek and the proportions are larger and sleeker - so the frame adds definition to the face while keeping it light.<\/p>\n<p data-start=\"663\" data-end=\"1074\">In the variant <strong data-start=\"675\" data-end=\"689\">LB021 C065<\/strong> the main role is played by the finish of the collection <strong data-start=\"729\" data-end=\"739\">MIRROR<\/strong>: front in tones <strong data-start=\"757\" data-end=\"778\">Soft Brown Havana<\/strong> was combined with satin metal <strong data-start=\"816\" data-end=\"833\">Natural Brass<\/strong>, which gives a warm, noble sheen (without flashy \u201cgold\u201d). Contrasting with this <strong data-start=\"917\" data-end=\"943\">Bright Black temples<\/strong>, which bring order to the whole and make the setting look premium and very easy to combine with the wardrobe - from beige and brown to black.<\/p>\n<h3 data-start=\"1076\" data-end=\"1101\">Key features<\/h3>\n<ul data-start=\"1102\" data-end=\"1473\">\n<li data-start=\"1102\" data-end=\"1161\">\n<p data-start=\"1104\" data-end=\"1161\"><strong data-start=\"1104\" data-end=\"1122\">Make \/ model:<\/strong> Lightbird <strong data-start=\"1133\" data-end=\"1142\">SNAKE<\/strong> \u2013 <strong data-start=\"1145\" data-end=\"1159\">LB021 C065<\/strong><\/p>\n<\/li>\n<li data-start=\"1162\" data-end=\"1190\">\n<p data-start=\"1164\" data-end=\"1190\"><strong data-start=\"1164\" data-end=\"1177\">Collection:<\/strong> <strong data-start=\"1178\" data-end=\"1188\">MIRROR<\/strong><\/p>\n<\/li>\n<li data-start=\"1191\" data-end=\"1239\">\n<p data-start=\"1193\" data-end=\"1239\"><strong data-start=\"1193\" data-end=\"1201\">Type:<\/strong> glasses <strong data-start=\"1210\" data-end=\"1224\">corrective<\/strong>, <strong data-start=\"1226\" data-end=\"1237\">women's<\/strong><\/p>\n<\/li>\n<li data-start=\"1240\" data-end=\"1346\">\n<p data-start=\"1242\" data-end=\"1346\"><strong data-start=\"1242\" data-end=\"1252\">Colour:<\/strong> <strong data-start=\"1253\" data-end=\"1280\">Front Soft Brown Havana<\/strong> + satin metal <strong data-start=\"1298\" data-end=\"1315\">Natural Brass<\/strong> + ear cuffs <strong data-start=\"1328\" data-end=\"1344\">Bright Black<\/strong><\/p>\n<\/li>\n<li data-start=\"1347\" data-end=\"1407\">\n<p data-start=\"1349\" data-end=\"1407\"><strong data-start=\"1349\" data-end=\"1361\">Shape:<\/strong> feminine, slightly raised (subtle cat-eye)<\/p>\n<\/li>\n<li data-start=\"1408\" data-end=\"1438\">\n<p data-start=\"1410\" data-end=\"1438\"><strong data-start=\"1410\" data-end=\"1422\">Size:<\/strong> <strong data-start=\"1423\" data-end=\"1436\">53-17-142<\/strong><\/p>\n<\/li>\n<li data-start=\"1439\" data-end=\"1473\">\n<p data-start=\"1441\" data-end=\"1473\"><strong data-start=\"1441\" data-end=\"1463\">Lens height:<\/strong> <strong data-start=\"1464\" data-end=\"1473\">48 mm<\/strong><\/p>\n<\/li>\n<\/ul>","protected":false},"featured_media":7870,"template":"","meta":{"_acf_changed":false},"product_brand":[687],"product_cat":[51,747],"product_tag":[],"model":[702],"class_list":{"0":"post-7868","1":"product","2":"type-product","3":"status-publish","4":"has-post-thumbnail","6":"product_brand-lightbird","7":"product_cat-okulary-korekcyjne","8":"product_cat-outlet","9":"model-snake","11":"first","12":"instock","13":"sale","14":"taxable","15":"shipping-taxable","16":"purchasable","17":"product-type-simple"},"acf":[],"aioseo_notices":[],"_links":{"self":[{"href":"https:\/\/markoweokulary.pl\/en\/wp-json\/wp\/v2\/product\/7868","targetHints":{"allow":["GET"]}}],"collection":[{"href":"https:\/\/markoweokulary.pl\/en\/wp-json\/wp\/v2\/product"}],"about":[{"href":"https:\/\/markoweokulary.pl\/en\/wp-json\/wp\/v2\/types\/product"}],"version-history":[{"count":0,"href":"https:\/\/markoweokulary.pl\/en\/wp-json\/wp\/v2\/product\/7868\/revisions"}],"wp:featuredmedia":[{"embeddable":true,"href":"https:\/\/markoweokulary.pl\/en\/wp-json\/wp\/v2\/media\/7870"}],"wp:attachment":[{"href":"https:\/\/markoweokulary.pl\/en\/wp-json\/wp\/v2\/media?parent=7868"}],"wp:term":[{"taxonomy":"product_brand","embeddable":true,"href":"https:\/\/markoweokulary.pl\/en\/wp-json\/wp\/v2\/product_brand?post=7868"},{"taxonomy":"product_cat","embeddable":true,"href":"https:\/\/markoweokulary.pl\/en\/wp-json\/wp\/v2\/product_cat?post=7868"},{"taxonomy":"product_tag","embeddable":true,"href":"https:\/\/markoweokulary.pl\/en\/wp-json\/wp\/v2\/product_tag?post=7868"},{"taxonomy":"model","embeddable":true,"href":"https:\/\/markoweokulary.pl\/en\/wp-json\/wp\/v2\/model?post=7868"}],"curies":[{"name":"wp","href":"https:\/\/api.w.org\/{rel}","templated":true}]}}