{"id":5104,"date":"2026-02-26T20:27:55","date_gmt":"2026-02-26T19:27:55","guid":{"rendered":"https:\/\/heuristic-blackwell.159-195-21-120.plesk.page\/?page_id=5104"},"modified":"2026-03-09T14:52:47","modified_gmt":"2026-03-09T13:52:47","slug":"returns-and-complaints","status":"publish","type":"page","link":"https:\/\/markoweokulary.pl\/en\/zwroty-i-reklamacje\/","title":{"rendered":"Returns and complaints"},"content":{"rendered":"<div data-elementor-type=\"wp-page\" data-elementor-id=\"5104\" class=\"elementor elementor-5104\" data-elementor-post-type=\"page\">\n\t\t\t\t<div class=\"elementor-element elementor-element-e98fd1e e-flex e-con-boxed e-con e-parent\" data-id=\"e98fd1e\" data-element_type=\"container\" data-e-type=\"container\">\n\t\t\t\t\t<div class=\"e-con-inner\">\n\t\t\t\t<div class=\"elementor-element elementor-element-7085d92 elementor-widget elementor-widget-text-editor\" data-id=\"7085d92\" data-element_type=\"widget\" data-e-type=\"widget\" data-widget_type=\"text-editor.default\">\n\t\t\t\t\t\t\t\t\t<h5 style=\"text-align: left;\" data-start=\"263\" data-end=\"284\">Returns and complaints<\/h5><h5 data-start=\"286\" data-end=\"321\">\u00a0<\/h5><h5 data-start=\"286\" data-end=\"321\">1) Returns (withdrawal)<\/h5><p data-start=\"322\" data-end=\"454\">If you are buying as a consumer, you have the right to withdraw from the contract within a period of time <strong data-start=\"393\" data-end=\"403\">14 days<\/strong> from receipt of the parcel - without stating a reason.<\/p><h5 data-start=\"456\" data-end=\"478\">\u00a0<\/h5><h5 data-start=\"456\" data-end=\"478\">How to make a return<\/h5><ol data-start=\"479\" data-end=\"671\"><li data-start=\"479\" data-end=\"545\"><p data-start=\"482\" data-end=\"545\">Write to us at <b>sklep@markoweokulary.pl<\/b>\u00a0with an order number.<\/p><\/li><li data-start=\"546\" data-end=\"607\"><p data-start=\"549\" data-end=\"607\">You will receive brief return instructions and a return address.<\/p><\/li><li data-start=\"608\" data-end=\"671\"><p data-start=\"611\" data-end=\"671\">Send the product back within 14 days of the withdrawal notification.<\/p><\/li><\/ol><h5 data-start=\"673\" data-end=\"701\">\u00a0<\/h5><h5 data-start=\"673\" data-end=\"701\">Conditions for acceptance of return<\/h5><p data-start=\"702\" data-end=\"756\">To speed up the process, please send the product back:<\/p><ul data-start=\"757\" data-end=\"930\"><li data-start=\"757\" data-end=\"805\"><p data-start=\"759\" data-end=\"805\">able <strong data-start=\"768\" data-end=\"783\">unused<\/strong>, No signs of wear,<\/p><\/li><li data-start=\"806\" data-end=\"870\"><p data-start=\"808\" data-end=\"870\">w <strong data-start=\"810\" data-end=\"836\">original packaging<\/strong> (manufacturer's case\/box, accessories),<\/p><\/li><li data-start=\"871\" data-end=\"930\"><p data-start=\"873\" data-end=\"930\">accompanied by <strong data-start=\"886\" data-end=\"904\">proof of purchase<\/strong> (or order number).<\/p><\/li><\/ul><blockquote data-start=\"932\" data-end=\"1093\"><p data-start=\"934\" data-end=\"1093\">You can inspect the product as you would in a stationary shop - but the value of the product cannot be diminished by use beyond mere inspection.<\/p><\/blockquote><h5 data-start=\"1095\" data-end=\"1112\">\u00a0<\/h5><h5 data-start=\"1095\" data-end=\"1112\">Return costs<\/h5><p data-start=\"1113\" data-end=\"1208\">The cost of returning the goods shall be borne by the buyer, unless we agree otherwise (e.g. an error on our part).<\/p><h5 data-start=\"1210\" data-end=\"1227\">\u00a0<\/h5><h5 data-start=\"1210\" data-end=\"1227\">Return of funds<\/h5><p data-start=\"1228\" data-end=\"1400\">We process payment refunds <strong data-start=\"1256\" data-end=\"1274\">within 14 days<\/strong> from receipt of the cancellation notice, but we may withhold the return until we have received the product or confirmation of posting.<\/p><p data-start=\"1402\" data-end=\"1498\">We return the funds using the same payment method used for the purchase (unless we agree otherwise).<\/p><hr data-start=\"1500\" data-end=\"1503\" \/><h5 data-start=\"1505\" data-end=\"1518\">\u00a0<\/h5><h5 data-start=\"1505\" data-end=\"1518\">2) Replacement<\/h5><p data-start=\"1519\" data-end=\"1729\">If you wish to exchange the product (e.g. for a different model or variant), please write to us at\u00a0<span style=\"font-weight: bold;\">sklep@markoweokulary.pl<\/span>.<br data-start=\"1611\" data-end=\"1614\" \/>Exchanges are carried out subject to availability. Usually the quickest way is to place a new order and return the previous one.<\/p><hr data-start=\"1731\" data-end=\"1734\" \/><h5 data-start=\"1736\" data-end=\"1752\">\u00a0<\/h5><h5 data-start=\"1736\" data-end=\"1752\">3) Complaints<\/h5><p data-start=\"1753\" data-end=\"1833\">If a product has a defect or does not comply with the contract, you have the right to make a complaint.<\/p><h5 data-start=\"1835\" data-end=\"1860\">\u00a0<\/h5><h5 data-start=\"1835\" data-end=\"1860\">How to make a complaint<\/h5><p data-start=\"1861\" data-end=\"1915\">Send a message to\u00a0<span style=\"font-weight: bold;\">sklep@markoweokulary.pl<\/span>\u00a0and give:<\/p><ul data-start=\"1916\" data-end=\"2062\"><li data-start=\"1916\" data-end=\"1935\"><p data-start=\"1918\" data-end=\"1935\">order number,<\/p><\/li><li data-start=\"1936\" data-end=\"1952\"><p data-start=\"1938\" data-end=\"1952\">problem description,<\/p><\/li><li data-start=\"1953\" data-end=\"1987\"><p data-start=\"1955\" data-end=\"1987\">photographs of the defect (if possible),<\/p><\/li><li data-start=\"1988\" data-end=\"2062\"><p data-start=\"1990\" data-end=\"2062\">indicate whether you prefer: repair, replacement, price reduction or return.<\/p><\/li><\/ul><p data-start=\"2064\" data-end=\"2110\">We will respond to your complaint within <strong data-start=\"2099\" data-end=\"2109\">14 days<\/strong>.<\/p><h5 data-start=\"2112\" data-end=\"2141\">\u00a0<\/h5><h5 data-start=\"2112\" data-end=\"2141\">What cannot be claimed<\/h5><p data-start=\"2142\" data-end=\"2172\">The complaint may not include:<\/p><ul data-start=\"2173\" data-end=\"2390\"><li data-start=\"2173\" data-end=\"2240\"><p data-start=\"2175\" data-end=\"2240\">natural signs of wear and tear resulting from normal use,<\/p><\/li><li data-start=\"2241\" data-end=\"2315\"><p data-start=\"2243\" data-end=\"2315\">mechanical damage incurred after delivery (e.g. fall, crushing),<\/p><\/li><li data-start=\"2316\" data-end=\"2390\"><p data-start=\"2318\" data-end=\"2390\">improper care or misuse.<\/p><\/li><\/ul><hr data-start=\"2392\" data-end=\"2395\" \/><h5 data-start=\"2397\" data-end=\"2440\">\u00a0<\/h5><h5 data-start=\"2397\" data-end=\"2440\">4) Limited and collector's items<\/h5><p data-start=\"2441\" data-end=\"2630\">Limited edition models (Vault Collection) are subject to the standard return and complaints policy - unless otherwise stated in the specific product offer (information will be provided on the product page).<\/p><hr data-start=\"2632\" data-end=\"2635\" \/><h5 data-start=\"2637\" data-end=\"2670\">\u00a0<\/h5><h5 data-start=\"2637\" data-end=\"2670\">5) Return\/complaint data<\/h5><p data-start=\"2671\" data-end=\"2761\"><strong data-start=\"2671\" data-end=\"2705\">Address for returns and complaints:<\/strong><\/p><p data-start=\"2671\" data-end=\"2761\">Sun and Shadow<\/p><p data-start=\"2671\" data-end=\"2761\">Golkowice 12<\/p><p data-start=\"2671\" data-end=\"2761\">46-220 Byczyna<\/p><p data-start=\"2671\" data-end=\"2761\">Poland<\/p><p data-start=\"2763\" data-end=\"2843\"><strong data-start=\"2763\" data-end=\"2775\">Contact:<\/strong><br data-start=\"2775\" data-end=\"2778\" \/>Email: <b>sklep@markoweokulary.pl<\/b><br data-start=\"2797\" data-end=\"2800\" \/>Service hours: <strong data-start=\"2817\" data-end=\"2843\">\u00a0Mon-Fri 11:00 am - 7:00 pm<\/strong><\/p>\t\t\t\t\t\t\t\t<\/div>\n\t\t\t\t\t<\/div>\n\t\t\t\t<\/div>\n\t\t\t\t<\/div>","protected":false},"excerpt":{"rendered":"<p>Zwroty i reklamacje \u00a0 1) Zwroty (odst\u0105pienie od umowy) Je\u015bli kupujesz jako konsument, masz prawo odst\u0105pi\u0107 od umowy w terminie 14 dni od otrzymania przesy\u0142ki \u2014 bez podawania przyczyny. \u00a0 Jak dokona\u0107 zwrotu Napisz do nas na sklep@markoweokulary.pl\u00a0z numerem zam\u00f3wienia. Otrzymasz kr\u00f3tk\u0105 instrukcj\u0119 zwrotu i adres do odes\u0142ania. Ode\u015blij produkt w terminie 14 dni od [&hellip;]<\/p>\n","protected":false},"author":1,"featured_media":0,"parent":0,"menu_order":0,"comment_status":"closed","ping_status":"closed","template":"","meta":{"_acf_changed":false,"footnotes":""},"class_list":["post-5104","page","type-page","status-publish","hentry"],"acf":[],"aioseo_notices":[],"_links":{"self":[{"href":"https:\/\/markoweokulary.pl\/en\/wp-json\/wp\/v2\/pages\/5104","targetHints":{"allow":["GET"]}}],"collection":[{"href":"https:\/\/markoweokulary.pl\/en\/wp-json\/wp\/v2\/pages"}],"about":[{"href":"https:\/\/markoweokulary.pl\/en\/wp-json\/wp\/v2\/types\/page"}],"author":[{"embeddable":true,"href":"https:\/\/markoweokulary.pl\/en\/wp-json\/wp\/v2\/users\/1"}],"replies":[{"embeddable":true,"href":"https:\/\/markoweokulary.pl\/en\/wp-json\/wp\/v2\/comments?post=5104"}],"version-history":[{"count":22,"href":"https:\/\/markoweokulary.pl\/en\/wp-json\/wp\/v2\/pages\/5104\/revisions"}],"predecessor-version":[{"id":8096,"href":"https:\/\/markoweokulary.pl\/en\/wp-json\/wp\/v2\/pages\/5104\/revisions\/8096"}],"wp:attachment":[{"href":"https:\/\/markoweokulary.pl\/en\/wp-json\/wp\/v2\/media?parent=5104"}],"curies":[{"name":"wp","href":"https:\/\/api.w.org\/{rel}","templated":true}]}}